{"id":591,"date":"2020-10-24T22:39:13","date_gmt":"2020-10-24T22:39:13","guid":{"rendered":"https:\/\/sdstylegroziosalonas.lt\/?page_id=591"},"modified":"2020-10-24T22:41:00","modified_gmt":"2020-10-24T22:41:00","slug":"pirkimo-ir-pardavimo-taisykles","status":"publish","type":"page","link":"https:\/\/sdstylegroziosalonas.lt\/index.php\/pirkimo-ir-pardavimo-taisykles\/","title":{"rendered":"Pirkimo ir pardavimo taisykl\u0117s"},"content":{"rendered":"\t\t<div data-elementor-type=\"wp-page\" data-elementor-id=\"591\" class=\"elementor elementor-591\">\n\t\t\t\t\t\t<section class=\"elementor-section elementor-top-section elementor-element elementor-element-3f44b3f elementor-section-boxed elementor-section-height-default elementor-section-height-default\" data-id=\"3f44b3f\" data-element_type=\"section\" data-e-type=\"section\">\n\t\t\t\t\t\t<div class=\"elementor-container elementor-column-gap-default\">\n\t\t\t\t\t<div class=\"elementor-column elementor-col-100 elementor-top-column elementor-element elementor-element-de49456\" data-id=\"de49456\" data-element_type=\"column\" data-e-type=\"column\">\n\t\t\t<div class=\"elementor-widget-wrap elementor-element-populated\">\n\t\t\t\t\t\t<div class=\"elementor-element elementor-element-234dc98 elementor-widget elementor-widget-text-editor\" data-id=\"234dc98\" data-element_type=\"widget\" data-e-type=\"widget\" data-widget_type=\"text-editor.default\">\n\t\t\t\t<div class=\"elementor-widget-container\">\n\t\t\t\t\t\t\t\t\t<p><strong>Pirkimo ir pardavimo taisykl\u0117s<\/strong><\/p><ol><li><strong>Bendrosios nuostatos<\/strong><\/li><\/ol><p>1.1. \u0160ios preki\u0173 pirkimo \u2013 pardavimo taisykl\u0117s (toliau \u2013 Taisykl\u0117s) yra privalomas teisinis dokumentas, kuris nustato Pirk\u0117jo ir Pardav\u0117jo teises, pareigas, atsakomyb\u0119, Pirk\u0117jo duomen\u0173 apsaug\u0105 bei tvark\u0105 Pirk\u0117jui \u012fsigyjant prekes <a href=\"http:\/\/www.sdstylegroziosalonas.lt\">www.sdstylegroziosalonas.lt<\/a> el. parduotuv\u0117je.<\/p><p>1.2. Pirkti el. parduotuv\u0117je <a href=\"http:\/\/www.sdstylegroziosalonas.lt\">www.sdstylegroziosalonas.lt<\/a> turi teis\u0119:<\/p><p>1.2.1. pilname\u010diai fiziniai asmenys, kuri\u0173 veiksnumas n\u0117ra apribotas teismo tvarka;<\/p><p>1.2.2. nepilname\u010diai nuo 14 iki 18 met\u0173 am\u017eiaus tik tur\u0117dami t\u0117v\u0173 arba r\u016bpintoj\u0173 sutikim\u0105, i\u0161skyrus tuos atvejus, kai jie savaranki\u0161kai disponuoja savo l\u0117\u0161omis;<\/p><p>1.2.3. juridiniai asmenys;<\/p><p>1.2.4. vis\u0173 auk\u0161\u010diau nurodyt\u0173 asmen\u0173 \u012fgaliotieji atstovai.<\/p><p>1.3. Sutartis tarp Pirk\u0117jo ir Pardav\u0117jo laikoma sudaryta nuo to momento, kai Pirk\u0117jas el. parduotuv\u0117je suformav\u0119s preki\u0173 krep\u0161el\u012f, nurod\u0119s pristatymo adres\u0105, susipa\u017ein\u0119s su Pardav\u0117jo Taisykl\u0117mis, patvirtina u\u017esakym\u0105. Pirk\u0117jas atlik\u0119s \u0161i\u0173 veiksm\u0173 sek\u0105 taip pat patvirtina, kad jis patenka \u012f asmen\u0173, turin\u010di\u0173 teis\u0119 pirkti el. parduotuv\u0117je (Taisykli\u0173 punktas 1.2.) s\u0105ra\u0161\u0105.<\/p><p>1.4. Kiekviena sutartis, sudaryta tarp Pirk\u0117jo ir Pardav\u0117jo, yra saugoma el. parduotuv\u0117je.<\/p><ol start=\"2\"><li><strong> Pirk\u0117jo teis\u0117s ir \u012fsipareigojimai<\/strong><\/li><\/ol><p>2.1. Pirk\u0117jas turi teis\u0119 pirkti prekes el. parduotuv\u0117je \u0161i\u0173 Taisykli\u0173 ir kitose \u0161ios el. parduotuv\u0117s informacijos skiltyse nustatyta tvarka.<\/p><p>2.2. Pirk\u0117jas \u012fsipareigoja priimti u\u017esakytas prekes ir u\u017e jas sumok\u0117ti sutart\u0105 kain\u0105.<\/p><p>2.3. Pirk\u0117jas, pateikdamas u\u017esakym\u0105, \u012fsipareigoja pateikti i\u0161samius ir teisingus duomenis. Pirk\u0117jas, nurod\u0119s neteisingus duomenis ir apie tai neinformav\u0119s pardav\u0117jo per 12 val. praranda teis\u0119 reik\u0161ti bet kokias pretenzijas d\u0117l u\u017esakymo vykdymo, netinkamo vykdymo ir\/ar nevykdymo.<\/p><p>2.4. Pirk\u0117jas, naudodamasis el. parduotuve, sutinka su \u0161iomis Taisykl\u0117mis ir \u012fsipareigoja j\u0173 laikytis bei nepa\u017eeisti LR teis\u0117s akt\u0173.<\/p><p>2.5. Pirk\u0117jas \u012fsipareigoja produktus naudoti pagal paskirt\u012f.<\/p><ol start=\"3\"><li><strong> Pardav\u0117jo teis\u0117s ir \u012fsipareigojimai<\/strong><\/li><\/ol><p>3.1. Pardav\u0117jas \u012fsipareigoja sudaryti visas s\u0105lygas Pirk\u0117jui tinkamai naudotis el. parduotuv\u0117s teikiamomis paslaugomis.<\/p><p>3.2. Susidarius svarbioms ir i\u0161 anksto nenumatytoms aplinkyb\u0117ms, Pardav\u0117jas gali laikinai arba i\u0161 viso nutraukti internetin\u0117s parduotuv\u0117s veikl\u0105, apie tai i\u0161 anksto neprane\u0161\u0119s Pirk\u0117jui.<\/p><p>3.3. Pardav\u0117jas turi teis\u0119 i\u0161 anksto neprane\u0161\u0119s Pirk\u0117jui anuliuoti jo u\u017esakym\u0105, jeigu Pirk\u0117jas, nesumoka u\u017e prekes per vien\u0105 darbo dien\u0105.<\/p><p>3.4. Pardav\u0117jas neatsako u\u017e preki\u0173 pristatymo termin\u0173 pa\u017eeidimus, jei jie atsitiko d\u0117l prekes pristatan\u010dio pa\u0161to ar kurjeri\u0173 tarnybos kalt\u0117s.<\/p><p>3.5. El. parduotuv\u0117 turi teis\u0119 atsisakyti sudarytos pirkimo-pardavimo sutarties, jei baig\u0117si sutartyje nurodyt\u0173 preki\u0173 atsargos, taip pat, jei sutartis buvo sudaryta asmens, kuris remiantis \u0161iomis Taisykl\u0117mis netur\u0117jo teis\u0117s sudaryti sutarties.<\/p><p>3.6. Pardav\u0117jas turi teis\u0119, be i\u0161ankstinio persp\u0117jimo, sustabdyti arba nutraukti Pirk\u0117jo u\u017esakymo registracij\u0105, vykdym\u0105 ir \/ ar naudojim\u0105si e. parduotuv\u0117s paslaugomis, jei yra pagrindo manyti, kad Pirk\u0117jas u\u017esiima neleistina veikla ar kitaip bando pakenkti Pardav\u0117jo e. parduotuv\u0117s darbui arba stabiliam veikimui.<\/p><p>3.7. Pardav\u0117jas turi teis\u0119 viena\u0161ali\u0161kai, be i\u0161ankstinio \u012fsp\u0117jimo savo nuo\u017ei\u016bra sustabdyti, pildyti, keisti \u0161ias Taisykles ir kitus su Taisykl\u0117mis susijusius dokumentus, apie tai informuodamas Pirk\u0117j\u0105 el. parduotuv\u0117je. Taisykli\u0173 papildymai ar pakeitimai \u012fsigalioja nuo j\u0173 paskelbimo dienos, t. y. nuo tos dienos, kai jie yra patalpinami internetin\u0117je svetain\u0117je.<\/p><ol start=\"4\"><li><strong> Preki\u0173 apra\u0161ymai, kaina, atsiskaitymo tvarka<\/strong><\/li><\/ol><p>4.1. Kiekvienos el. parduotuv\u0117je parduodamos prek\u0117s duomenys bendrai nurodomi prie kiekvienos prek\u0117s esan\u010diame prek\u0117s apra\u0161yme.<\/p><p>4.2. Preki\u0173 apra\u0161ymai bei instrukcijos Pardav\u0117jo pateikiami lietuvi\u0173 kalba. Preki\u0173 apra\u0161ymai yra verstiniai i\u0161 angl\u0173 bei rus\u0173 kalb\u0173, tod\u0117l ne visada tapat\u016bs preki\u0173 gamintojo pateikiamiems originalo kalba.<\/p><p>4.3. Pardav\u0117jas neatsako u\u017e tai, kad el. parduotuv\u0117je esan\u010dios prek\u0117s savo spalva, forma ar kitais parametrais gali neatitikti realaus preki\u0173 dyd\u017eio, form\u0173 ir spalvos d\u0117l Pirk\u0117jo naudojamo vaizduoklio ypatybi\u0173.<\/p><ol start=\"5\"><li><strong> Pirk\u0117jo ir pardav\u0117jo atsakomyb\u0117<\/strong><\/li><\/ol><p>5.1. Pirk\u0117jas yra visi\u0161kai atsakingas u\u017e Pirk\u0117jo pateikiam\u0173 asmens duomen\u0173 teisingum\u0105. Jei Pirk\u0117jas nepateikia tiksli\u0173 asmens duomen\u0173, Pardav\u0117jas neatsako u\u017e d\u0117l to atsiradusius padarinius ir \u012fgyja teis\u0119 reikalauti i\u0161 Pirk\u0117jo patirt\u0173 tiesiogini\u0173 nuostoli\u0173 atlyginimo.<\/p><p>5.2. Pirk\u0117jas atsako u\u017e veiksmus, atliktus naudojantis \u0161ia el. parduotuve.<\/p><p>5.3. Pardav\u0117jas atleid\u017eiamas nuo bet kokios atsakomyb\u0117s tais atvejais, kai nuostoliai kyla d\u0117l to, jog Pirk\u0117jas, neatsi\u017evelgdamas \u012f Pardav\u0117jo rekomendacijas ir Pirk\u0117jo \u012fsipareigojimus, nesusipa\u017eino su \u0161iomis Taisykl\u0117mis, nors tokia galimyb\u0117 jam buvo suteikta.<\/p><p>5.4. Jei Pardav\u0117jo el. parduotuv\u0117je yra nuorodos \u012f kit\u0173 \u012fmoni\u0173, \u012fstaig\u0173, organizacij\u0173 ar asmen\u0173 el. tinklalapius, Pardav\u0117jas n\u0117ra atsakingas u\u017e ten esan\u010di\u0105 informacij\u0105 ar vykdom\u0105 veikl\u0105, t\u0173 tinklapi\u0173 nepri\u017ei\u016bri, nekontroliuoja.<\/p><p>5.5. Atsiradus \u017ealai, kaltoji \u0160alis atlygina kitai \u0160aliai tiesioginius nuostolius, jei nuostoliai atsirado d\u0117l kitos \u0160alies kalties.<\/p><ol start=\"6\"><li><strong> Rinkodara ir informacija<\/strong><\/li><\/ol><p>6.1. Pardav\u0117jas savo nuo\u017ei\u016bra gali inicijuoti el. parduotuv\u0117je \u012fvairias akcijas.<\/p><p>6.2. Pardav\u0117jas turi teis\u0119 viena\u0161ali\u0161kai, be atskiro \u012fsp\u0117jimo, pakeisti akcij\u0173 s\u0105lygas, taip pat jas panaikinti. Bet koks akcij\u0173 s\u0105lyg\u0173 ir tvarkos pakeitimas ar panaikinimas galioja \u012f priek\u012f, t.y. nuo j\u0173 atlikimo momento.<\/p><p>6.3. Pirk\u0117jas visus prane\u0161imus ir klausimus siun\u010dia Pardav\u0117jo el. parduotuv\u0117s kontakt\u0173 skiltyje norodytais kontaktais.<\/p><p>6.4. Pardav\u0117jas neatsako, jei Pirk\u0117jas negauna siun\u010diam\u0173 informacini\u0173 ar patvirtinan\u010di\u0173 prane\u0161im\u0173 d\u0117l internetinio ry\u0161io, elektroninio pa\u0161to paslaug\u0173 tiek\u0117j\u0173 tinkl\u0173 sutrikim\u0173.<\/p><ol start=\"7\"><li><strong> Baigiamosios nuostatos<\/strong><\/li><\/ol><p>7.1. Jeigu Pirk\u0117jas nesutinka su nauja Taisykli\u0173 redakcija, daliniais papildymais, pakeitimais, Pirk\u0117jas turi teis\u0119 j\u0173 atsisakyti informuodamas kontakt\u0173 skiltyje norodytu el. pa\u0161tu, su s\u0105lyga, kad praranda teis\u0119 naudotis e. parduotuv\u0117s paslaugomis.<\/p><p>7.2. Jei po Taisykli\u0173 papildymo ar pakeitimo Pirk\u0117jas ir toliau naudojasi internetin\u0117s parduotuv\u0117s teikiamomis paslaugomis, laikoma, kad Pirk\u0117jas sutinka su nauja redakcija.<\/p><p>7.3. Visi nesutarimai, kil\u0119 d\u0117l \u0161i\u0173 Taisykli\u0173 vykdymo, sprend\u017eiami deryb\u0173 b\u016bdu. Nepavykus susitarti, gin\u010dai sprend\u017eiami LR teis\u0117s akt\u0173 nustatyta tvarka.<\/p><p>7.4. Nei viena i\u0161 \u0160ali\u0173 neatsako u\u017e visi\u0161k\u0105 arba dalin\u012f savo \u012fsipareigojim\u0173 nevykdym\u0105 pagal \u0161i\u0105 Sutart\u012f, jeigu tai buvo s\u0105lygota prie\u017eas\u010di\u0173, kurios, vadovaujantis Lietuvos Respublikos teis\u0117s aktais, laikomos nenugalimos j\u0117gos aplinkyb\u0117mis. \u0160alis, kuri d\u0117l nenugalimos j\u0117gos (Force Majeure) aplinkybi\u0173 negali vykdyti prisiimt\u0173 \u012fsipareigojim\u0173, privalo nedelsiant el. pa\u0161tu prane\u0161ti kitai \u0160aliai apie nenugalimos j\u0117gos aplinkyb\u0117s atsiradim\u0105 bei jos \u012ftak\u0105 Sutarties \u012fvykdymui ir pasibaigimui. \u0160alis, neprane\u0161usi nedelsiant kitai \u0160aliai apie aplinkybes, negali jomis remtis kaip atleidimo nuo atsakomyb\u0117s u\u017e Sutarties ne\u012fvykdym\u0105 pagrindu.<\/p>\t\t\t\t\t\t\t\t<\/div>\n\t\t\t\t<\/div>\n\t\t\t\t\t<\/div>\n\t\t<\/div>\n\t\t\t\t\t<\/div>\n\t\t<\/section>\n\t\t\t\t<\/div>\n\t\t","protected":false},"excerpt":{"rendered":"<p>Pirkimo ir pardavimo taisykl\u0117s Bendrosios nuostatos 1.1. \u0160ios preki\u0173 pirkimo \u2013 pardavimo taisykl\u0117s (toliau \u2013 Taisykl\u0117s) yra privalomas teisinis dokumentas, kuris nustato Pirk\u0117jo ir Pardav\u0117jo teises, pareigas, atsakomyb\u0119, Pirk\u0117jo duomen\u0173 apsaug\u0105 bei tvark\u0105 Pirk\u0117jui \u012fsigyjant prekes www.sdstylegroziosalonas.lt el. parduotuv\u0117je. 1.2. Pirkti el. parduotuv\u0117je www.sdstylegroziosalonas.lt turi teis\u0119: 1.2.1. pilname\u010diai fiziniai asmenys, kuri\u0173 veiksnumas n\u0117ra apribotas teismo [&hellip;]<\/p>\n","protected":false},"author":1,"featured_media":0,"parent":0,"menu_order":0,"comment_status":"closed","ping_status":"closed","template":"","meta":{"site-sidebar-layout":"default","site-content-layout":"","ast-site-content-layout":"","site-content-style":"default","site-sidebar-style":"default","ast-global-header-display":"","ast-banner-title-visibility":"","ast-main-header-display":"","ast-hfb-above-header-display":"","ast-hfb-below-header-display":"","ast-hfb-mobile-header-display":"","site-post-title":"","ast-breadcrumbs-content":"","ast-featured-img":"","footer-sml-layout":"","theme-transparent-header-meta":"","adv-header-id-meta":"","stick-header-meta":"","header-above-stick-meta":"","header-main-stick-meta":"","header-below-stick-meta":"","astra-migrate-meta-layouts":"default","ast-page-background-enabled":"default","ast-page-background-meta":{"desktop":{"background-color":"var(--ast-global-color-4)","background-image":"","background-repeat":"repeat","background-position":"center center","background-size":"auto","background-attachment":"scroll","background-type":"","background-media":"","overlay-type":"","overlay-color":"","overlay-gradient":""},"tablet":{"background-color":"","background-image":"","background-repeat":"repeat","background-position":"center center","background-size":"auto","background-attachment":"scroll","background-type":"","background-media":"","overlay-type":"","overlay-color":"","overlay-gradient":""},"mobile":{"background-color":"","background-image":"","background-repeat":"repeat","background-position":"center center","background-size":"auto","background-attachment":"scroll","background-type":"","background-media":"","overlay-type":"","overlay-color":"","overlay-gradient":""}},"ast-content-background-meta":{"desktop":{"background-color":"var(--ast-global-color-5)","background-image":"","background-repeat":"repeat","background-position":"center center","background-size":"auto","background-attachment":"scroll","background-type":"","background-media":"","overlay-type":"","overlay-color":"","overlay-gradient":""},"tablet":{"background-color":"var(--ast-global-color-5)","background-image":"","background-repeat":"repeat","background-position":"center center","background-size":"auto","background-attachment":"scroll","background-type":"","background-media":"","overlay-type":"","overlay-color":"","overlay-gradient":""},"mobile":{"background-color":"var(--ast-global-color-5)","background-image":"","background-repeat":"repeat","background-position":"center center","background-size":"auto","background-attachment":"scroll","background-type":"","background-media":"","overlay-type":"","overlay-color":"","overlay-gradient":""}},"footnotes":""},"class_list":["post-591","page","type-page","status-publish","hentry"],"_links":{"self":[{"href":"https:\/\/sdstylegroziosalonas.lt\/index.php\/wp-json\/wp\/v2\/pages\/591","targetHints":{"allow":["GET"]}}],"collection":[{"href":"https:\/\/sdstylegroziosalonas.lt\/index.php\/wp-json\/wp\/v2\/pages"}],"about":[{"href":"https:\/\/sdstylegroziosalonas.lt\/index.php\/wp-json\/wp\/v2\/types\/page"}],"author":[{"embeddable":true,"href":"https:\/\/sdstylegroziosalonas.lt\/index.php\/wp-json\/wp\/v2\/users\/1"}],"replies":[{"embeddable":true,"href":"https:\/\/sdstylegroziosalonas.lt\/index.php\/wp-json\/wp\/v2\/comments?post=591"}],"version-history":[{"count":0,"href":"https:\/\/sdstylegroziosalonas.lt\/index.php\/wp-json\/wp\/v2\/pages\/591\/revisions"}],"wp:attachment":[{"href":"https:\/\/sdstylegroziosalonas.lt\/index.php\/wp-json\/wp\/v2\/media?parent=591"}],"curies":[{"name":"wp","href":"https:\/\/api.w.org\/{rel}","templated":true}]}}