{"id":595,"date":"2020-10-24T22:41:47","date_gmt":"2020-10-24T22:41:47","guid":{"rendered":"https:\/\/sdstylegroziosalonas.lt\/?page_id=595"},"modified":"2020-10-24T22:42:28","modified_gmt":"2020-10-24T22:42:28","slug":"grazinimo-politika","status":"publish","type":"page","link":"https:\/\/sdstylegroziosalonas.lt\/index.php\/grazinimo-politika\/","title":{"rendered":"Gr\u0105\u017einimo politika"},"content":{"rendered":"\t\t<div data-elementor-type=\"wp-page\" data-elementor-id=\"595\" class=\"elementor elementor-595\">\n\t\t\t\t\t\t<section class=\"elementor-section elementor-top-section elementor-element elementor-element-81300b3 elementor-section-boxed elementor-section-height-default elementor-section-height-default\" data-id=\"81300b3\" data-element_type=\"section\" data-e-type=\"section\">\n\t\t\t\t\t\t<div class=\"elementor-container elementor-column-gap-default\">\n\t\t\t\t\t<div class=\"elementor-column elementor-col-100 elementor-top-column elementor-element elementor-element-14586ed\" data-id=\"14586ed\" data-element_type=\"column\" data-e-type=\"column\">\n\t\t\t<div class=\"elementor-widget-wrap elementor-element-populated\">\n\t\t\t\t\t\t<div class=\"elementor-element elementor-element-155c190 elementor-widget elementor-widget-text-editor\" data-id=\"155c190\" data-element_type=\"widget\" data-e-type=\"widget\" data-widget_type=\"text-editor.default\">\n\t\t\t\t<div class=\"elementor-widget-container\">\n\t\t\t\t\t\t\t\t\t<h2><strong>Gr\u0105\u017einimo politika<\/strong><\/h2><p>Internetu pirktos kokybi\u0161kos prek\u0117s gali b\u016bti gr\u0105\u017einamos per 14\u00a0<strong>(keturiolika)\u00a0<\/strong>dien\u0173\u00a0nuo preki\u0173 pristatymo pirk\u0117jui dienos.<\/p><p><strong>Gr\u0105\u017einant prekes b\u016btina laikytis \u0161i\u0173 s\u0105lyg\u0173:<\/strong><\/p><p>\u00a0\u00a0\u00a0\u00a0\u00a0\u00a0\u00a0\u00a0\u00a0\u00a0\u00a0\u00a0<strong>\u00a0&#8211;<\/strong>\u00a0gr\u0105\u017einama prek\u0117 turi b\u016bti originalioje tvarkingoje pakuot\u0117je;<\/p><p>\u00a0\u00a0\u00a0\u00a0\u00a0\u00a0\u00a0\u00a0\u00a0\u00a0\u00a0\u00a0<strong>\u00a0&#8211;<\/strong>\u00a0prek\u0117 turi b\u016bti pirk\u0117jo nesugadinta;<\/p><p>\u00a0\u00a0\u00a0\u00a0\u00a0\u00a0\u00a0\u00a0\u00a0\u00a0\u00a0\u00a0\u00a0<strong>&#8211;<\/strong>\u00a0prek\u0117 turi b\u016bti nenaudota, nepraradusi prekin\u0117s i\u0161vaizdos (nepa\u017eeistos etiket\u0117s bei apsaugin\u0117s pl\u0117vel\u0117s ir kt.);<\/p><p>\u00a0\u00a0\u00a0\u00a0\u00a0\u00a0\u00a0\u00a0\u00a0\u00a0\u00a0\u00a0<strong>\u00a0&#8211;<\/strong>\u00a0gr\u0105\u017einama prek\u0117 turi b\u016bti tos pa\u010dios sud\u0117ties, kokios buvo pirk\u0117jo gauta &#8211; kartu turi b\u016bti gr\u0105\u017einamos ir u\u017e pirkin\u012f gautos dovanos.<\/p><p>\u00a0Jei prie\u0161 tai i\u0161vardintos s\u0105lygos yra \u012fvykdytos, tur\u0117tum\u0117te u\u017epildyti pra\u0161ym\u0105, gr\u0105\u017einti prek\u0119 ir atsi\u0173sti j\u012f el.pa\u0161tu<strong>\u00a0<\/strong><strong>sdstylegroziosalonas@mail.ru<\/strong><\/p><p>Gra\u017einama tik prek\u0117s kaina, siuntimo i\u0161laidos nekompensuojamos.<\/p><p>Gav\u0119 j\u016bs\u0173 pra\u0161ym\u0105, su jumis susisieksime per 2 darbo dienas ir susiderinsime prek\u0117s gr\u0105\u017einimo detales. Gav\u0119 prek\u0119 ir \u012fsitikin\u0119, kad prek\u0117 yra nenaudota, per 3 d.d. gr\u0105\u017einsime pinigus \u012f j\u016bs\u0173 nurodyt\u0105 s\u0105skait\u0105.<\/p><p>Nekokybi\u0161kos prek\u0117s gr\u0105\u017einamos vadovaujantis \u016bkio ministro 2001 m. bir\u017eelio 29 d. \u012fsakymu Nr. 217 \u201eD\u0117l Daikt\u0173 gr\u0105\u017einimo ir keitimo taisykli\u0173 patvirtinimo\u201c patvirtintomis Daikt\u0173 gr\u0105\u017einimo ir keitimo taisykl\u0117mis.<\/p><p>\u00a0<\/p>\t\t\t\t\t\t\t\t<\/div>\n\t\t\t\t<\/div>\n\t\t\t\t\t<\/div>\n\t\t<\/div>\n\t\t\t\t\t<\/div>\n\t\t<\/section>\n\t\t\t\t<\/div>\n\t\t","protected":false},"excerpt":{"rendered":"<p>Gr\u0105\u017einimo politika Internetu pirktos kokybi\u0161kos prek\u0117s gali b\u016bti gr\u0105\u017einamos per 14&nbsp;(keturiolika)&nbsp;dien\u0173&nbsp;nuo preki\u0173 pristatymo pirk\u0117jui dienos. Gr\u0105\u017einant prekes b\u016btina laikytis \u0161i\u0173 s\u0105lyg\u0173: &nbsp;&nbsp;&nbsp;&nbsp;&nbsp;&nbsp;&nbsp;&nbsp;&nbsp;&nbsp;&nbsp;&nbsp;&nbsp;&#8211;&nbsp;gr\u0105\u017einama prek\u0117 turi b\u016bti originalioje tvarkingoje pakuot\u0117je; &nbsp;&nbsp;&nbsp;&nbsp;&nbsp;&nbsp;&nbsp;&nbsp;&nbsp;&nbsp;&nbsp;&nbsp;&nbsp;&#8211;&nbsp;prek\u0117 turi b\u016bti pirk\u0117jo nesugadinta; &nbsp;&nbsp;&nbsp;&nbsp;&nbsp;&nbsp;&nbsp;&nbsp;&nbsp;&nbsp;&nbsp;&nbsp;&nbsp;&#8211;&nbsp;prek\u0117 turi b\u016bti nenaudota, nepraradusi prekin\u0117s i\u0161vaizdos (nepa\u017eeistos etiket\u0117s bei apsaugin\u0117s pl\u0117vel\u0117s ir kt.); &nbsp;&nbsp;&nbsp;&nbsp;&nbsp;&nbsp;&nbsp;&nbsp;&nbsp;&nbsp;&nbsp;&nbsp;&nbsp;&#8211;&nbsp;gr\u0105\u017einama prek\u0117 turi b\u016bti tos pa\u010dios sud\u0117ties, kokios [&hellip;]<\/p>\n","protected":false},"author":1,"featured_media":0,"parent":0,"menu_order":0,"comment_status":"closed","ping_status":"closed","template":"","meta":{"site-sidebar-layout":"default","site-content-layout":"","ast-site-content-layout":"","site-content-style":"default","site-sidebar-style":"default","ast-global-header-display":"","ast-banner-title-visibility":"","ast-main-header-display":"","ast-hfb-above-header-display":"","ast-hfb-below-header-display":"","ast-hfb-mobile-header-display":"","site-post-title":"","ast-breadcrumbs-content":"","ast-featured-img":"","footer-sml-layout":"","theme-transparent-header-meta":"","adv-header-id-meta":"","stick-header-meta":"","header-above-stick-meta":"","header-main-stick-meta":"","header-below-stick-meta":"","astra-migrate-meta-layouts":"default","ast-page-background-enabled":"default","ast-page-background-meta":{"desktop":{"background-color":"var(--ast-global-color-4)","background-image":"","background-repeat":"repeat","background-position":"center center","background-size":"auto","background-attachment":"scroll","background-type":"","background-media":"","overlay-type":"","overlay-color":"","overlay-gradient":""},"tablet":{"background-color":"","background-image":"","background-repeat":"repeat","background-position":"center center","background-size":"auto","background-attachment":"scroll","background-type":"","background-media":"","overlay-type":"","overlay-color":"","overlay-gradient":""},"mobile":{"background-color":"","background-image":"","background-repeat":"repeat","background-position":"center center","background-size":"auto","background-attachment":"scroll","background-type":"","background-media":"","overlay-type":"","overlay-color":"","overlay-gradient":""}},"ast-content-background-meta":{"desktop":{"background-color":"var(--ast-global-color-5)","background-image":"","background-repeat":"repeat","background-position":"center center","background-size":"auto","background-attachment":"scroll","background-type":"","background-media":"","overlay-type":"","overlay-color":"","overlay-gradient":""},"tablet":{"background-color":"var(--ast-global-color-5)","background-image":"","background-repeat":"repeat","background-position":"center center","background-size":"auto","background-attachment":"scroll","background-type":"","background-media":"","overlay-type":"","overlay-color":"","overlay-gradient":""},"mobile":{"background-color":"var(--ast-global-color-5)","background-image":"","background-repeat":"repeat","background-position":"center center","background-size":"auto","background-attachment":"scroll","background-type":"","background-media":"","overlay-type":"","overlay-color":"","overlay-gradient":""}},"footnotes":""},"class_list":["post-595","page","type-page","status-publish","hentry"],"_links":{"self":[{"href":"https:\/\/sdstylegroziosalonas.lt\/index.php\/wp-json\/wp\/v2\/pages\/595","targetHints":{"allow":["GET"]}}],"collection":[{"href":"https:\/\/sdstylegroziosalonas.lt\/index.php\/wp-json\/wp\/v2\/pages"}],"about":[{"href":"https:\/\/sdstylegroziosalonas.lt\/index.php\/wp-json\/wp\/v2\/types\/page"}],"author":[{"embeddable":true,"href":"https:\/\/sdstylegroziosalonas.lt\/index.php\/wp-json\/wp\/v2\/users\/1"}],"replies":[{"embeddable":true,"href":"https:\/\/sdstylegroziosalonas.lt\/index.php\/wp-json\/wp\/v2\/comments?post=595"}],"version-history":[{"count":0,"href":"https:\/\/sdstylegroziosalonas.lt\/index.php\/wp-json\/wp\/v2\/pages\/595\/revisions"}],"wp:attachment":[{"href":"https:\/\/sdstylegroziosalonas.lt\/index.php\/wp-json\/wp\/v2\/media?parent=595"}],"curies":[{"name":"wp","href":"https:\/\/api.w.org\/{rel}","templated":true}]}}