{"id":8,"date":"2018-12-28T20:52:45","date_gmt":"2018-12-28T20:52:45","guid":{"rendered":"https:\/\/futuriodemos.com\/woocommerce-shoes-pro\/?page_id=8"},"modified":"2022-03-17T13:12:12","modified_gmt":"2022-03-17T13:12:12","slug":"pagrindinis","status":"publish","type":"page","link":"https:\/\/sdstylegroziosalonas.lt\/index.php\/pagrindinis\/","title":{"rendered":"Pagrindinis"},"content":{"rendered":"\t\t<div data-elementor-type=\"wp-post\" data-elementor-id=\"8\" class=\"elementor elementor-8\">\n\t\t\t\t\t\t<section class=\"elementor-section elementor-top-section elementor-element elementor-element-fa444f7 elementor-section-full_width elementor-section-height-default elementor-section-height-default\" data-id=\"fa444f7\" data-element_type=\"section\" data-e-type=\"section\">\n\t\t\t\t\t\t<div class=\"elementor-container elementor-column-gap-no\">\n\t\t\t\t\t<div class=\"elementor-column elementor-col-100 elementor-top-column elementor-element elementor-element-1b4c35b\" data-id=\"1b4c35b\" data-element_type=\"column\" data-e-type=\"column\">\n\t\t\t<div class=\"elementor-widget-wrap\">\n\t\t\t\t\t\t\t<\/div>\n\t\t<\/div>\n\t\t\t\t\t<\/div>\n\t\t<\/section>\n\t\t\t\t<section class=\"elementor-section elementor-top-section elementor-element elementor-element-28723a4 elementor-section-stretched elementor-section-boxed elementor-section-height-default elementor-section-height-default\" data-id=\"28723a4\" data-element_type=\"section\" data-e-type=\"section\" data-settings=\"{&quot;stretch_section&quot;:&quot;section-stretched&quot;}\">\n\t\t\t\t\t\t<div class=\"elementor-container elementor-column-gap-default\">\n\t\t\t\t\t<div class=\"elementor-column elementor-col-50 elementor-top-column elementor-element elementor-element-434d13e\" data-id=\"434d13e\" data-element_type=\"column\" data-e-type=\"column\">\n\t\t\t<div class=\"elementor-widget-wrap elementor-element-populated\">\n\t\t\t\t\t\t<div class=\"elementor-element elementor-element-e555228 elementor-widget elementor-widget-woofilters\" data-id=\"e555228\" data-element_type=\"widget\" data-e-type=\"widget\" data-settings=\"{&quot;_animation&quot;:&quot;none&quot;}\" data-widget_type=\"woofilters.default\">\n\t\t\t\t<div class=\"elementor-widget-container\">\n\t\t\t\t\t\t\t<div class=\"elementor-woofilters\"><style type=\"text\/css\" id=\"wpfCustomCss-1_721161\">#wpfMainWrapper-1_721161{position:relative;width:100%;}#wpfMainWrapper-1_721161 .wpfFilterWrapper {visibility:hidden;width:100%;}#wpfBlock_2 .wpfFilterVerScroll {max-height:200px;}#wpfMainWrapper-1_721161 .wpfLoaderLayout {position:absolute;top:0;bottom:0;left:0;right:0;background-color: rgba(255, 255, 255, 0.9);z-index: 999;}#wpfMainWrapper-1_721161 .wpfLoaderLayout i {position:absolute;z-index:9;top:50%;left:50%;margin-top:-30px;margin-left:-30px;color:rgba(0,0,0,.9);}<\/style><div class=\"wpfMainWrapper\" id=\"wpfMainWrapper-1_721161\" data-viewid=\"1_721161\" data-filter=\"1\" data-settings=\"{&quot;posts_per_page&quot;:&quot;12&quot;,&quot;posts_per_row&quot;:&quot;&quot;,&quot;paged&quot;:1,&quot;base&quot;:&quot;\\\/index.php\\\/wp-json\\\/wp\\\/v2\\\/pages\\\/8?product-page=%#%&quot;,&quot;format &quot;:&quot;?product-page=%#%&quot;,&quot;page_id&quot;:8,&quot;paginate_base&quot;:&quot;page&quot;,&quot;paginate_type&quot;:&quot;url&quot;}\" data-default-query=\"\" data-filter-settings=\"{&quot;settings&quot;:{&quot;filter_width&quot;:&quot;100&quot;,&quot;filter_width_in&quot;:&quot;%&quot;,&quot;filter_width_mobile&quot;:&quot;100&quot;,&quot;filter_width_in_mobile&quot;:&quot;%&quot;,&quot;filter_block_width&quot;:&quot;100&quot;,&quot;filter_block_width_in&quot;:&quot;%&quot;,&quot;filter_block_width_mobile&quot;:&quot;100&quot;,&quot;filter_block_width_in_mobile&quot;:&quot;%&quot;,&quot;filter_block_height&quot;:&quot;&quot;,&quot;padding_child_list&quot;:&quot;&quot;,&quot;css_editor&quot;:&quot;&quot;,&quot;js_editor&quot;:&quot;&quot;,&quot;disable_plugin_styles&quot;:&quot;0&quot;,&quot;display_on_page&quot;:&quot;both&quot;,&quot;display_on_page_shortcode&quot;:&quot;0&quot;,&quot;display_for&quot;:&quot;both&quot;,&quot;force_show_current&quot;:&quot;0&quot;,&quot;desctop_mobile_breakpoint_switcher&quot;:&quot;0&quot;,&quot;desctop_mobile_breakpoint_width&quot;:&quot;50&quot;,&quot;hide_without_products&quot;:&quot;0&quot;,&quot;count_product_shop&quot;:&quot;0&quot;,&quot;columns_product_shop&quot;:&quot;0&quot;,&quot;enable_ajax&quot;:&quot;1&quot;,&quot;remove_actions&quot;:&quot;0&quot;,&quot;display_status_private&quot;:&quot;0&quot;,&quot;product_list_selector&quot;:&quot;&quot;,&quot;product_container_selector&quot;:&quot;&quot;,&quot;force_theme_templates&quot;:&quot;0&quot;,&quot;recalculate_filters&quot;:&quot;0&quot;,&quot;do_not_use_shortcut&quot;:&quot;0&quot;,&quot;show_filtering_button&quot;:&quot;1&quot;,&quot;filtering_button_word&quot;:&quot;Filtruoti&quot;,&quot;auto_update_filter&quot;:&quot;0&quot;,&quot;show_clean_button&quot;:&quot;0&quot;,&quot;show_clean_button_word&quot;:&quot;Clear&quot;,&quot;reset_all_filters&quot;:&quot;0&quot;,&quot;main_buttons_position&quot;:&quot;bottom&quot;,&quot;main_buttons_order&quot;:&quot;left&quot;,&quot;all_products_filtering&quot;:&quot;0&quot;,&quot;show_clean_block&quot;:&quot;0&quot;,&quot;show_clean_block_word&quot;:&quot;Clear&quot;,&quot;filter_recount&quot;:&quot;0&quot;,&quot;filter_recount_price&quot;:&quot;0&quot;,&quot;filter_null_disabled&quot;:&quot;0&quot;,&quot;sort_by_title&quot;:&quot;0&quot;,&quot;checked_items_top&quot;:&quot;0&quot;,&quot;checked_items_bold&quot;:&quot;0&quot;,&quot;text_no_products&quot;:&quot;No products found&quot;,&quot;filtering_by_variations&quot;:&quot;0&quot;,&quot;hide_filter_icon&quot;:&quot;1&quot;,&quot;use_title_as_slug&quot;:&quot;0&quot;,&quot;use_category_filtration&quot;:&quot;1&quot;,&quot;check_get_names&quot;:&quot;0&quot;,&quot;f_multi_logic&quot;:&quot;and&quot;,&quot;third_party_prefilter&quot;:&quot;0&quot;,&quot;filter_loader_icon_onload_enable&quot;:&quot;1&quot;,&quot;filter_loader_icon_color&quot;:&quot;#000000&quot;,&quot;filter_loader_icon_name&quot;:&quot;default&quot;,&quot;filter_loader_icon_number&quot;:&quot;0&quot;,&quot;enable_overlay&quot;:&quot;0&quot;,&quot;overlay_background&quot;:&quot;&quot;,&quot;enable_overlay_icon&quot;:&quot;0&quot;,&quot;enable_overlay_word&quot;:&quot;0&quot;,&quot;overlay_word&quot;:&quot;WooBeWoo&quot;,&quot;filters&quot;:{&quot;order&quot;:&quot;[{\\&quot;id\\&quot;:\\&quot;wpfPrice\\&quot;,\\&quot;uniqId\\&quot;:\\&quot;wpf_4s1et462k\\&quot;,\\&quot;name\\&quot;:\\&quot;\\&quot;,\\&quot;settings\\&quot;:{\\&quot;f_enable\\&quot;:true,\\&quot;f_title\\&quot;:\\&quot;Price\\&quot;,\\&quot;f_name\\&quot;:\\&quot;Price\\&quot;,\\&quot;f_enable_title\\&quot;:\\&quot;no\\&quot;,\\&quot;f_enable_title_mobile\\&quot;:\\&quot;no\\&quot;,\\&quot;f_skin_type\\&quot;:\\&quot;default\\&quot;,\\&quot;f_show_inputs\\&quot;:true,\\&quot;f_currency_position\\&quot;:\\&quot;before\\&quot;,\\&quot;f_currency_show_as\\&quot;:\\&quot;symbol\\&quot;,\\&quot;f_price_tooltip_show_as\\&quot;:true}},{\\&quot;id\\&quot;:\\&quot;wpfCategory\\&quot;,\\&quot;uniqId\\&quot;:\\&quot;wpf_s06bbtkyh\\&quot;,\\&quot;name\\&quot;:\\&quot;filter_cat\\&quot;,\\&quot;settings\\&quot;:{\\&quot;f_enable\\&quot;:true,\\&quot;f_title\\&quot;:\\&quot;Product categories\\&quot;,\\&quot;f_name\\&quot;:\\&quot;Product categories\\&quot;,\\&quot;f_enable_title\\&quot;:\\&quot;no\\&quot;,\\&quot;f_enable_title_mobile\\&quot;:\\&quot;no\\&quot;,\\&quot;f_frontend_type\\&quot;:\\&quot;list\\&quot;,\\&quot;f_show_hierarchical\\&quot;:false,\\&quot;f_hide_parent\\&quot;:false,\\&quot;f_multi_logic_hierarchical\\&quot;:\\&quot;any\\&quot;,\\&quot;f_extend_parent_filtering\\&quot;:true,\\&quot;f_custom_tags\\&quot;:false,\\&quot;f_custom_tags_settings[header]\\&quot;:\\&quot;0\\&quot;,\\&quot;f_custom_tags_settings[title_1]\\&quot;:\\&quot;0\\&quot;,\\&quot;f_custom_tags_settings[title_2]\\&quot;:\\&quot;0\\&quot;,\\&quot;f_custom_tags_settings[title_3]\\&quot;:\\&quot;0\\&quot;,\\&quot;f_sort_by\\&quot;:\\&quot;asc\\&quot;,\\&quot;f_order_custom\\&quot;:false,\\&quot;f_show_count\\&quot;:false,\\&quot;f_show_count_parent_with_children\\&quot;:false,\\&quot;f_hide_empty\\&quot;:false,\\&quot;f_hide_empty_active\\&quot;:false,\\&quot;f_mlist[]\\&quot;:\\&quot;\\&quot;,\\&quot;\\&quot;:\\&quot;Select Some Options\\&quot;,\\&quot;f_mlist_with_children\\&quot;:false,\\&quot;f_hidden_categories\\&quot;:false,\\&quot;f_filtered_by_selected\\&quot;:false,\\&quot;f_show_search_input\\&quot;:false,\\&quot;f_hide_taxonomy\\&quot;:false,\\&quot;f_show_all_categories\\&quot;:false,\\&quot;f_layout\\&quot;:\\&quot;ver\\&quot;,\\&quot;f_ver_columns\\&quot;:\\&quot;1\\&quot;,\\&quot;f_max_height\\&quot;:\\&quot;200\\&quot;}}]&quot;,&quot;preselect&quot;:&quot;&quot;},&quot;shop_base_url&quot;:&quot;https:\\\/\\\/sdstylegroziosalonas.lt\\\/index.php\\\/shop\\\/&quot;}}\" data-nowoo=\"true\"><div class=\"wpfFilterWrapper wpfNotActive\" id=\"wpfBlock_1\" data-order-key=\"0\"  data-filter-type=\"wpfPrice\" data-get-attribute=\"wpf_min_price,wpf_max_price,tax\" data-content-type=\"meta\" data-slug=\"price\" data-uniq-id=\"wpf_4s1et462k\" data-price-skin=\"default\" data-minvalue=\"8\" data-maxvalue=\"32\"><div class=\"wpfVisibleBufferMin wpfVisibilityHidden\"><\/div><div class=\"wpfVisibleBufferMax wpfVisibilityHidden\"><\/div><div class=\"wpfFilterContent\"><div id=\"wpfSliderRange\" class=\"wpfPriceFilterRange\"><\/div><div class=\"wpfPriceInputs\"><span class=\"wpfCurrencySymbol\">&euro;<\/span><label class=\"wpfSrOnly\" for=\"wpfMinPrice\">Minimum Price<\/label><input readonly type=\"number\" min=\"8\" max=\"31\" id=\"wpfMinPrice\" class=\"wpfPriceRangeField wpfPriceTooltipShowAsText\" value=\"8\" \/><span class=\"wpfFilterDelimeter\"> - <\/span><label class=\"wpfSrOnly\" for=\"wpfMaxPrice\">Maximum Price<\/label><input readonly type=\"number\"  min=\"8\" max=\"32\" id=\"wpfMaxPrice\" class=\"wpfPriceRangeField wpfPriceTooltipShowAsText\" value=\"32\" \/> <input readonly type=\"hidden\" id=\"wpfDataStep\" value=\"1\" \/><\/div><\/div><\/div><div class=\"wpfFilterWrapper wpfNotActive\" id=\"wpfBlock_2\" data-order-key=\"1\"  data-filter-type=\"wpfCategory\" data-get-attribute=\"wpf_filter_cat_1\" data-display-type=\"list\" data-content-type=\"taxonomy\" data-slug=\"category\" data-uniq-id=\"wpf_s06bbtkyh\" data-radio=\"1\" data-query-logic=\"or\" data-logic-hierarchical=\"any\" data-query-children=\"1\" data-show-hierarchical=\"false\" data-taxonomy=\"product_cat\" data-hide-active=\"0\" data-show-all=\"0\" data-use-slugs=\"0\"><div class=\"wpfFilterContent\"><div class=\"wpfCheckboxHier\"><ul class=\"wpfFilterVerScroll\"><li class=\"editablecat\" data-term-id=\"15\" data-parent=\"0\" data-term-slug=\"be-kategorijos\"><label class=\"wpfLiLabel\"><span class=\"wpfCheckbox\"><input type=\"checkbox\" id=\"wpfTaxonomyInputCheckbox1582871\" ><label aria-label=\"Be kategorijos\" for=\"wpfTaxonomyInputCheckbox1582871\"><\/label><\/span><span class=\"wpfDisplay\"><span class=\"wpfValue\"><span class=\"wpfFilterTaxNameWrapper\">Be kategorijos<\/span><\/span><\/span><\/label><\/li><li class=\"editablecat\" data-term-id=\"35\" data-parent=\"0\" data-term-slug=\"formavimo-priemones\"><label class=\"wpfLiLabel\"><span class=\"wpfCheckbox\"><input type=\"checkbox\" id=\"wpfTaxonomyInputCheckbox3535866\" ><label aria-label=\"Formavimo priemon\u0117s\" for=\"wpfTaxonomyInputCheckbox3535866\"><\/label><\/span><span class=\"wpfDisplay\"><span class=\"wpfValue\"><span class=\"wpfFilterTaxNameWrapper\">Formavimo priemon\u0117s<\/span><\/span><\/span><\/label><\/li><li class=\"editablecat\" data-term-id=\"36\" data-parent=\"0\" data-term-slug=\"gydomosios-priemones\"><label class=\"wpfLiLabel\"><span class=\"wpfCheckbox\"><input type=\"checkbox\" id=\"wpfTaxonomyInputCheckbox3639962\" ><label aria-label=\"Gydomosios priemon\u0117s\" for=\"wpfTaxonomyInputCheckbox3639962\"><\/label><\/span><span class=\"wpfDisplay\"><span class=\"wpfValue\"><span class=\"wpfFilterTaxNameWrapper\">Gydomosios priemon\u0117s<\/span><\/span><\/span><\/label><\/li><li class=\"editablecat\" data-term-id=\"42\" data-parent=\"0\" data-term-slug=\"kaukes\"><label class=\"wpfLiLabel\"><span class=\"wpfCheckbox\"><input type=\"checkbox\" id=\"wpfTaxonomyInputCheckbox4228307\" ><label aria-label=\"Kauk\u0117s\" for=\"wpfTaxonomyInputCheckbox4228307\"><\/label><\/span><span class=\"wpfDisplay\"><span class=\"wpfValue\"><span class=\"wpfFilterTaxNameWrapper\">Kauk\u0117s<\/span><\/span><\/span><\/label><\/li><li class=\"editablecat\" data-term-id=\"43\" data-parent=\"0\" data-term-slug=\"kondicionieriai\"><label class=\"wpfLiLabel\"><span class=\"wpfCheckbox\"><input type=\"checkbox\" id=\"wpfTaxonomyInputCheckbox4318409\" ><label aria-label=\"Kondicionieriai\" for=\"wpfTaxonomyInputCheckbox4318409\"><\/label><\/span><span class=\"wpfDisplay\"><span class=\"wpfValue\"><span class=\"wpfFilterTaxNameWrapper\">Kondicionieriai<\/span><\/span><\/span><\/label><\/li><li class=\"editablecat\" data-term-id=\"33\" data-parent=\"0\" data-term-slug=\"papildomos-plauku-prieziuros-priemones\"><label class=\"wpfLiLabel\"><span class=\"wpfCheckbox\"><input type=\"checkbox\" id=\"wpfTaxonomyInputCheckbox3397393\" ><label aria-label=\"Papildomos plauk\u0173 prie\u017ei\u016bros priemon\u0117s\" for=\"wpfTaxonomyInputCheckbox3397393\"><\/label><\/span><span class=\"wpfDisplay\"><span class=\"wpfValue\"><span class=\"wpfFilterTaxNameWrapper\">Papildomos plauk\u0173 prie\u017ei\u016bros priemon\u0117s<\/span><\/span><\/span><\/label><\/li><li class=\"editablecat\" data-term-id=\"31\" data-parent=\"0\" data-term-slug=\"sampunai\"><label class=\"wpfLiLabel\"><span class=\"wpfCheckbox\"><input type=\"checkbox\" id=\"wpfTaxonomyInputCheckbox3138616\" ><label aria-label=\"\u0160amp\u016bnai\" for=\"wpfTaxonomyInputCheckbox3138616\"><\/label><\/span><span class=\"wpfDisplay\"><span class=\"wpfValue\"><span class=\"wpfFilterTaxNameWrapper\">\u0160amp\u016bnai<\/span><\/span><\/span><\/label><\/li><\/ul><\/div><\/div><\/div><div class=\"wpfFilterButtons wpfFilterButtonsBottom\"><button class=\"wpfFilterButton wpfButton\">Filtruoti<\/button><\/div><div class=\"wpfLoaderLayout\"><i class=\"fa fa-spinner fa-pulse fa-3x fa-fw\"><\/i><\/div><div class=\"wpfPreview wpfPreviewLoader wpfHidden\"><div class=\"woobewoo-filter-loader spinner\" ><\/div><\/div><\/div><\/div>\n\t\t\t\t\t\t<\/div>\n\t\t\t\t<\/div>\n\t\t\t\t\t<\/div>\n\t\t<\/div>\n\t\t\t\t<div class=\"elementor-column elementor-col-50 elementor-top-column elementor-element elementor-element-5df8ca6\" data-id=\"5df8ca6\" data-element_type=\"column\" data-e-type=\"column\">\n\t\t\t<div class=\"elementor-widget-wrap\">\n\t\t\t\t\t\t\t<\/div>\n\t\t<\/div>\n\t\t\t\t\t<\/div>\n\t\t<\/section>\n\t\t\t\t<\/div>\n\t\t","protected":false},"excerpt":{"rendered":"<p>Kosmetika \u0160amp\u016bnai, kondicionieriai, balzamai , kauk\u0117s ir kita Su\u017einoti daugiau &euro; &#8211; Aksesuarai Aromatic 89 Be kategorijos Dovan\u0173 \u012fd\u0117jos Formavimo priemon\u0117s Gydomosios priemon\u0117s Kauk\u0117s Kondicionieriai M\u016bs\u0173 draugai Papildomos plauk\u0173 prie\u017ei\u016bros priemon\u0117s Plauk\u0173 priemon\u0117s vyrams Priemon\u0117s k\u016bnui \u0160amp\u016bnai Tonavimo priemon\u0117s Vaikams Filtruoti K05 serumas (la\u0161iukai) nuo sauso galvos odos pleiskanojimo, pleiskan\u0173 prevencijai (50 ml), buteliuke [naudojimui [&hellip;]<\/p>\n","protected":false},"author":1,"featured_media":0,"parent":0,"menu_order":0,"comment_status":"closed","ping_status":"closed","template":"","meta":{"site-sidebar-layout":"default","site-content-layout":"","ast-site-content-layout":"","site-content-style":"default","site-sidebar-style":"default","ast-global-header-display":"","ast-banner-title-visibility":"","ast-main-header-display":"","ast-hfb-above-header-display":"","ast-hfb-below-header-display":"","ast-hfb-mobile-header-display":"","site-post-title":"","ast-breadcrumbs-content":"","ast-featured-img":"","footer-sml-layout":"","theme-transparent-header-meta":"","adv-header-id-meta":"","stick-header-meta":"","header-above-stick-meta":"","header-main-stick-meta":"","header-below-stick-meta":"","astra-migrate-meta-layouts":"default","ast-page-background-enabled":"default","ast-page-background-meta":{"desktop":{"background-color":"var(--ast-global-color-4)","background-image":"","background-repeat":"repeat","background-position":"center center","background-size":"auto","background-attachment":"scroll","background-type":"","background-media":"","overlay-type":"","overlay-color":"","overlay-gradient":""},"tablet":{"background-color":"","background-image":"","background-repeat":"repeat","background-position":"center center","background-size":"auto","background-attachment":"scroll","background-type":"","background-media":"","overlay-type":"","overlay-color":"","overlay-gradient":""},"mobile":{"background-color":"","background-image":"","background-repeat":"repeat","background-position":"center center","background-size":"auto","background-attachment":"scroll","background-type":"","background-media":"","overlay-type":"","overlay-color":"","overlay-gradient":""}},"ast-content-background-meta":{"desktop":{"background-color":"var(--ast-global-color-5)","background-image":"","background-repeat":"repeat","background-position":"center center","background-size":"auto","background-attachment":"scroll","background-type":"","background-media":"","overlay-type":"","overlay-color":"","overlay-gradient":""},"tablet":{"background-color":"var(--ast-global-color-5)","background-image":"","background-repeat":"repeat","background-position":"center center","background-size":"auto","background-attachment":"scroll","background-type":"","background-media":"","overlay-type":"","overlay-color":"","overlay-gradient":""},"mobile":{"background-color":"var(--ast-global-color-5)","background-image":"","background-repeat":"repeat","background-position":"center center","background-size":"auto","background-attachment":"scroll","background-type":"","background-media":"","overlay-type":"","overlay-color":"","overlay-gradient":""}},"footnotes":""},"class_list":["post-8","page","type-page","status-publish","hentry"],"_links":{"self":[{"href":"https:\/\/sdstylegroziosalonas.lt\/index.php\/wp-json\/wp\/v2\/pages\/8","targetHints":{"allow":["GET"]}}],"collection":[{"href":"https:\/\/sdstylegroziosalonas.lt\/index.php\/wp-json\/wp\/v2\/pages"}],"about":[{"href":"https:\/\/sdstylegroziosalonas.lt\/index.php\/wp-json\/wp\/v2\/types\/page"}],"author":[{"embeddable":true,"href":"https:\/\/sdstylegroziosalonas.lt\/index.php\/wp-json\/wp\/v2\/users\/1"}],"replies":[{"embeddable":true,"href":"https:\/\/sdstylegroziosalonas.lt\/index.php\/wp-json\/wp\/v2\/comments?post=8"}],"version-history":[{"count":0,"href":"https:\/\/sdstylegroziosalonas.lt\/index.php\/wp-json\/wp\/v2\/pages\/8\/revisions"}],"wp:attachment":[{"href":"https:\/\/sdstylegroziosalonas.lt\/index.php\/wp-json\/wp\/v2\/media?parent=8"}],"curies":[{"name":"wp","href":"https:\/\/api.w.org\/{rel}","templated":true}]}}