{"id":1038,"date":"2021-08-04T14:31:23","date_gmt":"2021-08-04T14:31:23","guid":{"rendered":"https:\/\/sdstylegroziosalonas.lt\/?post_type=product&#038;p=1038"},"modified":"2025-11-19T20:44:05","modified_gmt":"2025-11-19T20:44:05","slug":"cotril-hydra-mousse-200ml","status":"publish","type":"product","link":"https:\/\/sdstylegroziosalonas.lt\/index.php\/product\/cotril-hydra-mousse-200ml\/","title":{"rendered":"COTRIL Hydra Mousse 200ml"},"content":{"rendered":"<p>Tai padeda i\u0161laikyti tinkam\u0105 hidrolipid\u0105<br \/>\nplauk\u0173 velen\u0173 pusiausvyr\u0105, taip padidindamas mink\u0161tum\u0105, blizges\u012f ir gyvybingum\u0105 iki dehidratuoto<br \/>\nplaukai.<br \/>\nSUDEDAMOSIOS DALYS IR NAUDA<\/p>\n<p>PIENO BALTYMAI:: mink\u0161tina, dr\u0117kina<\/p>\n<p>MEDUS IR Bra\u0161ki\u0173 ekstraktas: maitina, stimuliuoja, dr\u0117kina<\/p>\n<p>POMMEGRENADE EXTRACT: antioksidantas<\/p>\n<p>VITAMINA E: antioksidantas<\/p>\n<p>Saul\u0117gr\u0105\u017e\u0173 aliejus: mink\u0161tinantis, apsaugantis<\/p>\n<p>NAUDA<\/p>\n<p>Dehidratuotiems plaukams suteikia \u0161velnumo, \u017evilgesio ir gyvybingumo.<\/p>\n<p>Prie\u0161 naudojim\u0105 gerai suplakite. Tepkite ant rank\u0161luos\u010diu nusausint\u0173 plauk\u0173. Tolygiai paskirstykite ir i\u0161d\u017eiovinkite<br \/>\npagal j\u016bs\u0173 m\u0117gstam\u0105 stili\u0173.<\/p>\n<p>200 ml<\/p>\n","protected":false},"excerpt":{"rendered":"<p>Tai padeda i\u0161laikyti tinkam\u0105 hidrolipid\u0105 plauk\u0173 velen\u0173 pusiausvyr\u0105, taip padidindamas mink\u0161tum\u0105, blizges\u012f ir gyvybingum\u0105 iki dehidratuoto plaukai. SUDEDAMOSIOS DALYS IR NAUDA PIENO BALTYMAI:: mink\u0161tina, dr\u0117kina MEDUS IR Bra\u0161ki\u0173 ekstraktas: maitina, stimuliuoja, dr\u0117kina POMMEGRENADE EXTRACT: antioksidantas VITAMINA E: antioksidantas Saul\u0117gr\u0105\u017e\u0173 aliejus: mink\u0161tinantis, apsaugantis NAUDA Dehidratuotiems plaukams suteikia \u0161velnumo, \u017evilgesio ir gyvybingumo. Prie\u0161 naudojim\u0105 gerai suplakite. Tepkite [&hellip;]<\/p>\n","protected":false},"featured_media":1039,"comment_status":"closed","ping_status":"closed","template":"","meta":{"site-sidebar-layout":"default","site-content-layout":"","ast-site-content-layout":"","site-content-style":"default","site-sidebar-style":"default","ast-global-header-display":"","ast-banner-title-visibility":"","ast-main-header-display":"","ast-hfb-above-header-display":"","ast-hfb-below-header-display":"","ast-hfb-mobile-header-display":"","site-post-title":"","ast-breadcrumbs-content":"","ast-featured-img":"","footer-sml-layout":"","theme-transparent-header-meta":"","adv-header-id-meta":"","stick-header-meta":"","header-above-stick-meta":"","header-main-stick-meta":"","header-below-stick-meta":"","astra-migrate-meta-layouts":"default","ast-page-background-enabled":"default","ast-page-background-meta":{"desktop":{"background-color":"var(--ast-global-color-4)","background-image":"","background-repeat":"repeat","background-position":"center center","background-size":"auto","background-attachment":"scroll","background-type":"","background-media":"","overlay-type":"","overlay-color":"","overlay-gradient":""},"tablet":{"background-color":"","background-image":"","background-repeat":"repeat","background-position":"center center","background-size":"auto","background-attachment":"scroll","background-type":"","background-media":"","overlay-type":"","overlay-color":"","overlay-gradient":""},"mobile":{"background-color":"","background-image":"","background-repeat":"repeat","background-position":"center center","background-size":"auto","background-attachment":"scroll","background-type":"","background-media":"","overlay-type":"","overlay-color":"","overlay-gradient":""}},"ast-content-background-meta":{"desktop":{"background-color":"var(--ast-global-color-5)","background-image":"","background-repeat":"repeat","background-position":"center center","background-size":"auto","background-attachment":"scroll","background-type":"","background-media":"","overlay-type":"","overlay-color":"","overlay-gradient":""},"tablet":{"background-color":"var(--ast-global-color-5)","background-image":"","background-repeat":"repeat","background-position":"center center","background-size":"auto","background-attachment":"scroll","background-type":"","background-media":"","overlay-type":"","overlay-color":"","overlay-gradient":""},"mobile":{"background-color":"var(--ast-global-color-5)","background-image":"","background-repeat":"repeat","background-position":"center center","background-size":"auto","background-attachment":"scroll","background-type":"","background-media":"","overlay-type":"","overlay-color":"","overlay-gradient":""}}},"product_brand":[],"product_cat":[33],"product_tag":[],"class_list":{"0":"post-1038","1":"product","2":"type-product","3":"status-publish","4":"has-post-thumbnail","6":"product_cat-papildomos-plauku-prieziuros-priemones","7":"desktop-align-left","8":"tablet-align-left","9":"mobile-align-left","11":"first","12":"outofstock","13":"shipping-taxable","14":"purchasable","15":"product-type-simple"},"_links":{"self":[{"href":"https:\/\/sdstylegroziosalonas.lt\/index.php\/wp-json\/wp\/v2\/product\/1038","targetHints":{"allow":["GET"]}}],"collection":[{"href":"https:\/\/sdstylegroziosalonas.lt\/index.php\/wp-json\/wp\/v2\/product"}],"about":[{"href":"https:\/\/sdstylegroziosalonas.lt\/index.php\/wp-json\/wp\/v2\/types\/product"}],"replies":[{"embeddable":true,"href":"https:\/\/sdstylegroziosalonas.lt\/index.php\/wp-json\/wp\/v2\/comments?post=1038"}],"wp:featuredmedia":[{"embeddable":true,"href":"https:\/\/sdstylegroziosalonas.lt\/index.php\/wp-json\/wp\/v2\/media\/1039"}],"wp:attachment":[{"href":"https:\/\/sdstylegroziosalonas.lt\/index.php\/wp-json\/wp\/v2\/media?parent=1038"}],"wp:term":[{"taxonomy":"product_brand","embeddable":true,"href":"https:\/\/sdstylegroziosalonas.lt\/index.php\/wp-json\/wp\/v2\/product_brand?post=1038"},{"taxonomy":"product_cat","embeddable":true,"href":"https:\/\/sdstylegroziosalonas.lt\/index.php\/wp-json\/wp\/v2\/product_cat?post=1038"},{"taxonomy":"product_tag","embeddable":true,"href":"https:\/\/sdstylegroziosalonas.lt\/index.php\/wp-json\/wp\/v2\/product_tag?post=1038"}],"curies":[{"name":"wp","href":"https:\/\/api.w.org\/{rel}","templated":true}]}}