{"id":1115,"date":"2022-03-15T14:30:02","date_gmt":"2022-03-15T14:30:02","guid":{"rendered":"https:\/\/sdstylegroziosalonas.lt\/?post_type=product&#038;p=1115"},"modified":"2025-11-19T20:44:00","modified_gmt":"2025-11-19T20:44:00","slug":"k05-trichologinis-serumas-lasiukai-nuo-plauku-slinkimo-50-ml-stiklo-buteliuke-su-pipete","status":"publish","type":"product","link":"https:\/\/sdstylegroziosalonas.lt\/index.php\/product\/k05-trichologinis-serumas-lasiukai-nuo-plauku-slinkimo-50-ml-stiklo-buteliuke-su-pipete\/","title":{"rendered":"K05 trichologinis serumas\/la\u0161iukai nuo plauk\u0173 slinkimo (50 ml), stiklo buteliuke su pipete"},"content":{"rendered":"<p style=\"font-weight: 400;\">Sustiprinto tikslingo poveikio serumas (la\u0161iukai) \u2013 tai profesionalus, multi-aktyvus, nat\u016bralus ir itin efektyvus kompleksas, skirtas naudoti kovai su galvos oda ar plaukais susijusia problema \u2013 plauk\u0173 slinkimu ir silpnumu.<\/p>\n<p style=\"font-weight: 400;\">SUD\u0116TIS. Priemon\u0117 tikslingai praturtinta arbatmed\u017eio aliejumi, kaln\u0173 arnikos, raudonojo ank\u0161tpipirio vaisiaus ekstraktu, did\u017eiosios dilg\u0117l\u0117s lap\u0173 ekstraktais, kamparu.<\/p>\n<p style=\"font-weight: 400;\"><b><strong>Be sulfat\u0173, be paraben\u0173, be silikon\u0173, be hormon\u0173, be kenksming\u0173 med\u017eiag\u0173.<\/strong><\/b><\/p>\n<p style=\"font-weight: 400;\">POVEIKIS:<\/p>\n<p style=\"font-weight: 400;\">&#8211; Itin suaktyvina galvos odos kraujo apytak\u0105,<\/p>\n<p style=\"font-weight: 400;\">&#8211; padeda sustabdyti plauk\u0173 slinkim\u0105,<\/p>\n<p style=\"font-weight: 400;\">&#8211; sustiprina plauk\u0173 \u0161aknis, suteikia plaukams tankumo,<\/p>\n<p style=\"font-weight: 400;\">&#8211; d\u0117ka arbatmed\u017eio aliejaus priemon\u0117 pasi\u017eymi antibakteriniu poveikiu,<\/p>\n<p style=\"font-weight: 400;\">&#8211; stimuliuoja bei pagreitina plauk\u0173 augim\u0105 ir nauj\u0173 svog\u016bn\u0117li\u0173 atsiradim\u0105,<\/p>\n<p style=\"font-weight: 400;\">&#8211; sutvirtina plauk\u0173 svog\u016bn\u0117lius, skatindama galvos odos kraujotak\u0105,<\/p>\n<p style=\"font-weight: 400;\">&#8211; ma\u017eina odos sudirgim\u0105, ramina.<\/p>\n<p style=\"font-weight: 400;\">NAUDOJIMAS. Po plauk\u0173 trinkimo su \u0161amp\u016bnu, plaukus nusausinkite rank\u0161luos\u010diu ir su dozatoriumi\/pipete kuo tolygiau u\u017ela\u0161inkite priemon\u0117s ant galvos odos, ypa\u010d problemin\u0117se vietose. \u0160velniai pamasa\u017euokite, kad priemon\u0117 tolygiai pasiskirstyt\u0173. Stipriai netrinkite.\u00a0<b><strong>Nenuskalaukite!<\/strong><\/b>\u00a0Paskui galite plaukus \u0161ukuoti, d\u017eiovinti, stilizuoti kaip \u012fprat\u0119. Proced\u016br\u0105 kartokite 2 kartus per savait\u0119.\u00a0 Plauk\u0173 augimo skatinimui, plauk\u0173 \u0161akn\u0173 stiprinimui ir galvos odos kraujotakai gerinti naudokite 1 kart\u0105 per 10 dien\u0173. Minimalus naudojimo laikas \u2013 3 m\u0117nesiai.<\/p>\n<p style=\"font-weight: 400;\"><b><strong>D\u0116MESIO<\/strong><\/b>! Stenkit\u0117s, kad losjonas nepatekt\u0173 ant kaklo, veido odos, nes losjonas skirtas specialiai tik tepti ant galvos odos. \u012e produkto sud\u0117t\u012f \u012feinantys nat\u016bral\u016bs ekstraktai gali sukelti lengv\u0105 trumpalaik\u012f odos paraudim\u0105, kuris greitai\u00a0<b><strong>praeina<\/strong><\/b>.<\/p>\n","protected":false},"excerpt":{"rendered":"<p>Sustiprinto tikslingo poveikio serumas (la\u0161iukai) \u2013 tai profesionalus, multi-aktyvus, nat\u016bralus ir itin efektyvus kompleksas, skirtas naudoti kovai su galvos oda ar plaukais susijusia problema \u2013 plauk\u0173 slinkimu ir silpnumu. SUD\u0116TIS. Priemon\u0117 tikslingai praturtinta arbatmed\u017eio aliejumi, kaln\u0173 arnikos, raudonojo ank\u0161tpipirio vaisiaus ekstraktu, did\u017eiosios dilg\u0117l\u0117s lap\u0173 ekstraktais, kamparu. Be sulfat\u0173, be paraben\u0173, be silikon\u0173, be hormon\u0173, be [&hellip;]<\/p>\n","protected":false},"featured_media":1116,"comment_status":"closed","ping_status":"closed","template":"","meta":{"site-sidebar-layout":"default","site-content-layout":"","ast-site-content-layout":"","site-content-style":"default","site-sidebar-style":"default","ast-global-header-display":"","ast-banner-title-visibility":"","ast-main-header-display":"","ast-hfb-above-header-display":"","ast-hfb-below-header-display":"","ast-hfb-mobile-header-display":"","site-post-title":"","ast-breadcrumbs-content":"","ast-featured-img":"","footer-sml-layout":"","theme-transparent-header-meta":"","adv-header-id-meta":"","stick-header-meta":"","header-above-stick-meta":"","header-main-stick-meta":"","header-below-stick-meta":"","astra-migrate-meta-layouts":"default","ast-page-background-enabled":"default","ast-page-background-meta":{"desktop":{"background-color":"var(--ast-global-color-4)","background-image":"","background-repeat":"repeat","background-position":"center center","background-size":"auto","background-attachment":"scroll","background-type":"","background-media":"","overlay-type":"","overlay-color":"","overlay-gradient":""},"tablet":{"background-color":"","background-image":"","background-repeat":"repeat","background-position":"center center","background-size":"auto","background-attachment":"scroll","background-type":"","background-media":"","overlay-type":"","overlay-color":"","overlay-gradient":""},"mobile":{"background-color":"","background-image":"","background-repeat":"repeat","background-position":"center center","background-size":"auto","background-attachment":"scroll","background-type":"","background-media":"","overlay-type":"","overlay-color":"","overlay-gradient":""}},"ast-content-background-meta":{"desktop":{"background-color":"var(--ast-global-color-5)","background-image":"","background-repeat":"repeat","background-position":"center center","background-size":"auto","background-attachment":"scroll","background-type":"","background-media":"","overlay-type":"","overlay-color":"","overlay-gradient":""},"tablet":{"background-color":"var(--ast-global-color-5)","background-image":"","background-repeat":"repeat","background-position":"center center","background-size":"auto","background-attachment":"scroll","background-type":"","background-media":"","overlay-type":"","overlay-color":"","overlay-gradient":""},"mobile":{"background-color":"var(--ast-global-color-5)","background-image":"","background-repeat":"repeat","background-position":"center center","background-size":"auto","background-attachment":"scroll","background-type":"","background-media":"","overlay-type":"","overlay-color":"","overlay-gradient":""}}},"product_brand":[],"product_cat":[36],"product_tag":[],"class_list":{"0":"post-1115","1":"product","2":"type-product","3":"status-publish","4":"has-post-thumbnail","6":"product_cat-gydomosios-priemones","7":"desktop-align-left","8":"tablet-align-left","9":"mobile-align-left","11":"first","12":"outofstock","13":"shipping-taxable","14":"purchasable","15":"product-type-simple"},"_links":{"self":[{"href":"https:\/\/sdstylegroziosalonas.lt\/index.php\/wp-json\/wp\/v2\/product\/1115","targetHints":{"allow":["GET"]}}],"collection":[{"href":"https:\/\/sdstylegroziosalonas.lt\/index.php\/wp-json\/wp\/v2\/product"}],"about":[{"href":"https:\/\/sdstylegroziosalonas.lt\/index.php\/wp-json\/wp\/v2\/types\/product"}],"replies":[{"embeddable":true,"href":"https:\/\/sdstylegroziosalonas.lt\/index.php\/wp-json\/wp\/v2\/comments?post=1115"}],"wp:featuredmedia":[{"embeddable":true,"href":"https:\/\/sdstylegroziosalonas.lt\/index.php\/wp-json\/wp\/v2\/media\/1116"}],"wp:attachment":[{"href":"https:\/\/sdstylegroziosalonas.lt\/index.php\/wp-json\/wp\/v2\/media?parent=1115"}],"wp:term":[{"taxonomy":"product_brand","embeddable":true,"href":"https:\/\/sdstylegroziosalonas.lt\/index.php\/wp-json\/wp\/v2\/product_brand?post=1115"},{"taxonomy":"product_cat","embeddable":true,"href":"https:\/\/sdstylegroziosalonas.lt\/index.php\/wp-json\/wp\/v2\/product_cat?post=1115"},{"taxonomy":"product_tag","embeddable":true,"href":"https:\/\/sdstylegroziosalonas.lt\/index.php\/wp-json\/wp\/v2\/product_tag?post=1115"}],"curies":[{"name":"wp","href":"https:\/\/api.w.org\/{rel}","templated":true}]}}