{"id":1339,"date":"2022-11-14T14:36:16","date_gmt":"2022-11-14T14:36:16","guid":{"rendered":"https:\/\/sdstylegroziosalonas.lt\/?post_type=product&#038;p=1339"},"modified":"2025-11-19T20:43:43","modified_gmt":"2025-11-19T20:43:43","slug":"revlon-professional-magnet-ultimate-post-technical-sampunas-sviesintiems-plaukams","status":"publish","type":"product","link":"https:\/\/sdstylegroziosalonas.lt\/index.php\/product\/revlon-professional-magnet-ultimate-post-technical-sampunas-sviesintiems-plaukams\/","title":{"rendered":"Revlon Professional Magnet Ultimate Post-Technical \u0161amp\u016bnas \u0161viesintiems plaukams"},"content":{"rendered":"<p><strong>Revlon Professional Magnet Ultimate Post-Technical\u00a0<\/strong>stiprina plaukus i\u0161 vidaus ir i\u0161or\u0117s kiekvien\u0105 kart\u0105 plaunant plaukus. Pa\u0161alina mineral\u0173 ir metal\u0173 nuos\u0117das ir neutralizuoja neigiam\u0105 prastos vandens kokyb\u0117s poveik\u012f. \u0160amp\u016bnas subalansuoja nat\u016bral\u0173 r\u016bg\u0161tin\u012f plauko pH, atkuria vidin\u0119 plauko strukt\u016br\u0105 ir u\u017edaro spalv\u0105 po plauk\u0173 da\u017eymo. Rezultatas \u0161vytinti ir gyvybinga spalva su nuostabiu blizgesiu ir glotniais plaukais.<\/p>\n<p>Nor\u0117dami pasiekti geriausi\u0105 efekt\u0105, derinkite su kitais Revlon Magnet asortimento produktais.<\/p>\n<p><strong>Revlon Professional Magnet Ultimate Post-Technical<\/strong>\u00a0\u0161amp\u016bnas\u00a0\u0161viesintiems plaukams turi r\u016bg\u0161tin\u012f pH, tod\u0117l puikiai tinka po da\u017eymo. Apsaugo ir atkuria plauk\u0173 molekulin\u0119 strukt\u016br\u0105.<\/p>\n<ul>\n<li>R\u016bg\u0161tin\u0117 pH formul\u0117.<\/li>\n<li>Idealiai tinka po plauk\u0173 da\u017eymo.<\/li>\n<li>Neutralizuoja geltonus atspalvius.<\/li>\n<li>Suma\u017eina mineral\u0173 nuos\u0117das.<\/li>\n<li>Saugo ir\u00a0atkuria spalv\u0105.<\/li>\n<\/ul>\n<p>&nbsp;<\/p>\n<p>Kaip naudoti: nedidel\u012f kiek\u012f priemon\u0117s \u012fmasa\u017euokite \u012f dr\u0117gnus plaukus ir gerai nuskalaukite vandeniu. Jei reikia, pakartokite proced\u016br\u0105.<\/p>\n","protected":false},"excerpt":{"rendered":"<p>Revlon Professional Magnet Ultimate Post-Technical\u00a0stiprina plaukus i\u0161 vidaus ir i\u0161or\u0117s kiekvien\u0105 kart\u0105 plaunant plaukus. Pa\u0161alina mineral\u0173 ir metal\u0173 nuos\u0117das ir neutralizuoja neigiam\u0105 prastos vandens kokyb\u0117s poveik\u012f. \u0160amp\u016bnas subalansuoja nat\u016bral\u0173 r\u016bg\u0161tin\u012f plauko pH, atkuria vidin\u0119 plauko strukt\u016br\u0105 ir u\u017edaro spalv\u0105 po plauk\u0173 da\u017eymo. Rezultatas \u0161vytinti ir gyvybinga spalva su nuostabiu blizgesiu ir glotniais plaukais. Nor\u0117dami pasiekti [&hellip;]<\/p>\n","protected":false},"featured_media":1337,"comment_status":"closed","ping_status":"closed","template":"","meta":{"site-sidebar-layout":"default","site-content-layout":"default","ast-site-content-layout":"","site-content-style":"default","site-sidebar-style":"default","ast-global-header-display":"","ast-banner-title-visibility":"","ast-main-header-display":"","ast-hfb-above-header-display":"","ast-hfb-below-header-display":"","ast-hfb-mobile-header-display":"","site-post-title":"","ast-breadcrumbs-content":"","ast-featured-img":"","footer-sml-layout":"","theme-transparent-header-meta":"default","adv-header-id-meta":"","stick-header-meta":"","header-above-stick-meta":"","header-main-stick-meta":"","header-below-stick-meta":"","astra-migrate-meta-layouts":"default","ast-page-background-enabled":"default","ast-page-background-meta":{"desktop":{"background-color":"var(--ast-global-color-4)","background-image":"","background-repeat":"repeat","background-position":"center center","background-size":"auto","background-attachment":"scroll","background-type":"","background-media":"","overlay-type":"","overlay-color":"","overlay-gradient":""},"tablet":{"background-color":"","background-image":"","background-repeat":"repeat","background-position":"center center","background-size":"auto","background-attachment":"scroll","background-type":"","background-media":"","overlay-type":"","overlay-color":"","overlay-gradient":""},"mobile":{"background-color":"","background-image":"","background-repeat":"repeat","background-position":"center center","background-size":"auto","background-attachment":"scroll","background-type":"","background-media":"","overlay-type":"","overlay-color":"","overlay-gradient":""}},"ast-content-background-meta":{"desktop":{"background-color":"var(--ast-global-color-5)","background-image":"","background-repeat":"repeat","background-position":"center center","background-size":"auto","background-attachment":"scroll","background-type":"","background-media":"","overlay-type":"","overlay-color":"","overlay-gradient":""},"tablet":{"background-color":"var(--ast-global-color-5)","background-image":"","background-repeat":"repeat","background-position":"center center","background-size":"auto","background-attachment":"scroll","background-type":"","background-media":"","overlay-type":"","overlay-color":"","overlay-gradient":""},"mobile":{"background-color":"var(--ast-global-color-5)","background-image":"","background-repeat":"repeat","background-position":"center center","background-size":"auto","background-attachment":"scroll","background-type":"","background-media":"","overlay-type":"","overlay-color":"","overlay-gradient":""}}},"product_brand":[],"product_cat":[15],"product_tag":[],"class_list":{"0":"post-1339","1":"product","2":"type-product","3":"status-publish","4":"has-post-thumbnail","6":"product_cat-be-kategorijos","7":"desktop-align-left","8":"tablet-align-left","9":"mobile-align-left","11":"first","12":"outofstock","13":"shipping-taxable","14":"purchasable","15":"product-type-simple"},"_links":{"self":[{"href":"https:\/\/sdstylegroziosalonas.lt\/index.php\/wp-json\/wp\/v2\/product\/1339","targetHints":{"allow":["GET"]}}],"collection":[{"href":"https:\/\/sdstylegroziosalonas.lt\/index.php\/wp-json\/wp\/v2\/product"}],"about":[{"href":"https:\/\/sdstylegroziosalonas.lt\/index.php\/wp-json\/wp\/v2\/types\/product"}],"replies":[{"embeddable":true,"href":"https:\/\/sdstylegroziosalonas.lt\/index.php\/wp-json\/wp\/v2\/comments?post=1339"}],"wp:featuredmedia":[{"embeddable":true,"href":"https:\/\/sdstylegroziosalonas.lt\/index.php\/wp-json\/wp\/v2\/media\/1337"}],"wp:attachment":[{"href":"https:\/\/sdstylegroziosalonas.lt\/index.php\/wp-json\/wp\/v2\/media?parent=1339"}],"wp:term":[{"taxonomy":"product_brand","embeddable":true,"href":"https:\/\/sdstylegroziosalonas.lt\/index.php\/wp-json\/wp\/v2\/product_brand?post=1339"},{"taxonomy":"product_cat","embeddable":true,"href":"https:\/\/sdstylegroziosalonas.lt\/index.php\/wp-json\/wp\/v2\/product_cat?post=1339"},{"taxonomy":"product_tag","embeddable":true,"href":"https:\/\/sdstylegroziosalonas.lt\/index.php\/wp-json\/wp\/v2\/product_tag?post=1339"}],"curies":[{"name":"wp","href":"https:\/\/api.w.org\/{rel}","templated":true}]}}