{"id":1340,"date":"2022-11-14T14:41:58","date_gmt":"2022-11-14T14:41:58","guid":{"rendered":"https:\/\/sdstylegroziosalonas.lt\/?post_type=product&#038;p=1340"},"modified":"2025-11-19T20:43:37","modified_gmt":"2025-11-19T20:43:37","slug":"purify-hydra-kauke-itin-maitinanti-ir-drekinanti-sausiems-pazeistiems-plaukams-su-biciu-pieneliu-alijosiumi-sezamu-500-ml","status":"publish","type":"product","link":"https:\/\/sdstylegroziosalonas.lt\/index.php\/product\/purify-hydra-kauke-itin-maitinanti-ir-drekinanti-sausiems-pazeistiems-plaukams-su-biciu-pieneliu-alijosiumi-sezamu-500-ml\/","title":{"rendered":"PURIFY HYDRA kauk\u0117 &#8211; itin maitinanti ir dr\u0117kinanti, sausiems pa\u017eeistiems plaukams su bi\u010di\u0173 pieneliu, alijo\u0161iumi, sezamu, 500 ml"},"content":{"rendered":"<p>Tikras gyvyb\u0117s \u0161altinis i\u0161saus\u0117jusiems, silpniems bei por\u0117tiems plaukams.\u00a0<strong>PURIFY HYDRA\u00a0<\/strong>kauk\u0117 skirta plauk\u0173 stiprinimui ir giliam maitinimui. \u0160i unikali kauk\u0117 pagaminta\u00a0<strong>nat\u016bralaus\u00a0bi\u010di\u0173 pienelio pagrindu<\/strong>. Tai ideali priemon\u0117 plaukams, praradusiems elastingum\u0105, \u017evilges\u012f, atrodantiems tarsi nuvyt\u0119s \u017eiedas dykumoje, o plauk\u0173 galiukai nuolat skilin\u0117ja, veliasi ir atima vilt\u012f u\u017esiauginti ilgus plaukus, kuri\u0173 taip trok\u0161tame&#8230;<\/p>\n<p><strong>Sud\u0117tyje:<\/strong><\/p>\n<p><strong>&#8211; alijo\u0161iaus ekstraktas<\/strong><\/p>\n<p><strong>&#8211; kunimo aliejus<\/strong><\/p>\n<p><strong>&#8211; sezamo aliejus<\/strong><\/p>\n<p><strong>&#8211; saul\u0117gr\u0105\u017e\u0173 aliejus<\/strong><\/p>\n<p>&nbsp;<\/p>\n<p>BE PARABEN\u0172. BE MINERALINI\u0172 ALIEJ\u0172. BE GLIUTENO<\/p>\n<h2>Kaip PURIFY HYDRA kauk\u0117 veikia plaukus?<\/h2>\n<p>1. Aktyvios med\u017eiagos \u012fsiskverbia \u012f plauko strukt\u016br\u0105, pagerina jos kokyb\u0119, j\u0105 intensyviai maitina ir dr\u0117kina.<br \/>\n2. Unikalios bi\u010di\u0173 pienelio savyb\u0117s \u0161alina pagrindines plauk\u0173 sen\u0117jimo prie\u017eastis.<br \/>\n3. Mikroelementai ir vitaminai i\u0161kit\u0173 ingredient\u0173 normalizuoja plauk\u0173 folikulo ir galvos odos b\u016bkl\u0119.<br \/>\n4. Strukt\u016briniai proteinai padengia plaukus apsaugine pl\u0117vele, tuo pa\u010diu palaiko reikaling\u0105 dr\u0117gm\u0117s lyg\u012f ir padeda i\u0161vengti dr\u0117gm\u0117s praradimo.<\/p>\n<p>&nbsp;<\/p>\n<p><em>Naudojimo b\u016bdas:\u00a0<\/em>Po plauk\u0173 trinkimo su\u00a0<strong>PURIFY HYDRA<\/strong>\u00a0\u0161amp\u016bnu paskirstykite pakankam\u0105 kiek\u012f\u00a0<strong>PURIFY HYDRA<\/strong>\u00a0kauk\u0117s per vis\u0105 plauk\u0173 ilg\u012f. Galite plaukus i\u0161\u0161ukuoti, kad kauk\u0117 tolygiai pasiskirstyt\u0173. Palikite veikti 3-8 min. ir tuomet kruop\u0161\u010diai nuskalaukite. Naudokite 1-2 kartus per savait\u0119.<\/p>\n<p>Jei galvos oda yra riebi, o plaukai i\u0161saus\u0117j\u0119, kauk\u0119 prad\u0117kite tepti palikdami 3-6 cm ilgio plauk\u0173 \u0161aknis. Palikite veikti 10 \u00a0minu\u010di\u0173 ir tuomet kruop\u0161\u010diai nuskalaukite. Taip pat jei plaukai yra stori, rekomenduojama kauk\u0119 palaikyti ilgiau nei \u012fprasta.<\/p>\n<p><em>T\u016bris:\u00a0<\/em>500 ml<\/p>\n<p>&nbsp;<\/p>\n","protected":false},"excerpt":{"rendered":"<p>Tikras gyvyb\u0117s \u0161altinis i\u0161saus\u0117jusiems, silpniems bei por\u0117tiems plaukams.\u00a0PURIFY HYDRA\u00a0kauk\u0117 skirta plauk\u0173 stiprinimui ir giliam maitinimui. \u0160i unikali kauk\u0117 pagaminta\u00a0nat\u016bralaus\u00a0bi\u010di\u0173 pienelio pagrindu. Tai ideali priemon\u0117 plaukams, praradusiems elastingum\u0105, \u017evilges\u012f, atrodantiems tarsi nuvyt\u0119s \u017eiedas dykumoje, o plauk\u0173 galiukai nuolat skilin\u0117ja, veliasi ir atima vilt\u012f u\u017esiauginti ilgus plaukus, kuri\u0173 taip trok\u0161tame&#8230; Sud\u0117tyje: &#8211; alijo\u0161iaus ekstraktas &#8211; kunimo aliejus [&hellip;]<\/p>\n","protected":false},"featured_media":1341,"comment_status":"closed","ping_status":"closed","template":"","meta":{"site-sidebar-layout":"default","site-content-layout":"default","ast-site-content-layout":"","site-content-style":"default","site-sidebar-style":"default","ast-global-header-display":"","ast-banner-title-visibility":"","ast-main-header-display":"","ast-hfb-above-header-display":"","ast-hfb-below-header-display":"","ast-hfb-mobile-header-display":"","site-post-title":"","ast-breadcrumbs-content":"","ast-featured-img":"","footer-sml-layout":"","theme-transparent-header-meta":"default","adv-header-id-meta":"","stick-header-meta":"","header-above-stick-meta":"","header-main-stick-meta":"","header-below-stick-meta":"","astra-migrate-meta-layouts":"default","ast-page-background-enabled":"default","ast-page-background-meta":{"desktop":{"background-color":"var(--ast-global-color-4)","background-image":"","background-repeat":"repeat","background-position":"center center","background-size":"auto","background-attachment":"scroll","background-type":"","background-media":"","overlay-type":"","overlay-color":"","overlay-gradient":""},"tablet":{"background-color":"","background-image":"","background-repeat":"repeat","background-position":"center center","background-size":"auto","background-attachment":"scroll","background-type":"","background-media":"","overlay-type":"","overlay-color":"","overlay-gradient":""},"mobile":{"background-color":"","background-image":"","background-repeat":"repeat","background-position":"center center","background-size":"auto","background-attachment":"scroll","background-type":"","background-media":"","overlay-type":"","overlay-color":"","overlay-gradient":""}},"ast-content-background-meta":{"desktop":{"background-color":"var(--ast-global-color-5)","background-image":"","background-repeat":"repeat","background-position":"center center","background-size":"auto","background-attachment":"scroll","background-type":"","background-media":"","overlay-type":"","overlay-color":"","overlay-gradient":""},"tablet":{"background-color":"var(--ast-global-color-5)","background-image":"","background-repeat":"repeat","background-position":"center center","background-size":"auto","background-attachment":"scroll","background-type":"","background-media":"","overlay-type":"","overlay-color":"","overlay-gradient":""},"mobile":{"background-color":"var(--ast-global-color-5)","background-image":"","background-repeat":"repeat","background-position":"center center","background-size":"auto","background-attachment":"scroll","background-type":"","background-media":"","overlay-type":"","overlay-color":"","overlay-gradient":""}}},"product_brand":[],"product_cat":[15],"product_tag":[],"class_list":{"0":"post-1340","1":"product","2":"type-product","3":"status-publish","4":"has-post-thumbnail","6":"product_cat-be-kategorijos","7":"desktop-align-left","8":"tablet-align-left","9":"mobile-align-left","11":"first","12":"outofstock","13":"shipping-taxable","14":"purchasable","15":"product-type-simple"},"_links":{"self":[{"href":"https:\/\/sdstylegroziosalonas.lt\/index.php\/wp-json\/wp\/v2\/product\/1340","targetHints":{"allow":["GET"]}}],"collection":[{"href":"https:\/\/sdstylegroziosalonas.lt\/index.php\/wp-json\/wp\/v2\/product"}],"about":[{"href":"https:\/\/sdstylegroziosalonas.lt\/index.php\/wp-json\/wp\/v2\/types\/product"}],"replies":[{"embeddable":true,"href":"https:\/\/sdstylegroziosalonas.lt\/index.php\/wp-json\/wp\/v2\/comments?post=1340"}],"wp:featuredmedia":[{"embeddable":true,"href":"https:\/\/sdstylegroziosalonas.lt\/index.php\/wp-json\/wp\/v2\/media\/1341"}],"wp:attachment":[{"href":"https:\/\/sdstylegroziosalonas.lt\/index.php\/wp-json\/wp\/v2\/media?parent=1340"}],"wp:term":[{"taxonomy":"product_brand","embeddable":true,"href":"https:\/\/sdstylegroziosalonas.lt\/index.php\/wp-json\/wp\/v2\/product_brand?post=1340"},{"taxonomy":"product_cat","embeddable":true,"href":"https:\/\/sdstylegroziosalonas.lt\/index.php\/wp-json\/wp\/v2\/product_cat?post=1340"},{"taxonomy":"product_tag","embeddable":true,"href":"https:\/\/sdstylegroziosalonas.lt\/index.php\/wp-json\/wp\/v2\/product_tag?post=1340"}],"curies":[{"name":"wp","href":"https:\/\/api.w.org\/{rel}","templated":true}]}}