{"id":1365,"date":"2022-11-14T15:07:26","date_gmt":"2022-11-14T15:07:26","guid":{"rendered":"https:\/\/sdstylegroziosalonas.lt\/?post_type=product&#038;p=1365"},"modified":"2025-11-19T20:38:08","modified_gmt":"2025-11-19T20:38:08","slug":"push-up-apimties-suteikiantys-ir-pakeliantys-plaukus-nuo-saknu-milteliai-purskiami-60-ml","status":"publish","type":"product","link":"https:\/\/sdstylegroziosalonas.lt\/index.php\/product\/push-up-apimties-suteikiantys-ir-pakeliantys-plaukus-nuo-saknu-milteliai-purskiami-60-ml\/","title":{"rendered":"PUSH UP Apimties suteikiantys ir pakeliantys plaukus nuo \u0161akn\u0173 milteliai (pur\u0161kiami), 60 ml"},"content":{"rendered":"<p>PUSH UP \u2013 Volumizing Powder\u2013\u00a0Apimties suteikiantys ir pakeliantys plaukus nuo \u0161akn\u0173 pur\u0161kiami milteliai, 60 ml<\/p>\n<p>&nbsp;<\/p>\n<p>Itin efektyviai\u00a0ir tvirtai pakelia plaukus nuo \u0161akn\u0173, ilgai veikia (laiko).<\/p>\n<p>NAUDOJIMAS: Nedidel\u012f kiek\u012f priemon\u0117s\u00a0\u012fpurk\u0161ti \u012f saus\u0173 paluk\u0173 \u0161aknis, pakeltis\/pa\u0161iau\u0161ti.<\/p>\n<p>&nbsp;<\/p>\n<p>Be paraben\u0173, be\u00a0silikon\u0173, be gliuteno, be alkoholio.<\/p>\n<p>&nbsp;<\/p>\n<p><em>&#8211;\u00a0SUTEIKIA APIMTIES PLONIEMS IR SILPNIEMS PLAUKAMS<\/em><\/p>\n<p><em>&#8211;\u00a0MATINIS \u012eVAIZDIS<\/em><\/p>\n<p><em>&#8211;\u00a0TINKA VIS\u0172 TIP\u0172 PLAUKAMS<\/em><\/p>\n<p><em>&#8211; PATOGUS DOZAVIMAS<\/em><\/p>\n<p><em>&#8211; ITIN EKONOMI\u0160KA TALPA<\/em><\/p>\n","protected":false},"excerpt":{"rendered":"<p>PUSH UP \u2013 Volumizing Powder\u2013\u00a0Apimties suteikiantys ir pakeliantys plaukus nuo \u0161akn\u0173 pur\u0161kiami milteliai, 60 ml &nbsp; Itin efektyviai\u00a0ir tvirtai pakelia plaukus nuo \u0161akn\u0173, ilgai veikia (laiko). NAUDOJIMAS: Nedidel\u012f kiek\u012f priemon\u0117s\u00a0\u012fpurk\u0161ti \u012f saus\u0173 paluk\u0173 \u0161aknis, pakeltis\/pa\u0161iau\u0161ti. &nbsp; Be paraben\u0173, be\u00a0silikon\u0173, be gliuteno, be alkoholio. &nbsp; &#8211;\u00a0SUTEIKIA APIMTIES PLONIEMS IR SILPNIEMS PLAUKAMS &#8211;\u00a0MATINIS \u012eVAIZDIS &#8211;\u00a0TINKA VIS\u0172 TIP\u0172 [&hellip;]<\/p>\n","protected":false},"featured_media":1466,"comment_status":"closed","ping_status":"closed","template":"","meta":{"site-sidebar-layout":"default","site-content-layout":"default","ast-site-content-layout":"","site-content-style":"default","site-sidebar-style":"default","ast-global-header-display":"","ast-banner-title-visibility":"","ast-main-header-display":"","ast-hfb-above-header-display":"","ast-hfb-below-header-display":"","ast-hfb-mobile-header-display":"","site-post-title":"","ast-breadcrumbs-content":"","ast-featured-img":"","footer-sml-layout":"","theme-transparent-header-meta":"default","adv-header-id-meta":"","stick-header-meta":"","header-above-stick-meta":"","header-main-stick-meta":"","header-below-stick-meta":"","astra-migrate-meta-layouts":"default","ast-page-background-enabled":"default","ast-page-background-meta":{"desktop":{"background-color":"var(--ast-global-color-4)","background-image":"","background-repeat":"repeat","background-position":"center center","background-size":"auto","background-attachment":"scroll","background-type":"","background-media":"","overlay-type":"","overlay-color":"","overlay-gradient":""},"tablet":{"background-color":"","background-image":"","background-repeat":"repeat","background-position":"center center","background-size":"auto","background-attachment":"scroll","background-type":"","background-media":"","overlay-type":"","overlay-color":"","overlay-gradient":""},"mobile":{"background-color":"","background-image":"","background-repeat":"repeat","background-position":"center center","background-size":"auto","background-attachment":"scroll","background-type":"","background-media":"","overlay-type":"","overlay-color":"","overlay-gradient":""}},"ast-content-background-meta":{"desktop":{"background-color":"var(--ast-global-color-5)","background-image":"","background-repeat":"repeat","background-position":"center center","background-size":"auto","background-attachment":"scroll","background-type":"","background-media":"","overlay-type":"","overlay-color":"","overlay-gradient":""},"tablet":{"background-color":"var(--ast-global-color-5)","background-image":"","background-repeat":"repeat","background-position":"center center","background-size":"auto","background-attachment":"scroll","background-type":"","background-media":"","overlay-type":"","overlay-color":"","overlay-gradient":""},"mobile":{"background-color":"var(--ast-global-color-5)","background-image":"","background-repeat":"repeat","background-position":"center center","background-size":"auto","background-attachment":"scroll","background-type":"","background-media":"","overlay-type":"","overlay-color":"","overlay-gradient":""}}},"product_brand":[],"product_cat":[15],"product_tag":[],"class_list":{"0":"post-1365","1":"product","2":"type-product","3":"status-publish","4":"has-post-thumbnail","6":"product_cat-be-kategorijos","7":"desktop-align-left","8":"tablet-align-left","9":"mobile-align-left","11":"first","12":"outofstock","13":"shipping-taxable","14":"purchasable","15":"product-type-simple"},"_links":{"self":[{"href":"https:\/\/sdstylegroziosalonas.lt\/index.php\/wp-json\/wp\/v2\/product\/1365","targetHints":{"allow":["GET"]}}],"collection":[{"href":"https:\/\/sdstylegroziosalonas.lt\/index.php\/wp-json\/wp\/v2\/product"}],"about":[{"href":"https:\/\/sdstylegroziosalonas.lt\/index.php\/wp-json\/wp\/v2\/types\/product"}],"replies":[{"embeddable":true,"href":"https:\/\/sdstylegroziosalonas.lt\/index.php\/wp-json\/wp\/v2\/comments?post=1365"}],"wp:featuredmedia":[{"embeddable":true,"href":"https:\/\/sdstylegroziosalonas.lt\/index.php\/wp-json\/wp\/v2\/media\/1466"}],"wp:attachment":[{"href":"https:\/\/sdstylegroziosalonas.lt\/index.php\/wp-json\/wp\/v2\/media?parent=1365"}],"wp:term":[{"taxonomy":"product_brand","embeddable":true,"href":"https:\/\/sdstylegroziosalonas.lt\/index.php\/wp-json\/wp\/v2\/product_brand?post=1365"},{"taxonomy":"product_cat","embeddable":true,"href":"https:\/\/sdstylegroziosalonas.lt\/index.php\/wp-json\/wp\/v2\/product_cat?post=1365"},{"taxonomy":"product_tag","embeddable":true,"href":"https:\/\/sdstylegroziosalonas.lt\/index.php\/wp-json\/wp\/v2\/product_tag?post=1365"}],"curies":[{"name":"wp","href":"https:\/\/api.w.org\/{rel}","templated":true}]}}