{"id":1367,"date":"2022-11-14T15:08:54","date_gmt":"2022-11-14T15:08:54","guid":{"rendered":"https:\/\/sdstylegroziosalonas.lt\/?post_type=product&#038;p=1367"},"modified":"2025-11-19T20:38:14","modified_gmt":"2025-11-19T20:38:14","slug":"diamond-smooth-purskiama-priemone-plaukams-anti-frizz-ir-glotninantis-efektas-apsauga-nuo-karscio-ir-dregmes-200-ml","status":"publish","type":"product","link":"https:\/\/sdstylegroziosalonas.lt\/index.php\/product\/diamond-smooth-purskiama-priemone-plaukams-anti-frizz-ir-glotninantis-efektas-apsauga-nuo-karscio-ir-dregmes-200-ml\/","title":{"rendered":"DIAMOND SMOOTH Pur\u0161kiama priemon\u0117 plaukams (anti-frizz ir glotninantis efektas, apsauga nuo kar\u0161\u010dio ir dr\u0117gm\u0117s), 200 ml"},"content":{"rendered":"<h4>Priemon\u0117 skirta:<\/h4>\n<h4>&#8211; palengvinti dr\u0117gn\u0173 plauk\u0173 i\u0161\u0161ukavim\u0105,<\/h4>\n<h4>&#8211; suteikti jiems tolimesnio glotnumo,<\/h4>\n<h4>&#8211; apsaugoti plaukus nuo kar\u0161\u010dio (\u017enypli\u0173, feno) bei<\/h4>\n<h4>&#8211; apsaugoti nuo dr\u0117gm\u0117s poveikio (dienos b\u0117gyje)<\/h4>\n<h4>&#8211; suteikti deimantinio blizgesio.<\/h4>\n<h4><\/h4>\n<h4>Esminiai ingredientai:<\/h4>\n<h4>&#8211; keratinas;<\/h4>\n<h4>&#8211; Vitaminas E;<\/h4>\n<h4>&#8211; Jojoba aliejus<\/h4>\n<p><strong>&#8211; Naujos kartos katijoniniai polimerai<\/strong><\/p>\n<h4><\/h4>\n<h4><strong>NAUDOJIMAS<\/strong>: Po plauk\u0173 trinkimo, nusausinkite juos rank\u0161luos\u010diu ir lengvai prap\u016bskite juos fenu kad kiek prad\u017ei\u016bt\u0173 (naudokite \u0161epet\u012f).<\/h4>\n<h4>Priemone itin tolygiai i\u0161purk\u0161kite plaukus\/j\u0173 sruogas nuo \u0161akn\u0173 iki galiuk\u0173.<\/h4>\n<h4>Nedelsiant \u0161uk\u0173 ir tiesinimo \u017enypli\u0173 pagalba i\u0161d\u017eiovinkite ir i\u0161tiesinkite plaukus.<\/h4>\n","protected":false},"excerpt":{"rendered":"<p>Priemon\u0117 skirta: &#8211; palengvinti dr\u0117gn\u0173 plauk\u0173 i\u0161\u0161ukavim\u0105, &#8211; suteikti jiems tolimesnio glotnumo, &#8211; apsaugoti plaukus nuo kar\u0161\u010dio (\u017enypli\u0173, feno) bei &#8211; apsaugoti nuo dr\u0117gm\u0117s poveikio (dienos b\u0117gyje) &#8211; suteikti deimantinio blizgesio. Esminiai ingredientai: &#8211; keratinas; &#8211; Vitaminas E; &#8211; Jojoba aliejus &#8211; Naujos kartos katijoniniai polimerai NAUDOJIMAS: Po plauk\u0173 trinkimo, nusausinkite juos rank\u0161luos\u010diu ir lengvai [&hellip;]<\/p>\n","protected":false},"featured_media":1465,"comment_status":"closed","ping_status":"closed","template":"","meta":{"site-sidebar-layout":"default","site-content-layout":"default","ast-site-content-layout":"","site-content-style":"default","site-sidebar-style":"default","ast-global-header-display":"","ast-banner-title-visibility":"","ast-main-header-display":"","ast-hfb-above-header-display":"","ast-hfb-below-header-display":"","ast-hfb-mobile-header-display":"","site-post-title":"","ast-breadcrumbs-content":"","ast-featured-img":"","footer-sml-layout":"","theme-transparent-header-meta":"default","adv-header-id-meta":"","stick-header-meta":"","header-above-stick-meta":"","header-main-stick-meta":"","header-below-stick-meta":"","astra-migrate-meta-layouts":"default","ast-page-background-enabled":"default","ast-page-background-meta":{"desktop":{"background-color":"var(--ast-global-color-4)","background-image":"","background-repeat":"repeat","background-position":"center center","background-size":"auto","background-attachment":"scroll","background-type":"","background-media":"","overlay-type":"","overlay-color":"","overlay-gradient":""},"tablet":{"background-color":"","background-image":"","background-repeat":"repeat","background-position":"center center","background-size":"auto","background-attachment":"scroll","background-type":"","background-media":"","overlay-type":"","overlay-color":"","overlay-gradient":""},"mobile":{"background-color":"","background-image":"","background-repeat":"repeat","background-position":"center center","background-size":"auto","background-attachment":"scroll","background-type":"","background-media":"","overlay-type":"","overlay-color":"","overlay-gradient":""}},"ast-content-background-meta":{"desktop":{"background-color":"var(--ast-global-color-5)","background-image":"","background-repeat":"repeat","background-position":"center center","background-size":"auto","background-attachment":"scroll","background-type":"","background-media":"","overlay-type":"","overlay-color":"","overlay-gradient":""},"tablet":{"background-color":"var(--ast-global-color-5)","background-image":"","background-repeat":"repeat","background-position":"center center","background-size":"auto","background-attachment":"scroll","background-type":"","background-media":"","overlay-type":"","overlay-color":"","overlay-gradient":""},"mobile":{"background-color":"var(--ast-global-color-5)","background-image":"","background-repeat":"repeat","background-position":"center center","background-size":"auto","background-attachment":"scroll","background-type":"","background-media":"","overlay-type":"","overlay-color":"","overlay-gradient":""}}},"product_brand":[],"product_cat":[15],"product_tag":[],"class_list":{"0":"post-1367","1":"product","2":"type-product","3":"status-publish","4":"has-post-thumbnail","6":"product_cat-be-kategorijos","7":"desktop-align-left","8":"tablet-align-left","9":"mobile-align-left","11":"first","12":"outofstock","13":"shipping-taxable","14":"purchasable","15":"product-type-simple"},"_links":{"self":[{"href":"https:\/\/sdstylegroziosalonas.lt\/index.php\/wp-json\/wp\/v2\/product\/1367","targetHints":{"allow":["GET"]}}],"collection":[{"href":"https:\/\/sdstylegroziosalonas.lt\/index.php\/wp-json\/wp\/v2\/product"}],"about":[{"href":"https:\/\/sdstylegroziosalonas.lt\/index.php\/wp-json\/wp\/v2\/types\/product"}],"replies":[{"embeddable":true,"href":"https:\/\/sdstylegroziosalonas.lt\/index.php\/wp-json\/wp\/v2\/comments?post=1367"}],"wp:featuredmedia":[{"embeddable":true,"href":"https:\/\/sdstylegroziosalonas.lt\/index.php\/wp-json\/wp\/v2\/media\/1465"}],"wp:attachment":[{"href":"https:\/\/sdstylegroziosalonas.lt\/index.php\/wp-json\/wp\/v2\/media?parent=1367"}],"wp:term":[{"taxonomy":"product_brand","embeddable":true,"href":"https:\/\/sdstylegroziosalonas.lt\/index.php\/wp-json\/wp\/v2\/product_brand?post=1367"},{"taxonomy":"product_cat","embeddable":true,"href":"https:\/\/sdstylegroziosalonas.lt\/index.php\/wp-json\/wp\/v2\/product_cat?post=1367"},{"taxonomy":"product_tag","embeddable":true,"href":"https:\/\/sdstylegroziosalonas.lt\/index.php\/wp-json\/wp\/v2\/product_tag?post=1367"}],"curies":[{"name":"wp","href":"https:\/\/api.w.org\/{rel}","templated":true}]}}