{"id":1369,"date":"2022-11-14T15:10:19","date_gmt":"2022-11-14T15:10:19","guid":{"rendered":"https:\/\/sdstylegroziosalonas.lt\/?post_type=product&#038;p=1369"},"modified":"2025-11-19T20:38:21","modified_gmt":"2025-11-19T20:38:21","slug":"dazzling-apsauginis-ir-glotninantis-kremas-plauku-tiesinimui-mazinantis-poretuma-250-ml","status":"publish","type":"product","link":"https:\/\/sdstylegroziosalonas.lt\/index.php\/product\/dazzling-apsauginis-ir-glotninantis-kremas-plauku-tiesinimui-mazinantis-poretuma-250-ml\/","title":{"rendered":"DAZZLING Apsauginis ir glotninantis kremas plauk\u0173 tiesinimui, ma\u017einantis por\u0117tum\u0105, 250 ml"},"content":{"rendered":"<p><strong>DAZZLING \u2013 Straightening cream &#8211; Antifrizz, 250 ml\u00a0<\/strong><\/p>\n<p>Stipr\u016bs dr\u0117kinantys komponentai leid\u017eia plaukams atrodyti sveikai, \u017evilg\u0117ti, neleid\u017eia dr\u0117gmei paveikti jau i\u0161tiesint\u0173 plauk\u0173 ir v\u0117l garbanotis\/banguotis\/\u0161iau\u0161tis, apsaugo nuo kar\u0161\u010dio tiesinimo metu, ma\u017eina por\u0117tum\u0105, u\u017etikrina glotni\u0173 plauk\u0173 efekt\u0105 visos dienos metu.<\/p>\n<p><strong>NAUDOJIMAS<\/strong>: Nedidel\u012f kiek\u012f priemon\u0117s kuo tolygiau paskirstykite ant \u0161vari\u0173, rank\u0161luos\u010diu nusausint\u0173 plauk\u0173 ir formuokite tiesi\u0173 plauk\u0173 \u0161ukuosen\u0105 fenu.<\/p>\n<p><strong>Be paraben\u0173, be mineralini\u0173 aliej\u0173.<\/strong><\/p>\n<p>Kertiniai ingredientai: vitaminas E<\/p>\n<p><em>&#8211; GLOTNINA PASIP\u016aTUSIUS<br \/>\n&#8211;\u00a0<\/em><em>\u0160VELNINA \u0160IURK\u0160\u010cIUS<\/em><\/p>\n<p><em>&#8211; NELEID\u017dIA \u0160IAU\u0160TIS<\/em><\/p>\n<p><em>&#8211; MA\u017dINA PLAUKO POR\u0116TUM\u0104<br \/>\n&#8211;\u00a0<\/em><em>APSAUGO NUO KAR\u0160\u010cIO, DR\u0116GM\u0116S<br \/>\n&#8211;\u00a0<\/em><em>PRIDUODA BLIZGESIO<\/em><\/p>\n","protected":false},"excerpt":{"rendered":"<p>DAZZLING \u2013 Straightening cream &#8211; Antifrizz, 250 ml\u00a0 Stipr\u016bs dr\u0117kinantys komponentai leid\u017eia plaukams atrodyti sveikai, \u017evilg\u0117ti, neleid\u017eia dr\u0117gmei paveikti jau i\u0161tiesint\u0173 plauk\u0173 ir v\u0117l garbanotis\/banguotis\/\u0161iau\u0161tis, apsaugo nuo kar\u0161\u010dio tiesinimo metu, ma\u017eina por\u0117tum\u0105, u\u017etikrina glotni\u0173 plauk\u0173 efekt\u0105 visos dienos metu. NAUDOJIMAS: Nedidel\u012f kiek\u012f priemon\u0117s kuo tolygiau paskirstykite ant \u0161vari\u0173, rank\u0161luos\u010diu nusausint\u0173 plauk\u0173 ir formuokite tiesi\u0173 plauk\u0173 [&hellip;]<\/p>\n","protected":false},"featured_media":1464,"comment_status":"closed","ping_status":"closed","template":"","meta":{"site-sidebar-layout":"default","site-content-layout":"default","ast-site-content-layout":"","site-content-style":"default","site-sidebar-style":"default","ast-global-header-display":"","ast-banner-title-visibility":"","ast-main-header-display":"","ast-hfb-above-header-display":"","ast-hfb-below-header-display":"","ast-hfb-mobile-header-display":"","site-post-title":"","ast-breadcrumbs-content":"","ast-featured-img":"","footer-sml-layout":"","theme-transparent-header-meta":"default","adv-header-id-meta":"","stick-header-meta":"","header-above-stick-meta":"","header-main-stick-meta":"","header-below-stick-meta":"","astra-migrate-meta-layouts":"default","ast-page-background-enabled":"default","ast-page-background-meta":{"desktop":{"background-color":"var(--ast-global-color-4)","background-image":"","background-repeat":"repeat","background-position":"center center","background-size":"auto","background-attachment":"scroll","background-type":"","background-media":"","overlay-type":"","overlay-color":"","overlay-gradient":""},"tablet":{"background-color":"","background-image":"","background-repeat":"repeat","background-position":"center center","background-size":"auto","background-attachment":"scroll","background-type":"","background-media":"","overlay-type":"","overlay-color":"","overlay-gradient":""},"mobile":{"background-color":"","background-image":"","background-repeat":"repeat","background-position":"center center","background-size":"auto","background-attachment":"scroll","background-type":"","background-media":"","overlay-type":"","overlay-color":"","overlay-gradient":""}},"ast-content-background-meta":{"desktop":{"background-color":"var(--ast-global-color-5)","background-image":"","background-repeat":"repeat","background-position":"center center","background-size":"auto","background-attachment":"scroll","background-type":"","background-media":"","overlay-type":"","overlay-color":"","overlay-gradient":""},"tablet":{"background-color":"var(--ast-global-color-5)","background-image":"","background-repeat":"repeat","background-position":"center center","background-size":"auto","background-attachment":"scroll","background-type":"","background-media":"","overlay-type":"","overlay-color":"","overlay-gradient":""},"mobile":{"background-color":"var(--ast-global-color-5)","background-image":"","background-repeat":"repeat","background-position":"center center","background-size":"auto","background-attachment":"scroll","background-type":"","background-media":"","overlay-type":"","overlay-color":"","overlay-gradient":""}}},"product_brand":[],"product_cat":[15],"product_tag":[],"class_list":{"0":"post-1369","1":"product","2":"type-product","3":"status-publish","4":"has-post-thumbnail","6":"product_cat-be-kategorijos","7":"desktop-align-left","8":"tablet-align-left","9":"mobile-align-left","11":"first","12":"outofstock","13":"shipping-taxable","14":"purchasable","15":"product-type-simple"},"_links":{"self":[{"href":"https:\/\/sdstylegroziosalonas.lt\/index.php\/wp-json\/wp\/v2\/product\/1369","targetHints":{"allow":["GET"]}}],"collection":[{"href":"https:\/\/sdstylegroziosalonas.lt\/index.php\/wp-json\/wp\/v2\/product"}],"about":[{"href":"https:\/\/sdstylegroziosalonas.lt\/index.php\/wp-json\/wp\/v2\/types\/product"}],"replies":[{"embeddable":true,"href":"https:\/\/sdstylegroziosalonas.lt\/index.php\/wp-json\/wp\/v2\/comments?post=1369"}],"wp:featuredmedia":[{"embeddable":true,"href":"https:\/\/sdstylegroziosalonas.lt\/index.php\/wp-json\/wp\/v2\/media\/1464"}],"wp:attachment":[{"href":"https:\/\/sdstylegroziosalonas.lt\/index.php\/wp-json\/wp\/v2\/media?parent=1369"}],"wp:term":[{"taxonomy":"product_brand","embeddable":true,"href":"https:\/\/sdstylegroziosalonas.lt\/index.php\/wp-json\/wp\/v2\/product_brand?post=1369"},{"taxonomy":"product_cat","embeddable":true,"href":"https:\/\/sdstylegroziosalonas.lt\/index.php\/wp-json\/wp\/v2\/product_cat?post=1369"},{"taxonomy":"product_tag","embeddable":true,"href":"https:\/\/sdstylegroziosalonas.lt\/index.php\/wp-json\/wp\/v2\/product_tag?post=1369"}],"curies":[{"name":"wp","href":"https:\/\/api.w.org\/{rel}","templated":true}]}}