{"id":1371,"date":"2022-11-14T15:12:04","date_gmt":"2022-11-14T15:12:04","guid":{"rendered":"https:\/\/sdstylegroziosalonas.lt\/?post_type=product&#038;p=1371"},"modified":"2025-11-19T20:38:27","modified_gmt":"2025-11-19T20:38:27","slug":"soffice-nenuplaunamos-kondicionuojancios-putos-plaukams-200-ml","status":"publish","type":"product","link":"https:\/\/sdstylegroziosalonas.lt\/index.php\/product\/soffice-nenuplaunamos-kondicionuojancios-putos-plaukams-200-ml\/","title":{"rendered":"SOFFICE &#8211; Nenuplaunamos kondicionuojan\u010dios putos plaukams, 200 ml"},"content":{"rendered":"<p>\u0160ios i\u0161skirtin\u0117s putos:<\/p>\n<p>&#8211; suteikia plaukams apimties be fiksacijos;<\/p>\n<p>&#8211; stipriai kondicionuoja be apsunkinimo;<\/p>\n<p>&#8211; saugo nuo kar\u0161\u010dios (fenavimo ar stailingo metu);<\/p>\n<p>&#8211; efektyviai ma\u017eina plauk\u0173 elektrinim\u0105si, p\u016btim\u0105si, neriebina;<\/p>\n<p>&#8211; lengva, beveik besvor\u0117 tekst\u016bra suteikia ploniems plaukams gyvybingumo bei \u0161ilkinio \u0161velnumo.<\/p>\n<p>&nbsp;<\/p>\n<p><strong>SUD\u0116TYJE<\/strong>:<\/p>\n<p>&#8211; MEDVILN\u0116S EKSTRAKTAS &#8211; maksimaliai dr\u0117kina netekusius dr\u0117gm\u0117s plaukus, didina plauk\u0173 elastingum\u0105 ir atsparum\u0105 \u0161ukavimo metu.<\/p>\n<p>&#8211; PIENO PROTEINAI &#8211; hyper dr\u0117kina, i\u0161lygina plauko kutikul\u0105, kas suteikia plaukui veidrodinio \u017evilgesio.<\/p>\n<p>&nbsp;<\/p>\n<p><em>BE PARABEN\u0172<\/em><\/p>\n<p><em>BE GLIUTEN\u0172<\/em><\/p>\n<p>&nbsp;<\/p>\n<p><strong>NAUDOJIMAS<\/strong>: \u0160velniai pakratykite buteliuk\u0105 ir prie\u0161 d\u017eiovinim\u0105 fenu tolygiai paskirstykite nedidel\u012f priemon\u0117s kiek\u012f ant vis\u0173 plauk\u0173, i\u0161\u0161ukuoti ir stilizuoti kaip norima.<\/p>\n","protected":false},"excerpt":{"rendered":"<p>\u0160ios i\u0161skirtin\u0117s putos: &#8211; suteikia plaukams apimties be fiksacijos; &#8211; stipriai kondicionuoja be apsunkinimo; &#8211; saugo nuo kar\u0161\u010dios (fenavimo ar stailingo metu); &#8211; efektyviai ma\u017eina plauk\u0173 elektrinim\u0105si, p\u016btim\u0105si, neriebina; &#8211; lengva, beveik besvor\u0117 tekst\u016bra suteikia ploniems plaukams gyvybingumo bei \u0161ilkinio \u0161velnumo. &nbsp; SUD\u0116TYJE: &#8211; MEDVILN\u0116S EKSTRAKTAS &#8211; maksimaliai dr\u0117kina netekusius dr\u0117gm\u0117s plaukus, didina plauk\u0173 elastingum\u0105 [&hellip;]<\/p>\n","protected":false},"featured_media":1372,"comment_status":"closed","ping_status":"closed","template":"","meta":{"site-sidebar-layout":"default","site-content-layout":"default","ast-site-content-layout":"","site-content-style":"default","site-sidebar-style":"default","ast-global-header-display":"","ast-banner-title-visibility":"","ast-main-header-display":"","ast-hfb-above-header-display":"","ast-hfb-below-header-display":"","ast-hfb-mobile-header-display":"","site-post-title":"","ast-breadcrumbs-content":"","ast-featured-img":"","footer-sml-layout":"","theme-transparent-header-meta":"default","adv-header-id-meta":"","stick-header-meta":"","header-above-stick-meta":"","header-main-stick-meta":"","header-below-stick-meta":"","astra-migrate-meta-layouts":"default","ast-page-background-enabled":"default","ast-page-background-meta":{"desktop":{"background-color":"var(--ast-global-color-4)","background-image":"","background-repeat":"repeat","background-position":"center center","background-size":"auto","background-attachment":"scroll","background-type":"","background-media":"","overlay-type":"","overlay-color":"","overlay-gradient":""},"tablet":{"background-color":"","background-image":"","background-repeat":"repeat","background-position":"center center","background-size":"auto","background-attachment":"scroll","background-type":"","background-media":"","overlay-type":"","overlay-color":"","overlay-gradient":""},"mobile":{"background-color":"","background-image":"","background-repeat":"repeat","background-position":"center center","background-size":"auto","background-attachment":"scroll","background-type":"","background-media":"","overlay-type":"","overlay-color":"","overlay-gradient":""}},"ast-content-background-meta":{"desktop":{"background-color":"var(--ast-global-color-5)","background-image":"","background-repeat":"repeat","background-position":"center center","background-size":"auto","background-attachment":"scroll","background-type":"","background-media":"","overlay-type":"","overlay-color":"","overlay-gradient":""},"tablet":{"background-color":"var(--ast-global-color-5)","background-image":"","background-repeat":"repeat","background-position":"center center","background-size":"auto","background-attachment":"scroll","background-type":"","background-media":"","overlay-type":"","overlay-color":"","overlay-gradient":""},"mobile":{"background-color":"var(--ast-global-color-5)","background-image":"","background-repeat":"repeat","background-position":"center center","background-size":"auto","background-attachment":"scroll","background-type":"","background-media":"","overlay-type":"","overlay-color":"","overlay-gradient":""}}},"product_brand":[],"product_cat":[15],"product_tag":[],"class_list":{"0":"post-1371","1":"product","2":"type-product","3":"status-publish","4":"has-post-thumbnail","6":"product_cat-be-kategorijos","7":"desktop-align-left","8":"tablet-align-left","9":"mobile-align-left","11":"first","12":"outofstock","13":"shipping-taxable","14":"purchasable","15":"product-type-simple"},"_links":{"self":[{"href":"https:\/\/sdstylegroziosalonas.lt\/index.php\/wp-json\/wp\/v2\/product\/1371","targetHints":{"allow":["GET"]}}],"collection":[{"href":"https:\/\/sdstylegroziosalonas.lt\/index.php\/wp-json\/wp\/v2\/product"}],"about":[{"href":"https:\/\/sdstylegroziosalonas.lt\/index.php\/wp-json\/wp\/v2\/types\/product"}],"replies":[{"embeddable":true,"href":"https:\/\/sdstylegroziosalonas.lt\/index.php\/wp-json\/wp\/v2\/comments?post=1371"}],"wp:featuredmedia":[{"embeddable":true,"href":"https:\/\/sdstylegroziosalonas.lt\/index.php\/wp-json\/wp\/v2\/media\/1372"}],"wp:attachment":[{"href":"https:\/\/sdstylegroziosalonas.lt\/index.php\/wp-json\/wp\/v2\/media?parent=1371"}],"wp:term":[{"taxonomy":"product_brand","embeddable":true,"href":"https:\/\/sdstylegroziosalonas.lt\/index.php\/wp-json\/wp\/v2\/product_brand?post=1371"},{"taxonomy":"product_cat","embeddable":true,"href":"https:\/\/sdstylegroziosalonas.lt\/index.php\/wp-json\/wp\/v2\/product_cat?post=1371"},{"taxonomy":"product_tag","embeddable":true,"href":"https:\/\/sdstylegroziosalonas.lt\/index.php\/wp-json\/wp\/v2\/product_tag?post=1371"}],"curies":[{"name":"wp","href":"https:\/\/api.w.org\/{rel}","templated":true}]}}