{"id":1373,"date":"2022-11-14T15:29:46","date_gmt":"2022-11-14T15:29:46","guid":{"rendered":"https:\/\/sdstylegroziosalonas.lt\/?post_type=product&#038;p=1373"},"modified":"2025-11-19T20:38:34","modified_gmt":"2025-11-19T20:38:34","slug":"renew-care-sampunas-ir-kauke-pazeistu-silpnu-ir-blankiu-plauku-prieziurai-100-vegan-2x100-ml","status":"publish","type":"product","link":"https:\/\/sdstylegroziosalonas.lt\/index.php\/product\/renew-care-sampunas-ir-kauke-pazeistu-silpnu-ir-blankiu-plauku-prieziurai-100-vegan-2x100-ml\/","title":{"rendered":"RENEW CARE \u0160amp\u016bnas ir kauk\u0117 pa\u017eeist\u0173, silpn\u0173 ir blanki\u0173 plauk\u0173 prie\u017ei\u016brai (100% VEGAN), 2&#215;100 ml"},"content":{"rendered":"<h2>APIE MARAES COLOR CARE LINIJ\u0104<\/h2>\n<p>&nbsp;<\/p>\n<p><strong>LINIJA PA\u017dEIST\u0172, SILPN\u0172 IR BLANKI\u0172 PLAUK\u0172 PRIE\u017dI\u016aRAI<\/strong><\/p>\n<p><strong>Stiprina, saugo ir atstato i\u0161 vidaus silpnus, blankius ir pa\u017eeistus d\u0117l bet koki\u0173 prie\u017eas\u010di\u0173 plaukus<\/strong><\/p>\n<p><strong>100 %\u00a0 VEGAN<\/strong><\/p>\n<p><strong>SUD\u0116TYJE N\u0116RA: PARABEN\u0172, DRUSK\u0172, SLS\/SLES, SILIKON\u0172, MINERALINI\u0172 ALIEJ\u0172, DEA<\/strong><\/p>\n<p>&nbsp;<\/p>\n<p><strong>VERTINGIAUSI INGREDIENTAI<\/strong><\/p>\n<p>MONOI DE TAHITI OIL \u00ae. Sertifikuotas nat\u016bralus ir organinis, itin eti\u0161kai surinkt\u0173 Tai\u010dio gardenijos \u017eied\u0173 fitolis (i\u0161trauka) kokos\u0173 rie\u0161ut\u0173 aliejuje \u2013 subtilus, \u0161velnus, rafinuotas bei nepaprastai vertingas bei efektyvus ingredientas plauk\u0173 atstatymo bei prie\u017ei\u016bros proced\u016broms. Tikras gro\u017eio eliksyras. Tai &#8211; grynas botaninis atogr\u0105\u017e\u0173 produktas, kuriame n\u0117ra joki\u0173 sintetini\u0173 pried\u0173 ar konservant\u0173, ir kuris ekstraguojamas Taityje (Pranc\u016bzijos Polinezijoje), grie\u017etai laikantis Appelation d&#8217;Origine &#8211; tradicinio gamybos b\u016bdo ir vietos reikalavim\u0173.<\/p>\n<p>Monoi de Tahiti \u00ae\u00a0 mink\u0161tina plaukus, i\u0161lygina plauko sieneles, padeda atkurti saus\u0173 ir pa\u017eeist\u0173 plauk\u0173 strukt\u016br\u0105, skatina plauk\u0173 augim\u0105, apsaugo nuo j\u0173 slinkimo, lengvina i\u0161\u0161ukavim\u0105, maitina galvos od\u0105, kovoja su pleiskanomis, nuostabiai tinka saus\u0173 ir skilin\u0117jan\u010di\u0173 plauk\u0173 galiuk\u0173 prie\u017ei\u016brai, suteikia svajingo nepaprasto dievi\u0161ko g\u0117linio aromato, pripa\u017e\u012fstamo afrodiziaku.<\/p>\n<p>DUMBLI\u0172 KOMPLEKSAS. Tai tikras gro\u017eio ir sveikatos eliksyras pa\u017eeistiems, patyrusiems stres\u0105 ir reikalaujantiems terapijos plaukams. Dumbliuose gausu mineralini\u0173 drusk\u0173 ir vitamin\u0173, pasi\u017eymin\u010di\u0173 itin efektyviomis remineralizacijos savyb\u0117mis, suteikian\u010di\u0173 plaukams stiprumo, atsparumo, elastingumo ir gyvyb\u0117s.<\/p>\n","protected":false},"excerpt":{"rendered":"<p>APIE MARAES COLOR CARE LINIJ\u0104 &nbsp; LINIJA PA\u017dEIST\u0172, SILPN\u0172 IR BLANKI\u0172 PLAUK\u0172 PRIE\u017dI\u016aRAI Stiprina, saugo ir atstato i\u0161 vidaus silpnus, blankius ir pa\u017eeistus d\u0117l bet koki\u0173 prie\u017eas\u010di\u0173 plaukus 100 %\u00a0 VEGAN SUD\u0116TYJE N\u0116RA: PARABEN\u0172, DRUSK\u0172, SLS\/SLES, SILIKON\u0172, MINERALINI\u0172 ALIEJ\u0172, DEA &nbsp; VERTINGIAUSI INGREDIENTAI MONOI DE TAHITI OIL \u00ae. Sertifikuotas nat\u016bralus ir organinis, itin eti\u0161kai surinkt\u0173 [&hellip;]<\/p>\n","protected":false},"featured_media":1374,"comment_status":"closed","ping_status":"closed","template":"","meta":{"site-sidebar-layout":"default","site-content-layout":"default","ast-site-content-layout":"","site-content-style":"default","site-sidebar-style":"default","ast-global-header-display":"","ast-banner-title-visibility":"","ast-main-header-display":"","ast-hfb-above-header-display":"","ast-hfb-below-header-display":"","ast-hfb-mobile-header-display":"","site-post-title":"","ast-breadcrumbs-content":"","ast-featured-img":"","footer-sml-layout":"","theme-transparent-header-meta":"default","adv-header-id-meta":"","stick-header-meta":"","header-above-stick-meta":"","header-main-stick-meta":"","header-below-stick-meta":"","astra-migrate-meta-layouts":"default","ast-page-background-enabled":"default","ast-page-background-meta":{"desktop":{"background-color":"var(--ast-global-color-4)","background-image":"","background-repeat":"repeat","background-position":"center center","background-size":"auto","background-attachment":"scroll","background-type":"","background-media":"","overlay-type":"","overlay-color":"","overlay-gradient":""},"tablet":{"background-color":"","background-image":"","background-repeat":"repeat","background-position":"center center","background-size":"auto","background-attachment":"scroll","background-type":"","background-media":"","overlay-type":"","overlay-color":"","overlay-gradient":""},"mobile":{"background-color":"","background-image":"","background-repeat":"repeat","background-position":"center center","background-size":"auto","background-attachment":"scroll","background-type":"","background-media":"","overlay-type":"","overlay-color":"","overlay-gradient":""}},"ast-content-background-meta":{"desktop":{"background-color":"var(--ast-global-color-5)","background-image":"","background-repeat":"repeat","background-position":"center center","background-size":"auto","background-attachment":"scroll","background-type":"","background-media":"","overlay-type":"","overlay-color":"","overlay-gradient":""},"tablet":{"background-color":"var(--ast-global-color-5)","background-image":"","background-repeat":"repeat","background-position":"center center","background-size":"auto","background-attachment":"scroll","background-type":"","background-media":"","overlay-type":"","overlay-color":"","overlay-gradient":""},"mobile":{"background-color":"var(--ast-global-color-5)","background-image":"","background-repeat":"repeat","background-position":"center center","background-size":"auto","background-attachment":"scroll","background-type":"","background-media":"","overlay-type":"","overlay-color":"","overlay-gradient":""}}},"product_brand":[],"product_cat":[15],"product_tag":[],"class_list":{"0":"post-1373","1":"product","2":"type-product","3":"status-publish","4":"has-post-thumbnail","6":"product_cat-be-kategorijos","7":"desktop-align-left","8":"tablet-align-left","9":"mobile-align-left","11":"first","12":"outofstock","13":"shipping-taxable","14":"purchasable","15":"product-type-simple"},"_links":{"self":[{"href":"https:\/\/sdstylegroziosalonas.lt\/index.php\/wp-json\/wp\/v2\/product\/1373","targetHints":{"allow":["GET"]}}],"collection":[{"href":"https:\/\/sdstylegroziosalonas.lt\/index.php\/wp-json\/wp\/v2\/product"}],"about":[{"href":"https:\/\/sdstylegroziosalonas.lt\/index.php\/wp-json\/wp\/v2\/types\/product"}],"replies":[{"embeddable":true,"href":"https:\/\/sdstylegroziosalonas.lt\/index.php\/wp-json\/wp\/v2\/comments?post=1373"}],"wp:featuredmedia":[{"embeddable":true,"href":"https:\/\/sdstylegroziosalonas.lt\/index.php\/wp-json\/wp\/v2\/media\/1374"}],"wp:attachment":[{"href":"https:\/\/sdstylegroziosalonas.lt\/index.php\/wp-json\/wp\/v2\/media?parent=1373"}],"wp:term":[{"taxonomy":"product_brand","embeddable":true,"href":"https:\/\/sdstylegroziosalonas.lt\/index.php\/wp-json\/wp\/v2\/product_brand?post=1373"},{"taxonomy":"product_cat","embeddable":true,"href":"https:\/\/sdstylegroziosalonas.lt\/index.php\/wp-json\/wp\/v2\/product_cat?post=1373"},{"taxonomy":"product_tag","embeddable":true,"href":"https:\/\/sdstylegroziosalonas.lt\/index.php\/wp-json\/wp\/v2\/product_tag?post=1373"}],"curies":[{"name":"wp","href":"https:\/\/api.w.org\/{rel}","templated":true}]}}