{"id":1375,"date":"2022-11-14T15:31:54","date_gmt":"2022-11-14T15:31:54","guid":{"rendered":"https:\/\/sdstylegroziosalonas.lt\/?post_type=product&#038;p=1375"},"modified":"2025-11-19T20:38:39","modified_gmt":"2025-11-19T20:38:39","slug":"color-care-sampunas-ir-kauke-dazytu-chemiskai-paveiktu-bei-pazeistu-plauku-prieziurai-100-vegan-kelioninis-rinkinys2x100-ml","status":"publish","type":"product","link":"https:\/\/sdstylegroziosalonas.lt\/index.php\/product\/color-care-sampunas-ir-kauke-dazytu-chemiskai-paveiktu-bei-pazeistu-plauku-prieziurai-100-vegan-kelioninis-rinkinys2x100-ml\/","title":{"rendered":"COLOR CARE \u0160amp\u016bnas ir kauk\u0117 da\u017eyt\u0173, chemi\u0161kai paveikt\u0173 bei pa\u017eeist\u0173 plauk\u0173 prie\u017ei\u016brai (100% VEGAN), kelioninis rinkinys2x100 ml"},"content":{"rendered":"<h2>APIE MARAES COLOR CARE LINIJ\u0104<\/h2>\n<p><b>LINIJA DA\u017dYT\u0172, CHEMI\u0160KAI PAVEIKT\u0172 BEI PA\u017dEIST\u0172 PLAUK\u0172 PRIE\u017dI\u016aRAI<\/b><\/p>\n<p><b>Saugo plaukus nuo nat\u016brali\u0173 ir aplinkos faktori\u0173 gr\u0117smi\u0173, padeda ilgam i\u0161saugoti da\u017eyt\u0173 plauk\u0173 spalv\u0105, jos kokyb\u0119, atsparum\u0105, gyvybingum\u0105 bei gro\u017e\u012f.\u00a0<\/b><\/p>\n<p><b>100 %\u00a0 VEGAN<\/b><\/p>\n<p><b>SUD\u0116TYJE N\u0116RA: PARABEN\u0172, DRUSK\u0172, SLS\/SLES, SILIKON\u0172, MINERALINI\u0172 ALIEJ\u0172, DEA<\/b><\/p>\n<p>&nbsp;<\/p>\n<p><strong>VERTINGIAUSI INGREDIENTAI<\/strong><\/p>\n<p>MONOI DE TAHITI OIL\u00ae. Sertifikuotas nat\u016bralus ir organinis, itin eti\u0161kai surinkt\u0173 Tai\u010dio gardenijos \u017eied\u0173 fitolis (i\u0161trauka) kokos\u0173 rie\u0161ut\u0173 aliejuje \u2013 subtilus, \u0161velnus, rafinuotas bei nepaprastai vertingas bei efektyvus ingredientas plauk\u0173 atstatymo bei prie\u017ei\u016bros proced\u016broms. Tikras gro\u017eio eliksyras. Tai &#8211; grynas botaninis atogr\u0105\u017e\u0173 produktas, kuriame n\u0117ra joki\u0173 sintetini\u0173 pried\u0173 ar konservant\u0173, ir kuris ekstraguojamas Taityje (Pranc\u016bzijos Polinezijoje), grie\u017etai laikantis Appelation d&#8217;Origine &#8211; tradicinio gamybos b\u016bdo ir vietos reikalavim\u0173.<\/p>\n<p>Monoi de Tahiti\u00ae\u00a0 mink\u0161tina plaukus, i\u0161lygina plauko sieneles, padeda atkurti saus\u0173 ir pa\u017eeist\u0173 plauk\u0173 strukt\u016br\u0105, skatina plauk\u0173 augim\u0105, apsaugo nuo j\u0173 slinkimo, lengvina i\u0161\u0161ukavim\u0105, maitina galvos od\u0105, kovoja su pleiskanomis, nuostabiai tinka saus\u0173 ir skilin\u0117jan\u010di\u0173 plauk\u0173 galiuk\u0173 prie\u017ei\u016brai, suteikia svajingo nepaprasto dievi\u0161ko g\u0117linio aromato, pripa\u017e\u012fstamo afrodiziaku.<\/p>\n<p>MAKADAMIJOS RIE\u0160UT\u0172 ALIEJUS. Apsaugo plaukus nuo spalvos i\u0161blukimo. Savo mink\u0161tinamojo poveikio deka regeneruoja plauko kutikules, maitina \u012fvairi\u0173 chemini\u0173 proced\u016br\u0173 paveiktus plaukus neapsunkindamas j\u0173.<\/p>\n<p>LIN\u0172 S\u0116MEN\u0172 ALIEJUS. Viena labiausiai \u017einom\u0173 efektyviausi\u0173 nat\u016brali\u0173 apsaugos ir atstatymo priemoni\u0173 stiprina plauko strukt\u016br\u0105, suteikia \u017evilgesio, r\u016bpinasi suskilin\u0117jusiais galiukais, u\u017edaro plauko \u017evynelius, taip suteikdamas plaukams gyvybingos i\u0161vaizdos ir kokyb\u0117s.<\/p>\n","protected":false},"excerpt":{"rendered":"<p>APIE MARAES COLOR CARE LINIJ\u0104 LINIJA DA\u017dYT\u0172, CHEMI\u0160KAI PAVEIKT\u0172 BEI PA\u017dEIST\u0172 PLAUK\u0172 PRIE\u017dI\u016aRAI Saugo plaukus nuo nat\u016brali\u0173 ir aplinkos faktori\u0173 gr\u0117smi\u0173, padeda ilgam i\u0161saugoti da\u017eyt\u0173 plauk\u0173 spalv\u0105, jos kokyb\u0119, atsparum\u0105, gyvybingum\u0105 bei gro\u017e\u012f.\u00a0 100 %\u00a0 VEGAN SUD\u0116TYJE N\u0116RA: PARABEN\u0172, DRUSK\u0172, SLS\/SLES, SILIKON\u0172, MINERALINI\u0172 ALIEJ\u0172, DEA &nbsp; VERTINGIAUSI INGREDIENTAI MONOI DE TAHITI OIL\u00ae. Sertifikuotas nat\u016bralus ir [&hellip;]<\/p>\n","protected":false},"featured_media":1376,"comment_status":"closed","ping_status":"closed","template":"","meta":{"site-sidebar-layout":"default","site-content-layout":"default","ast-site-content-layout":"","site-content-style":"default","site-sidebar-style":"default","ast-global-header-display":"","ast-banner-title-visibility":"","ast-main-header-display":"","ast-hfb-above-header-display":"","ast-hfb-below-header-display":"","ast-hfb-mobile-header-display":"","site-post-title":"","ast-breadcrumbs-content":"","ast-featured-img":"","footer-sml-layout":"","theme-transparent-header-meta":"default","adv-header-id-meta":"","stick-header-meta":"","header-above-stick-meta":"","header-main-stick-meta":"","header-below-stick-meta":"","astra-migrate-meta-layouts":"default","ast-page-background-enabled":"default","ast-page-background-meta":{"desktop":{"background-color":"var(--ast-global-color-4)","background-image":"","background-repeat":"repeat","background-position":"center center","background-size":"auto","background-attachment":"scroll","background-type":"","background-media":"","overlay-type":"","overlay-color":"","overlay-gradient":""},"tablet":{"background-color":"","background-image":"","background-repeat":"repeat","background-position":"center center","background-size":"auto","background-attachment":"scroll","background-type":"","background-media":"","overlay-type":"","overlay-color":"","overlay-gradient":""},"mobile":{"background-color":"","background-image":"","background-repeat":"repeat","background-position":"center center","background-size":"auto","background-attachment":"scroll","background-type":"","background-media":"","overlay-type":"","overlay-color":"","overlay-gradient":""}},"ast-content-background-meta":{"desktop":{"background-color":"var(--ast-global-color-5)","background-image":"","background-repeat":"repeat","background-position":"center center","background-size":"auto","background-attachment":"scroll","background-type":"","background-media":"","overlay-type":"","overlay-color":"","overlay-gradient":""},"tablet":{"background-color":"var(--ast-global-color-5)","background-image":"","background-repeat":"repeat","background-position":"center center","background-size":"auto","background-attachment":"scroll","background-type":"","background-media":"","overlay-type":"","overlay-color":"","overlay-gradient":""},"mobile":{"background-color":"var(--ast-global-color-5)","background-image":"","background-repeat":"repeat","background-position":"center center","background-size":"auto","background-attachment":"scroll","background-type":"","background-media":"","overlay-type":"","overlay-color":"","overlay-gradient":""}}},"product_brand":[],"product_cat":[15],"product_tag":[],"class_list":{"0":"post-1375","1":"product","2":"type-product","3":"status-publish","4":"has-post-thumbnail","6":"product_cat-be-kategorijos","7":"desktop-align-left","8":"tablet-align-left","9":"mobile-align-left","11":"first","12":"outofstock","13":"shipping-taxable","14":"purchasable","15":"product-type-simple"},"_links":{"self":[{"href":"https:\/\/sdstylegroziosalonas.lt\/index.php\/wp-json\/wp\/v2\/product\/1375","targetHints":{"allow":["GET"]}}],"collection":[{"href":"https:\/\/sdstylegroziosalonas.lt\/index.php\/wp-json\/wp\/v2\/product"}],"about":[{"href":"https:\/\/sdstylegroziosalonas.lt\/index.php\/wp-json\/wp\/v2\/types\/product"}],"replies":[{"embeddable":true,"href":"https:\/\/sdstylegroziosalonas.lt\/index.php\/wp-json\/wp\/v2\/comments?post=1375"}],"wp:featuredmedia":[{"embeddable":true,"href":"https:\/\/sdstylegroziosalonas.lt\/index.php\/wp-json\/wp\/v2\/media\/1376"}],"wp:attachment":[{"href":"https:\/\/sdstylegroziosalonas.lt\/index.php\/wp-json\/wp\/v2\/media?parent=1375"}],"wp:term":[{"taxonomy":"product_brand","embeddable":true,"href":"https:\/\/sdstylegroziosalonas.lt\/index.php\/wp-json\/wp\/v2\/product_brand?post=1375"},{"taxonomy":"product_cat","embeddable":true,"href":"https:\/\/sdstylegroziosalonas.lt\/index.php\/wp-json\/wp\/v2\/product_cat?post=1375"},{"taxonomy":"product_tag","embeddable":true,"href":"https:\/\/sdstylegroziosalonas.lt\/index.php\/wp-json\/wp\/v2\/product_tag?post=1375"}],"curies":[{"name":"wp","href":"https:\/\/api.w.org\/{rel}","templated":true}]}}