{"id":1377,"date":"2022-11-14T15:33:59","date_gmt":"2022-11-14T15:33:59","guid":{"rendered":"https:\/\/sdstylegroziosalonas.lt\/?post_type=product&#038;p=1377"},"modified":"2025-11-19T20:38:44","modified_gmt":"2025-11-19T20:38:44","slug":"curly-care-sampunas-ir-kondicionierius-garbanotiems-ir-banguotiems-plaukams-kelioninis-rinkinys-2x100-ml","status":"publish","type":"product","link":"https:\/\/sdstylegroziosalonas.lt\/index.php\/product\/curly-care-sampunas-ir-kondicionierius-garbanotiems-ir-banguotiems-plaukams-kelioninis-rinkinys-2x100-ml\/","title":{"rendered":"CURLY CARE \u0160amp\u016bnas ir kondicionierius garbanotiems ir banguotiems plaukams, kelioninis rinkinys 2&#215;100 ml"},"content":{"rendered":"<h2>APIE CURLY CARE LINIJA:<\/h2>\n<p><strong>LINIJA GARBANOT\u0172 IR BANGUOT\u0172 PLAUK\u0172 PRIE\u017dI\u016aRAI<\/strong><\/p>\n<p><strong>Suteikia garbanotiems ir banguotiems plaukams puikios nat\u016bralios tekst\u016bros, apimties, elastingumo, dovanoja ypating\u0105 \u017evilges\u012f.<\/strong><\/p>\n<p><strong>100 %\u00a0 VEGAN<\/strong><\/p>\n<p>&nbsp;<\/p>\n<p><strong>VERTINGIAUSI INGREDIENTAI<\/strong><\/p>\n<p>MONOI DE TAHITI OIL \u00ae. Sertifikuotas nat\u016bralus ir organinis, itin eti\u0161kai surinkt\u0173 Tai\u010dio gardenijos \u017eied\u0173 fitolis (i\u0161trauka) kokos\u0173 rie\u0161ut\u0173 aliejuje \u2013 subtilus, \u0161velnus, rafinuotas bei nepaprastai vertingas bei efektyvus ingredientas plauk\u0173 atstatymo bei prie\u017ei\u016bros proced\u016broms. Tikras gro\u017eio eliksyras. Tai &#8211; grynas botaninis atogr\u0105\u017e\u0173 produktas, kuriame n\u0117ra joki\u0173 sintetini\u0173 pried\u0173 ar konservant\u0173, ir kuris ekstraguojamas Taityje (Pranc\u016bzijos Polinezijoje), grie\u017etai laikantis Appelation d&#8217;Origine &#8211; tradicinio gamybos b\u016bdo ir vietos reikalavim\u0173.<\/p>\n<p>Monoi de Tahiti \u00ae\u00a0 mink\u0161tina plaukus, i\u0161lygina plauko sieneles, padeda atkurti saus\u0173 ir pa\u017eeist\u0173 plauk\u0173 strukt\u016br\u0105, skatina plauk\u0173 augim\u0105, apsaugo nuo j\u0173 slinkimo, lengvina i\u0161\u0161ukavim\u0105, maitina galvos od\u0105, kovoja su pleiskanomis, nuostabiai tinka saus\u0173 ir skilin\u0117jan\u010di\u0173 plauk\u0173 galiuk\u0173 prie\u017ei\u016brai, suteikia svajingo nepaprasto dievi\u0161ko g\u0117linio aromato, pripa\u017e\u012fstamo afrodiziaku.<\/p>\n<p>KYNVOS (BOLIVIN\u0116S BALANDOS) EKSTRAKTAS. Unikalus vertingas ekstraktas, turtingas skaidulomis ir pluo\u0161to, tauri\u0173j\u0173 mineral\u0173 bei amino r\u016bg\u0161\u010di\u0173, taip reikaling\u0173 nuolatinei plauko gerovei ir sveikatai. Sud\u0117tyje esantis lizinas, kurio organizmas pats negamina, yra gyvybi\u0161kai b\u016btinas gamybai nat\u016bralaus kolageno, kuris savo ruo\u017etu yra b\u016btinas garban\u0173 ir bang\u0173 kokybi\u0161kam elastingumui.<\/p>\n<p>AUKSO EKSTRAKTAS. Brangus ir vertingas ingredientas linijos produkt\u0173 formul\u0117se geriausiai \u017einomas d\u0117l savo blizgesio, sinergijoje su kvyn\u0117jos ekstraktu didina jos poveik\u012f plauk\u0173 elastingumui, gerovei ir kokybei, stimuliuojant b\u016btin\u0105 garbanoms elastino gamyb\u0105, prie\u0161inantis sen\u0117jimo procesams, suteikiant garbanoms ir bangoms apimties ir \u0161vyt\u0117jimo.<\/p>\n","protected":false},"excerpt":{"rendered":"<p>APIE CURLY CARE LINIJA: LINIJA GARBANOT\u0172 IR BANGUOT\u0172 PLAUK\u0172 PRIE\u017dI\u016aRAI Suteikia garbanotiems ir banguotiems plaukams puikios nat\u016bralios tekst\u016bros, apimties, elastingumo, dovanoja ypating\u0105 \u017evilges\u012f. 100 %\u00a0 VEGAN &nbsp; VERTINGIAUSI INGREDIENTAI MONOI DE TAHITI OIL \u00ae. Sertifikuotas nat\u016bralus ir organinis, itin eti\u0161kai surinkt\u0173 Tai\u010dio gardenijos \u017eied\u0173 fitolis (i\u0161trauka) kokos\u0173 rie\u0161ut\u0173 aliejuje \u2013 subtilus, \u0161velnus, rafinuotas bei nepaprastai [&hellip;]<\/p>\n","protected":false},"featured_media":1378,"comment_status":"closed","ping_status":"closed","template":"","meta":{"site-sidebar-layout":"default","site-content-layout":"default","ast-site-content-layout":"","site-content-style":"default","site-sidebar-style":"default","ast-global-header-display":"","ast-banner-title-visibility":"","ast-main-header-display":"","ast-hfb-above-header-display":"","ast-hfb-below-header-display":"","ast-hfb-mobile-header-display":"","site-post-title":"","ast-breadcrumbs-content":"","ast-featured-img":"","footer-sml-layout":"","theme-transparent-header-meta":"default","adv-header-id-meta":"","stick-header-meta":"","header-above-stick-meta":"","header-main-stick-meta":"","header-below-stick-meta":"","astra-migrate-meta-layouts":"default","ast-page-background-enabled":"default","ast-page-background-meta":{"desktop":{"background-color":"var(--ast-global-color-4)","background-image":"","background-repeat":"repeat","background-position":"center center","background-size":"auto","background-attachment":"scroll","background-type":"","background-media":"","overlay-type":"","overlay-color":"","overlay-gradient":""},"tablet":{"background-color":"","background-image":"","background-repeat":"repeat","background-position":"center center","background-size":"auto","background-attachment":"scroll","background-type":"","background-media":"","overlay-type":"","overlay-color":"","overlay-gradient":""},"mobile":{"background-color":"","background-image":"","background-repeat":"repeat","background-position":"center center","background-size":"auto","background-attachment":"scroll","background-type":"","background-media":"","overlay-type":"","overlay-color":"","overlay-gradient":""}},"ast-content-background-meta":{"desktop":{"background-color":"var(--ast-global-color-5)","background-image":"","background-repeat":"repeat","background-position":"center center","background-size":"auto","background-attachment":"scroll","background-type":"","background-media":"","overlay-type":"","overlay-color":"","overlay-gradient":""},"tablet":{"background-color":"var(--ast-global-color-5)","background-image":"","background-repeat":"repeat","background-position":"center center","background-size":"auto","background-attachment":"scroll","background-type":"","background-media":"","overlay-type":"","overlay-color":"","overlay-gradient":""},"mobile":{"background-color":"var(--ast-global-color-5)","background-image":"","background-repeat":"repeat","background-position":"center center","background-size":"auto","background-attachment":"scroll","background-type":"","background-media":"","overlay-type":"","overlay-color":"","overlay-gradient":""}}},"product_brand":[],"product_cat":[15],"product_tag":[],"class_list":{"0":"post-1377","1":"product","2":"type-product","3":"status-publish","4":"has-post-thumbnail","6":"product_cat-be-kategorijos","7":"desktop-align-left","8":"tablet-align-left","9":"mobile-align-left","11":"first","12":"outofstock","13":"shipping-taxable","14":"purchasable","15":"product-type-simple"},"_links":{"self":[{"href":"https:\/\/sdstylegroziosalonas.lt\/index.php\/wp-json\/wp\/v2\/product\/1377","targetHints":{"allow":["GET"]}}],"collection":[{"href":"https:\/\/sdstylegroziosalonas.lt\/index.php\/wp-json\/wp\/v2\/product"}],"about":[{"href":"https:\/\/sdstylegroziosalonas.lt\/index.php\/wp-json\/wp\/v2\/types\/product"}],"replies":[{"embeddable":true,"href":"https:\/\/sdstylegroziosalonas.lt\/index.php\/wp-json\/wp\/v2\/comments?post=1377"}],"wp:featuredmedia":[{"embeddable":true,"href":"https:\/\/sdstylegroziosalonas.lt\/index.php\/wp-json\/wp\/v2\/media\/1378"}],"wp:attachment":[{"href":"https:\/\/sdstylegroziosalonas.lt\/index.php\/wp-json\/wp\/v2\/media?parent=1377"}],"wp:term":[{"taxonomy":"product_brand","embeddable":true,"href":"https:\/\/sdstylegroziosalonas.lt\/index.php\/wp-json\/wp\/v2\/product_brand?post=1377"},{"taxonomy":"product_cat","embeddable":true,"href":"https:\/\/sdstylegroziosalonas.lt\/index.php\/wp-json\/wp\/v2\/product_cat?post=1377"},{"taxonomy":"product_tag","embeddable":true,"href":"https:\/\/sdstylegroziosalonas.lt\/index.php\/wp-json\/wp\/v2\/product_tag?post=1377"}],"curies":[{"name":"wp","href":"https:\/\/api.w.org\/{rel}","templated":true}]}}