{"id":1480,"date":"2024-01-09T19:42:36","date_gmt":"2024-01-09T19:42:36","guid":{"rendered":"https:\/\/sdstylegroziosalonas.lt\/?post_type=product&#038;p=1480"},"modified":"2025-11-19T20:39:01","modified_gmt":"2025-11-19T20:39:01","slug":"insta-curls-kremas-garbanotiems-ar-banguotiems-plaukams-isryskinti-150-ml","status":"publish","type":"product","link":"https:\/\/sdstylegroziosalonas.lt\/index.php\/product\/insta-curls-kremas-garbanotiems-ar-banguotiems-plaukams-isryskinti-150-ml\/","title":{"rendered":"INSTA-CURLS Kremas garbanotiems ar banguotiems plaukams i\u0161ry\u0161kinti, 150 ml"},"content":{"rendered":"<h4 class=\"section-title\">Apra\u0161ymas<\/h4>\n<div class=\"section-content\">\n<div class=\"product-description\">\n<div class=\"rte-content\">\n<p><b>INSTA-CURLS Kremas garbanotiems ar banguotiems plaukams i\u0161ry\u0161kinti, 150 ml<\/b><\/p>\n<p>100% bealkoholin\u0117 formul\u0117 leid\u017eia i\u0161saugoti dr\u0117gm\u0119 plaukuose, j\u0173 blizges\u012f, priduoda papildomos j\u0117gos, prabangios i\u0161rai\u0161kos bei elastingumo garbanoms.<\/p>\n<p>Neleid\u017eia plaukams p\u016bstis, veltis, pabr\u0117\u017eia garbanot\u0173 plauk\u0173 fakt\u016br\u0105.<\/p>\n<p>Saugo plaukus nuo auk\u0161t\u0173 temperat\u016br\u0173 d\u017eiovinimo ar formavimo metu. Formul\u0117 praturtinta vitaminu E, kakadu slyv\u0173 ekstraktu, saul\u0117gr\u0105\u017e\u0173 s\u0117kl\u0173 ir alyvuogi\u0173 aliejais.<\/p>\n<p><strong>NAUDOJIMAS<\/strong>: Nedidel\u012f kiek\u012f priemon\u0117s tolygiai paskirstykite ant \u0161vari\u0173 ir rank\u0161luos\u010diu apd\u017eiovint\u0173 plauk\u0173 per vis\u0105 plauko ilg\u012f nuo \u0161akn\u0173 iki galiuk\u0173, ir d\u017eiovinti fenu palenkus galv\u0105 \u017eemyn (arba modeliuokite kaip norite arba palikite d\u017ei\u016bti nat\u016braliai)<\/p>\n<p><strong>Be alkoholio, be paraben\u0173.<\/strong><\/p>\n<p>Kertiniai ingredientai: vitaminas E, kakadu slyvos ekstraktas, hidrolizuotas rie\u0161uto ekstraktas, alyvuogi\u0173 ir saul\u0117gr\u0105\u017e\u0173 aliej\u0173 ekstraktai.<\/p>\n<p><em>&#8211; I\u0160RY\u0160KINA IR PABR\u0116\u017dIA GARBANAS<br \/>\n&#8211;\u00a0<\/em><em>MINK\u0160TINA<br \/>\n&#8211;\u00a0<\/em><em>PA\u0160ALINA V\u0116LIM\u0104SI<br \/>\n&#8211;\u00a0<\/em><em>DR\u0116KINA<br \/>\n&#8211;\u00a0<\/em><em>APSAUGO NUO KAR\u0160\u010cIO<\/em><\/p>\n<\/div>\n<\/div>\n<\/div>\n","protected":false},"excerpt":{"rendered":"<p>Apra\u0161ymas INSTA-CURLS Kremas garbanotiems ar banguotiems plaukams i\u0161ry\u0161kinti, 150 ml 100% bealkoholin\u0117 formul\u0117 leid\u017eia i\u0161saugoti dr\u0117gm\u0119 plaukuose, j\u0173 blizges\u012f, priduoda papildomos j\u0117gos, prabangios i\u0161rai\u0161kos bei elastingumo garbanoms. Neleid\u017eia plaukams p\u016bstis, veltis, pabr\u0117\u017eia garbanot\u0173 plauk\u0173 fakt\u016br\u0105. Saugo plaukus nuo auk\u0161t\u0173 temperat\u016br\u0173 d\u017eiovinimo ar formavimo metu. Formul\u0117 praturtinta vitaminu E, kakadu slyv\u0173 ekstraktu, saul\u0117gr\u0105\u017e\u0173 s\u0117kl\u0173 ir alyvuogi\u0173 [&hellip;]<\/p>\n","protected":false},"featured_media":1481,"comment_status":"closed","ping_status":"closed","template":"","meta":{"site-sidebar-layout":"default","site-content-layout":"","ast-site-content-layout":"default","site-content-style":"default","site-sidebar-style":"default","ast-global-header-display":"","ast-banner-title-visibility":"","ast-main-header-display":"","ast-hfb-above-header-display":"","ast-hfb-below-header-display":"","ast-hfb-mobile-header-display":"","site-post-title":"","ast-breadcrumbs-content":"","ast-featured-img":"","footer-sml-layout":"","theme-transparent-header-meta":"default","adv-header-id-meta":"","stick-header-meta":"","header-above-stick-meta":"","header-main-stick-meta":"","header-below-stick-meta":"","astra-migrate-meta-layouts":"set","ast-page-background-enabled":"default","ast-page-background-meta":{"desktop":{"background-color":"var(--ast-global-color-4)","background-image":"","background-repeat":"repeat","background-position":"center center","background-size":"auto","background-attachment":"scroll","background-type":"","background-media":"","overlay-type":"","overlay-color":"","overlay-gradient":""},"tablet":{"background-color":"","background-image":"","background-repeat":"repeat","background-position":"center center","background-size":"auto","background-attachment":"scroll","background-type":"","background-media":"","overlay-type":"","overlay-color":"","overlay-gradient":""},"mobile":{"background-color":"","background-image":"","background-repeat":"repeat","background-position":"center center","background-size":"auto","background-attachment":"scroll","background-type":"","background-media":"","overlay-type":"","overlay-color":"","overlay-gradient":""}},"ast-content-background-meta":{"desktop":{"background-color":"var(--ast-global-color-5)","background-image":"","background-repeat":"repeat","background-position":"center center","background-size":"auto","background-attachment":"scroll","background-type":"","background-media":"","overlay-type":"","overlay-color":"","overlay-gradient":""},"tablet":{"background-color":"var(--ast-global-color-5)","background-image":"","background-repeat":"repeat","background-position":"center center","background-size":"auto","background-attachment":"scroll","background-type":"","background-media":"","overlay-type":"","overlay-color":"","overlay-gradient":""},"mobile":{"background-color":"var(--ast-global-color-5)","background-image":"","background-repeat":"repeat","background-position":"center center","background-size":"auto","background-attachment":"scroll","background-type":"","background-media":"","overlay-type":"","overlay-color":"","overlay-gradient":""}}},"product_brand":[],"product_cat":[15],"product_tag":[],"class_list":{"0":"post-1480","1":"product","2":"type-product","3":"status-publish","4":"has-post-thumbnail","6":"product_cat-be-kategorijos","7":"desktop-align-left","8":"tablet-align-left","9":"mobile-align-left","11":"first","12":"outofstock","13":"shipping-taxable","14":"purchasable","15":"product-type-simple"},"_links":{"self":[{"href":"https:\/\/sdstylegroziosalonas.lt\/index.php\/wp-json\/wp\/v2\/product\/1480","targetHints":{"allow":["GET"]}}],"collection":[{"href":"https:\/\/sdstylegroziosalonas.lt\/index.php\/wp-json\/wp\/v2\/product"}],"about":[{"href":"https:\/\/sdstylegroziosalonas.lt\/index.php\/wp-json\/wp\/v2\/types\/product"}],"replies":[{"embeddable":true,"href":"https:\/\/sdstylegroziosalonas.lt\/index.php\/wp-json\/wp\/v2\/comments?post=1480"}],"wp:featuredmedia":[{"embeddable":true,"href":"https:\/\/sdstylegroziosalonas.lt\/index.php\/wp-json\/wp\/v2\/media\/1481"}],"wp:attachment":[{"href":"https:\/\/sdstylegroziosalonas.lt\/index.php\/wp-json\/wp\/v2\/media?parent=1480"}],"wp:term":[{"taxonomy":"product_brand","embeddable":true,"href":"https:\/\/sdstylegroziosalonas.lt\/index.php\/wp-json\/wp\/v2\/product_brand?post=1480"},{"taxonomy":"product_cat","embeddable":true,"href":"https:\/\/sdstylegroziosalonas.lt\/index.php\/wp-json\/wp\/v2\/product_cat?post=1480"},{"taxonomy":"product_tag","embeddable":true,"href":"https:\/\/sdstylegroziosalonas.lt\/index.php\/wp-json\/wp\/v2\/product_tag?post=1480"}],"curies":[{"name":"wp","href":"https:\/\/api.w.org\/{rel}","templated":true}]}}