{"id":1482,"date":"2024-01-09T19:44:48","date_gmt":"2024-01-09T19:44:48","guid":{"rendered":"https:\/\/sdstylegroziosalonas.lt\/?post_type=product&#038;p=1482"},"modified":"2025-11-19T20:39:07","modified_gmt":"2025-11-19T20:39:07","slug":"primer-multifunkcinis-fluidas-nuo-putimosi-elektrinimosi-glotninantis-tiesinantis-suteikiantis-minkstumo-blizgesio-200-ml","status":"publish","type":"product","link":"https:\/\/sdstylegroziosalonas.lt\/index.php\/product\/primer-multifunkcinis-fluidas-nuo-putimosi-elektrinimosi-glotninantis-tiesinantis-suteikiantis-minkstumo-blizgesio-200-ml\/","title":{"rendered":"PRIMER Multifunkcinis fluidas, nuo p\u016btimosi, elektrinimosi, glotninantis, tiesinantis, suteikiantis mink\u0161tumo, blizgesio, 200 ml"},"content":{"rendered":"<h4 class=\"section-title\">Apra\u0161ymas<\/h4>\n<div class=\"section-content\">\n<div class=\"product-description\">\n<div class=\"rte-content\">\n<p><strong>PRIMER &#8211; Natural Hold Control, 200 ml<\/strong>\u00a0&#8211; Priemon\u0117, priduodanti plaukams paklusnumo, lengvinanti su\u0161ukavim\u0105 (ir kirpimo proces\u0105) steikianti nuostabios tekst\u016bros, neleid\u017eianti plaukams elektrintis ir p\u016bstis. Suteikianti plaukams geros i\u0161vaizdos visos dienos b\u0117gyje, nes nereikalauja da\u017eno \u0161ukavimo ir tvarkymo, atkelia plaukus nuo \u0161akn\u0173 (taip jie ma\u017eiau riebaluojasi)<\/p>\n<p>Apsaugo nuo kar\u0161\u010dio.<\/p>\n<p>Sud\u0117tyje esantis vitaminas E saugo plaukus nuo i\u0161saus\u0117jimo d\u017eiovinimo metu.<\/p>\n<p><strong>NAUDOJIMAS<\/strong>: Prie\u0161 d\u017eiovinim\u0105 fenu &#8211; nedidel\u012f kiek\u012f priemon\u0117s tolygiai paskirstykite per vis\u0105 plauko ilg\u012f nuo galiuk\u0173 iki \u0161akn\u0173 ir formuokite \u0161ukuosen\u0105, kaip norite (galima naudoti ir ant saus\u0173 plauk\u0173). Suteikia nat\u016brali\u0173 blizgan\u010di\u0173 sveik\u0173 plauk\u0173 efekt\u0105.<\/p>\n<p><strong>Be silikon\u0173, be mineralini\u0173 aliej\u0173, be paraben\u0173<\/strong><\/p>\n<p>Kertiniai ingredientai: vitaminas E, specializuoti polimerai<\/p>\n<p><i>&#8211; NAT\u016aRALIAI \u0160VELNIAI SUVALDO PLAUKUS, J\u0172 SU\u0160UKAVIM\u0104 (IR KIRPIMO PROCES\u0104)<\/i><\/p>\n<p><i>&#8211; MA\u017dINA P\u016aTIM\u0104SI, ELEKTRINIM\u0104SI, SUTEIKIA NAT\u016aRALIOS APIMTIES, ATKELIA PLAUKUS NUO \u0160AKN\u0172,<\/i><\/p>\n<p><i>&#8211; SAUGO NUO KAR\u0160\u010cIO TIEK D\u017dIOVINANT D\u017dIOVINTUVU, TIEK KAR\u0160TO ORO S\u0104LYGOSE<\/i><\/p>\n<p><i>&#8211; PLAUKAI NEREIKALAUJA DA\u017dNO \u0160UKAVIMO, DIENOS B\u0116GYJE I\u0160LIEKA RYTIN\u0116S \u0160VIE\u017dIOS FORMOS,\u00a0<\/i><\/p>\n<p><i>&#8211; PRIDUODA BLIZGESIO, ELASTINGUMO<\/i><\/p>\n<p><i>&#8211; NAT\u016aRALUS \u012eVAIZDIS<\/i><\/p>\n<\/div>\n<\/div>\n<\/div>\n","protected":false},"excerpt":{"rendered":"<p>Apra\u0161ymas PRIMER &#8211; Natural Hold Control, 200 ml\u00a0&#8211; Priemon\u0117, priduodanti plaukams paklusnumo, lengvinanti su\u0161ukavim\u0105 (ir kirpimo proces\u0105) steikianti nuostabios tekst\u016bros, neleid\u017eianti plaukams elektrintis ir p\u016bstis. Suteikianti plaukams geros i\u0161vaizdos visos dienos b\u0117gyje, nes nereikalauja da\u017eno \u0161ukavimo ir tvarkymo, atkelia plaukus nuo \u0161akn\u0173 (taip jie ma\u017eiau riebaluojasi) Apsaugo nuo kar\u0161\u010dio. Sud\u0117tyje esantis vitaminas E saugo plaukus [&hellip;]<\/p>\n","protected":false},"featured_media":1483,"comment_status":"closed","ping_status":"closed","template":"","meta":{"site-sidebar-layout":"default","site-content-layout":"","ast-site-content-layout":"default","site-content-style":"default","site-sidebar-style":"default","ast-global-header-display":"","ast-banner-title-visibility":"","ast-main-header-display":"","ast-hfb-above-header-display":"","ast-hfb-below-header-display":"","ast-hfb-mobile-header-display":"","site-post-title":"","ast-breadcrumbs-content":"","ast-featured-img":"","footer-sml-layout":"","theme-transparent-header-meta":"default","adv-header-id-meta":"","stick-header-meta":"","header-above-stick-meta":"","header-main-stick-meta":"","header-below-stick-meta":"","astra-migrate-meta-layouts":"set","ast-page-background-enabled":"default","ast-page-background-meta":{"desktop":{"background-color":"var(--ast-global-color-4)","background-image":"","background-repeat":"repeat","background-position":"center center","background-size":"auto","background-attachment":"scroll","background-type":"","background-media":"","overlay-type":"","overlay-color":"","overlay-gradient":""},"tablet":{"background-color":"","background-image":"","background-repeat":"repeat","background-position":"center center","background-size":"auto","background-attachment":"scroll","background-type":"","background-media":"","overlay-type":"","overlay-color":"","overlay-gradient":""},"mobile":{"background-color":"","background-image":"","background-repeat":"repeat","background-position":"center center","background-size":"auto","background-attachment":"scroll","background-type":"","background-media":"","overlay-type":"","overlay-color":"","overlay-gradient":""}},"ast-content-background-meta":{"desktop":{"background-color":"var(--ast-global-color-5)","background-image":"","background-repeat":"repeat","background-position":"center center","background-size":"auto","background-attachment":"scroll","background-type":"","background-media":"","overlay-type":"","overlay-color":"","overlay-gradient":""},"tablet":{"background-color":"var(--ast-global-color-5)","background-image":"","background-repeat":"repeat","background-position":"center center","background-size":"auto","background-attachment":"scroll","background-type":"","background-media":"","overlay-type":"","overlay-color":"","overlay-gradient":""},"mobile":{"background-color":"var(--ast-global-color-5)","background-image":"","background-repeat":"repeat","background-position":"center center","background-size":"auto","background-attachment":"scroll","background-type":"","background-media":"","overlay-type":"","overlay-color":"","overlay-gradient":""}}},"product_brand":[],"product_cat":[15],"product_tag":[],"class_list":{"0":"post-1482","1":"product","2":"type-product","3":"status-publish","4":"has-post-thumbnail","6":"product_cat-be-kategorijos","7":"desktop-align-left","8":"tablet-align-left","9":"mobile-align-left","11":"first","12":"outofstock","13":"shipping-taxable","14":"purchasable","15":"product-type-simple"},"_links":{"self":[{"href":"https:\/\/sdstylegroziosalonas.lt\/index.php\/wp-json\/wp\/v2\/product\/1482","targetHints":{"allow":["GET"]}}],"collection":[{"href":"https:\/\/sdstylegroziosalonas.lt\/index.php\/wp-json\/wp\/v2\/product"}],"about":[{"href":"https:\/\/sdstylegroziosalonas.lt\/index.php\/wp-json\/wp\/v2\/types\/product"}],"replies":[{"embeddable":true,"href":"https:\/\/sdstylegroziosalonas.lt\/index.php\/wp-json\/wp\/v2\/comments?post=1482"}],"wp:featuredmedia":[{"embeddable":true,"href":"https:\/\/sdstylegroziosalonas.lt\/index.php\/wp-json\/wp\/v2\/media\/1483"}],"wp:attachment":[{"href":"https:\/\/sdstylegroziosalonas.lt\/index.php\/wp-json\/wp\/v2\/media?parent=1482"}],"wp:term":[{"taxonomy":"product_brand","embeddable":true,"href":"https:\/\/sdstylegroziosalonas.lt\/index.php\/wp-json\/wp\/v2\/product_brand?post=1482"},{"taxonomy":"product_cat","embeddable":true,"href":"https:\/\/sdstylegroziosalonas.lt\/index.php\/wp-json\/wp\/v2\/product_cat?post=1482"},{"taxonomy":"product_tag","embeddable":true,"href":"https:\/\/sdstylegroziosalonas.lt\/index.php\/wp-json\/wp\/v2\/product_tag?post=1482"}],"curies":[{"name":"wp","href":"https:\/\/api.w.org\/{rel}","templated":true}]}}