{"id":1484,"date":"2024-01-09T19:48:10","date_gmt":"2024-01-09T19:48:10","guid":{"rendered":"https:\/\/sdstylegroziosalonas.lt\/?post_type=product&#038;p=1484"},"modified":"2025-11-19T20:39:12","modified_gmt":"2025-11-19T20:39:12","slug":"cotril-purskiama-termo-apsauga-plaukams-firewall-250ml","status":"publish","type":"product","link":"https:\/\/sdstylegroziosalonas.lt\/index.php\/product\/cotril-purskiama-termo-apsauga-plaukams-firewall-250ml\/","title":{"rendered":"Cotril Pur\u0161kiama termo apsauga plaukams FIREWALL 250ml"},"content":{"rendered":"<p>Nuo kar\u0161\u010dio apsaugantis pur\u0161kiklis, sukurtas siekiant apsaugoti plaukus nuo auk\u0161tos temperat\u016bros, kuri\u0105 sukelia plauk\u0173 tiesintuvas, garbanojimo \u017enypl\u0117s ir plauk\u0173 d\u017eiovintuvas. Jo vertingos veikliosios med\u017eiagos sukuria pl\u0117vel\u0119 ant plauk\u0173, kuri apsaugo nuo per didelio plauk\u0173 strukt\u016bros i\u0161saus\u0117jimo, i\u0161saugo nat\u016bral\u0173 elastingumo ir lankstumo lyg\u012f, pagreitindama formavim\u0105. Pa\u0161alindama pa\u0161iau\u0161imo efekt\u0105, Firewall palengvina plauk\u0173 tiesintuvo ir garbanojimo \u017enypli\u0173 slydim\u0105 ir padeda sustiprinti auk\u0161tos temperat\u016bros paveiktus plaukus, kad garbanos i\u0161likt\u0173 glotnios ir apibr\u0117\u017etos. Idealiai tinka bet kokio tipo formavimui, i\u0161saugant plauk\u0173 strukt\u016bros gerov\u0119, kad plaukai b\u016bt\u0173 sveiki ir tvarkingi.<\/p>\n<p>Fiksacija: 1\/6 (silpna)<\/p>\n<p>Naudojimas: prie\u0161 naudodami \u0161ilumos \u0161altin\u012f (d\u017eiovintuv\u0105, tiesintuv\u0105, garbanojimo \u017enyples), tolygiai paskirstikite FIREWALL pur\u0161kiam\u0105 priemon\u0119 ant rank\u0161luos\u010diu nusausint\u0173 arba saus\u0173 plauk\u0173, ypa\u010d d\u0117mesio skirti plauk\u0173 ilgiui ir galiukams; tada t\u0119skite plauk\u0173 formavim\u0105.<\/p>\n<p>Talpa: 250ml<\/p>\n","protected":false},"excerpt":{"rendered":"<p>Nuo kar\u0161\u010dio apsaugantis pur\u0161kiklis, sukurtas siekiant apsaugoti plaukus nuo auk\u0161tos temperat\u016bros, kuri\u0105 sukelia plauk\u0173 tiesintuvas, garbanojimo \u017enypl\u0117s ir plauk\u0173 d\u017eiovintuvas. Jo vertingos veikliosios med\u017eiagos sukuria pl\u0117vel\u0119 ant plauk\u0173, kuri apsaugo nuo per didelio plauk\u0173 strukt\u016bros i\u0161saus\u0117jimo, i\u0161saugo nat\u016bral\u0173 elastingumo ir lankstumo lyg\u012f, pagreitindama formavim\u0105. Pa\u0161alindama pa\u0161iau\u0161imo efekt\u0105, Firewall palengvina plauk\u0173 tiesintuvo ir garbanojimo \u017enypli\u0173 slydim\u0105 [&hellip;]<\/p>\n","protected":false},"featured_media":1485,"comment_status":"closed","ping_status":"closed","template":"","meta":{"site-sidebar-layout":"default","site-content-layout":"","ast-site-content-layout":"default","site-content-style":"default","site-sidebar-style":"default","ast-global-header-display":"","ast-banner-title-visibility":"","ast-main-header-display":"","ast-hfb-above-header-display":"","ast-hfb-below-header-display":"","ast-hfb-mobile-header-display":"","site-post-title":"","ast-breadcrumbs-content":"","ast-featured-img":"","footer-sml-layout":"","theme-transparent-header-meta":"default","adv-header-id-meta":"","stick-header-meta":"","header-above-stick-meta":"","header-main-stick-meta":"","header-below-stick-meta":"","astra-migrate-meta-layouts":"set","ast-page-background-enabled":"default","ast-page-background-meta":{"desktop":{"background-color":"var(--ast-global-color-4)","background-image":"","background-repeat":"repeat","background-position":"center center","background-size":"auto","background-attachment":"scroll","background-type":"","background-media":"","overlay-type":"","overlay-color":"","overlay-gradient":""},"tablet":{"background-color":"","background-image":"","background-repeat":"repeat","background-position":"center center","background-size":"auto","background-attachment":"scroll","background-type":"","background-media":"","overlay-type":"","overlay-color":"","overlay-gradient":""},"mobile":{"background-color":"","background-image":"","background-repeat":"repeat","background-position":"center center","background-size":"auto","background-attachment":"scroll","background-type":"","background-media":"","overlay-type":"","overlay-color":"","overlay-gradient":""}},"ast-content-background-meta":{"desktop":{"background-color":"var(--ast-global-color-5)","background-image":"","background-repeat":"repeat","background-position":"center center","background-size":"auto","background-attachment":"scroll","background-type":"","background-media":"","overlay-type":"","overlay-color":"","overlay-gradient":""},"tablet":{"background-color":"var(--ast-global-color-5)","background-image":"","background-repeat":"repeat","background-position":"center center","background-size":"auto","background-attachment":"scroll","background-type":"","background-media":"","overlay-type":"","overlay-color":"","overlay-gradient":""},"mobile":{"background-color":"var(--ast-global-color-5)","background-image":"","background-repeat":"repeat","background-position":"center center","background-size":"auto","background-attachment":"scroll","background-type":"","background-media":"","overlay-type":"","overlay-color":"","overlay-gradient":""}}},"product_brand":[],"product_cat":[15],"product_tag":[],"class_list":{"0":"post-1484","1":"product","2":"type-product","3":"status-publish","4":"has-post-thumbnail","6":"product_cat-be-kategorijos","7":"desktop-align-left","8":"tablet-align-left","9":"mobile-align-left","11":"first","12":"outofstock","13":"shipping-taxable","14":"purchasable","15":"product-type-simple"},"_links":{"self":[{"href":"https:\/\/sdstylegroziosalonas.lt\/index.php\/wp-json\/wp\/v2\/product\/1484","targetHints":{"allow":["GET"]}}],"collection":[{"href":"https:\/\/sdstylegroziosalonas.lt\/index.php\/wp-json\/wp\/v2\/product"}],"about":[{"href":"https:\/\/sdstylegroziosalonas.lt\/index.php\/wp-json\/wp\/v2\/types\/product"}],"replies":[{"embeddable":true,"href":"https:\/\/sdstylegroziosalonas.lt\/index.php\/wp-json\/wp\/v2\/comments?post=1484"}],"wp:featuredmedia":[{"embeddable":true,"href":"https:\/\/sdstylegroziosalonas.lt\/index.php\/wp-json\/wp\/v2\/media\/1485"}],"wp:attachment":[{"href":"https:\/\/sdstylegroziosalonas.lt\/index.php\/wp-json\/wp\/v2\/media?parent=1484"}],"wp:term":[{"taxonomy":"product_brand","embeddable":true,"href":"https:\/\/sdstylegroziosalonas.lt\/index.php\/wp-json\/wp\/v2\/product_brand?post=1484"},{"taxonomy":"product_cat","embeddable":true,"href":"https:\/\/sdstylegroziosalonas.lt\/index.php\/wp-json\/wp\/v2\/product_cat?post=1484"},{"taxonomy":"product_tag","embeddable":true,"href":"https:\/\/sdstylegroziosalonas.lt\/index.php\/wp-json\/wp\/v2\/product_tag?post=1484"}],"curies":[{"name":"wp","href":"https:\/\/api.w.org\/{rel}","templated":true}]}}