{"id":1495,"date":"2024-01-09T20:09:59","date_gmt":"2024-01-09T20:09:59","guid":{"rendered":"https:\/\/sdstylegroziosalonas.lt\/?post_type=product&#038;p=1495"},"modified":"2025-11-19T20:39:36","modified_gmt":"2025-11-19T20:39:36","slug":"brelil-numero-restructuring-mask-1000-ml","status":"publish","type":"product","link":"https:\/\/sdstylegroziosalonas.lt\/index.php\/product\/brelil-numero-restructuring-mask-1000-ml\/","title":{"rendered":"Brelil Num\u00e9ro Restructuring Mask 1000 ml"},"content":{"rendered":"<div class=\"sc-1eu1dd2-11 kUqMjS\">\n<table class=\"sc-1eu1dd2-6 kaAtyn\">\n<tbody>\n<tr class=\"sc-1eu1dd2-10\">\n<td class=\"sc-1eu1dd2-8 cTggsD\">Plauk\u0173 tipas<\/td>\n<td class=\"sc-1eu1dd2-9 efIsrQ\">ploni plaukai, vis\u0173 tip\u0173 plaukams<\/td>\n<\/tr>\n<tr class=\"sc-1eu1dd2-10\">\n<td class=\"sc-1eu1dd2-8 cTggsD\">Poveikis<\/td>\n<td class=\"sc-1eu1dd2-9 efIsrQ\">blizgesys ir \u0161velnumas, raminamosios priemon\u0117s, maitinimas<\/td>\n<\/tr>\n<tr class=\"sc-1eu1dd2-10\">\n<td class=\"sc-1eu1dd2-8 cTggsD\">Galvos odos tipas<\/td>\n<td class=\"sc-1eu1dd2-9 efIsrQ\">vis\u0173 tip\u0173 galvos odai<\/td>\n<\/tr>\n<\/tbody>\n<\/table>\n<\/div>\n<div class=\"sc-1uodfit-0 bUmFMV\">\n<div id=\"pd-description-text\" class=\"sc-1eu1dd2-3 gFoUEp\" data-testid=\"pd-description-text\">\n<p>Plauk\u0173 kauk\u0117 Brelil Num\u00e9ro Restructuring \u2013 nepakei\u010diama plauk\u0173 prie\u017ei\u016bros rutinoje. Skirkite plaukams minut\u0117l\u0119 regeneracijai ir jie jums atsilygins gyvybingumu ir gro\u017eiu.<\/p>\n<p><strong>Charakteristika:<\/strong><\/p>\n<ul>\n<li>stiprina plauk\u0173 pluo\u0161t\u0105<\/li>\n<li>regeneruoja plaukus nuo \u0161akn\u0173 iki pat galiuk\u0173<\/li>\n<li>plaukai yra mink\u0161ti liesti<\/li>\n<li>gr\u0105\u017eina plaukams nat\u016brali\u0105, sveik\u0105 i\u0161vaizd\u0105<\/li>\n<\/ul>\n<p><strong>Kaip naudoti:<\/strong>Paskirstykite ant dr\u0117gn\u0173, \u0161amp\u016bnu i\u0161plaut\u0173 plauk\u0173. Palaikykite tiek, kiek nurodyta ant pakuot\u0117s, tada kruop\u0161\u010diai i\u0161skalaukite.<\/p>\n<\/div>\n<\/div>\n","protected":false},"excerpt":{"rendered":"<p>Plauk\u0173 tipas ploni plaukai, vis\u0173 tip\u0173 plaukams Poveikis blizgesys ir \u0161velnumas, raminamosios priemon\u0117s, maitinimas Galvos odos tipas vis\u0173 tip\u0173 galvos odai Plauk\u0173 kauk\u0117 Brelil Num\u00e9ro Restructuring \u2013 nepakei\u010diama plauk\u0173 prie\u017ei\u016bros rutinoje. Skirkite plaukams minut\u0117l\u0119 regeneracijai ir jie jums atsilygins gyvybingumu ir gro\u017eiu. Charakteristika: stiprina plauk\u0173 pluo\u0161t\u0105 regeneruoja plaukus nuo \u0161akn\u0173 iki pat galiuk\u0173 plaukai yra [&hellip;]<\/p>\n","protected":false},"featured_media":1496,"comment_status":"closed","ping_status":"closed","template":"","meta":{"site-sidebar-layout":"default","site-content-layout":"","ast-site-content-layout":"default","site-content-style":"default","site-sidebar-style":"default","ast-global-header-display":"","ast-banner-title-visibility":"","ast-main-header-display":"","ast-hfb-above-header-display":"","ast-hfb-below-header-display":"","ast-hfb-mobile-header-display":"","site-post-title":"","ast-breadcrumbs-content":"","ast-featured-img":"","footer-sml-layout":"","theme-transparent-header-meta":"default","adv-header-id-meta":"","stick-header-meta":"","header-above-stick-meta":"","header-main-stick-meta":"","header-below-stick-meta":"","astra-migrate-meta-layouts":"set","ast-page-background-enabled":"default","ast-page-background-meta":{"desktop":{"background-color":"var(--ast-global-color-4)","background-image":"","background-repeat":"repeat","background-position":"center center","background-size":"auto","background-attachment":"scroll","background-type":"","background-media":"","overlay-type":"","overlay-color":"","overlay-gradient":""},"tablet":{"background-color":"","background-image":"","background-repeat":"repeat","background-position":"center center","background-size":"auto","background-attachment":"scroll","background-type":"","background-media":"","overlay-type":"","overlay-color":"","overlay-gradient":""},"mobile":{"background-color":"","background-image":"","background-repeat":"repeat","background-position":"center center","background-size":"auto","background-attachment":"scroll","background-type":"","background-media":"","overlay-type":"","overlay-color":"","overlay-gradient":""}},"ast-content-background-meta":{"desktop":{"background-color":"var(--ast-global-color-5)","background-image":"","background-repeat":"repeat","background-position":"center center","background-size":"auto","background-attachment":"scroll","background-type":"","background-media":"","overlay-type":"","overlay-color":"","overlay-gradient":""},"tablet":{"background-color":"var(--ast-global-color-5)","background-image":"","background-repeat":"repeat","background-position":"center center","background-size":"auto","background-attachment":"scroll","background-type":"","background-media":"","overlay-type":"","overlay-color":"","overlay-gradient":""},"mobile":{"background-color":"var(--ast-global-color-5)","background-image":"","background-repeat":"repeat","background-position":"center center","background-size":"auto","background-attachment":"scroll","background-type":"","background-media":"","overlay-type":"","overlay-color":"","overlay-gradient":""}}},"product_brand":[],"product_cat":[42],"product_tag":[],"class_list":{"0":"post-1495","1":"product","2":"type-product","3":"status-publish","4":"has-post-thumbnail","6":"product_cat-kaukes","7":"desktop-align-left","8":"tablet-align-left","9":"mobile-align-left","11":"first","12":"outofstock","13":"shipping-taxable","14":"purchasable","15":"product-type-simple"},"_links":{"self":[{"href":"https:\/\/sdstylegroziosalonas.lt\/index.php\/wp-json\/wp\/v2\/product\/1495","targetHints":{"allow":["GET"]}}],"collection":[{"href":"https:\/\/sdstylegroziosalonas.lt\/index.php\/wp-json\/wp\/v2\/product"}],"about":[{"href":"https:\/\/sdstylegroziosalonas.lt\/index.php\/wp-json\/wp\/v2\/types\/product"}],"replies":[{"embeddable":true,"href":"https:\/\/sdstylegroziosalonas.lt\/index.php\/wp-json\/wp\/v2\/comments?post=1495"}],"wp:featuredmedia":[{"embeddable":true,"href":"https:\/\/sdstylegroziosalonas.lt\/index.php\/wp-json\/wp\/v2\/media\/1496"}],"wp:attachment":[{"href":"https:\/\/sdstylegroziosalonas.lt\/index.php\/wp-json\/wp\/v2\/media?parent=1495"}],"wp:term":[{"taxonomy":"product_brand","embeddable":true,"href":"https:\/\/sdstylegroziosalonas.lt\/index.php\/wp-json\/wp\/v2\/product_brand?post=1495"},{"taxonomy":"product_cat","embeddable":true,"href":"https:\/\/sdstylegroziosalonas.lt\/index.php\/wp-json\/wp\/v2\/product_cat?post=1495"},{"taxonomy":"product_tag","embeddable":true,"href":"https:\/\/sdstylegroziosalonas.lt\/index.php\/wp-json\/wp\/v2\/product_tag?post=1495"}],"curies":[{"name":"wp","href":"https:\/\/api.w.org\/{rel}","templated":true}]}}