{"id":1501,"date":"2024-01-09T20:20:44","date_gmt":"2024-01-09T20:20:44","guid":{"rendered":"https:\/\/sdstylegroziosalonas.lt\/?post_type=product&#038;p=1501"},"modified":"2025-11-19T20:37:53","modified_gmt":"2025-11-19T20:37:53","slug":"brelil-numero-nourishing-shampoo-1000-ml","status":"publish","type":"product","link":"https:\/\/sdstylegroziosalonas.lt\/index.php\/product\/brelil-numero-nourishing-shampoo-1000-ml\/","title":{"rendered":"Brelil Num\u00e9ro Nourishing Shampoo 1000 ml"},"content":{"rendered":"<div class=\"sc-1eu1dd2-11 kUqMjS\">\n<table class=\"sc-1eu1dd2-6 kaAtyn\">\n<tbody>\n<tr class=\"sc-1eu1dd2-10\">\n<td class=\"sc-1eu1dd2-8 cTggsD\">Plauk\u0173 tipas<\/td>\n<td class=\"sc-1eu1dd2-9 efIsrQ\">da\u017eyti plaukai, vis\u0173 tip\u0173 plaukams, \u0161vies\u016bs ir \u0161viesinti plaukai<\/td>\n<\/tr>\n<tr class=\"sc-1eu1dd2-10\">\n<td class=\"sc-1eu1dd2-8 cTggsD\">Poveikis<\/td>\n<td class=\"sc-1eu1dd2-9 efIsrQ\">dr\u0117kinimas, blizgesys ir \u0161velnumas, maitinimas<\/td>\n<\/tr>\n<tr class=\"sc-1eu1dd2-10\">\n<td class=\"sc-1eu1dd2-8 cTggsD\">Galvos odos tipas<\/td>\n<td class=\"sc-1eu1dd2-9 efIsrQ\">vis\u0173 tip\u0173 galvos odai<\/td>\n<\/tr>\n<\/tbody>\n<\/table>\n<\/div>\n<div class=\"sc-1uodfit-0 bUmFMV\">\n<div id=\"pd-description-text\" class=\"sc-1eu1dd2-3 gFoUEp\" data-testid=\"pd-description-text\">\n<p>\u0160amp\u016bnas Brelil Num\u00e9ro Nourishing efektyviai valo galvos od\u0105, kruop\u0161\u010diai i\u0161plauna plaukus ir gr\u0105\u017eina jiems nat\u016bral\u0173 gro\u017e\u012f.<\/p>\n<p><strong>Charakteristika:<\/strong><\/p>\n<ul>\n<li>plauna plaukus ir valo galvos od\u0105<\/li>\n<li>regeneruoja ir maitina plaukus<\/li>\n<li>suteikia spindesio ir apimties<\/li>\n<li>suteikia plaukams mink\u0161tumo<\/li>\n<li>r\u016bpinasi nusilpusiais j\u016bs\u0173 plaukais iki pat galiuk\u0173<\/li>\n<\/ul>\n<p><strong>Kaip naudoti:<\/strong>Atitinkam\u0105 \u0161amp\u016bno kiek\u012f paskirstykite ant \u0161lapi\u0173 plauk\u0173. Kai suputos, kruop\u0161\u010diai i\u0161skalaukite. Esant poreikiui, pakartokite.<\/p>\n<\/div>\n<\/div>\n","protected":false},"excerpt":{"rendered":"<p>Plauk\u0173 tipas da\u017eyti plaukai, vis\u0173 tip\u0173 plaukams, \u0161vies\u016bs ir \u0161viesinti plaukai Poveikis dr\u0117kinimas, blizgesys ir \u0161velnumas, maitinimas Galvos odos tipas vis\u0173 tip\u0173 galvos odai \u0160amp\u016bnas Brelil Num\u00e9ro Nourishing efektyviai valo galvos od\u0105, kruop\u0161\u010diai i\u0161plauna plaukus ir gr\u0105\u017eina jiems nat\u016bral\u0173 gro\u017e\u012f. Charakteristika: plauna plaukus ir valo galvos od\u0105 regeneruoja ir maitina plaukus suteikia spindesio ir apimties [&hellip;]<\/p>\n","protected":false},"featured_media":1502,"comment_status":"closed","ping_status":"closed","template":"","meta":{"site-sidebar-layout":"default","site-content-layout":"","ast-site-content-layout":"default","site-content-style":"default","site-sidebar-style":"default","ast-global-header-display":"","ast-banner-title-visibility":"","ast-main-header-display":"","ast-hfb-above-header-display":"","ast-hfb-below-header-display":"","ast-hfb-mobile-header-display":"","site-post-title":"","ast-breadcrumbs-content":"","ast-featured-img":"","footer-sml-layout":"","theme-transparent-header-meta":"default","adv-header-id-meta":"","stick-header-meta":"","header-above-stick-meta":"","header-main-stick-meta":"","header-below-stick-meta":"","astra-migrate-meta-layouts":"set","ast-page-background-enabled":"default","ast-page-background-meta":{"desktop":{"background-color":"var(--ast-global-color-4)","background-image":"","background-repeat":"repeat","background-position":"center center","background-size":"auto","background-attachment":"scroll","background-type":"","background-media":"","overlay-type":"","overlay-color":"","overlay-gradient":""},"tablet":{"background-color":"","background-image":"","background-repeat":"repeat","background-position":"center center","background-size":"auto","background-attachment":"scroll","background-type":"","background-media":"","overlay-type":"","overlay-color":"","overlay-gradient":""},"mobile":{"background-color":"","background-image":"","background-repeat":"repeat","background-position":"center center","background-size":"auto","background-attachment":"scroll","background-type":"","background-media":"","overlay-type":"","overlay-color":"","overlay-gradient":""}},"ast-content-background-meta":{"desktop":{"background-color":"var(--ast-global-color-5)","background-image":"","background-repeat":"repeat","background-position":"center center","background-size":"auto","background-attachment":"scroll","background-type":"","background-media":"","overlay-type":"","overlay-color":"","overlay-gradient":""},"tablet":{"background-color":"var(--ast-global-color-5)","background-image":"","background-repeat":"repeat","background-position":"center center","background-size":"auto","background-attachment":"scroll","background-type":"","background-media":"","overlay-type":"","overlay-color":"","overlay-gradient":""},"mobile":{"background-color":"var(--ast-global-color-5)","background-image":"","background-repeat":"repeat","background-position":"center center","background-size":"auto","background-attachment":"scroll","background-type":"","background-media":"","overlay-type":"","overlay-color":"","overlay-gradient":""}}},"product_brand":[],"product_cat":[31],"product_tag":[],"class_list":{"0":"post-1501","1":"product","2":"type-product","3":"status-publish","4":"has-post-thumbnail","6":"product_cat-sampunai","7":"desktop-align-left","8":"tablet-align-left","9":"mobile-align-left","11":"first","12":"outofstock","13":"shipping-taxable","14":"purchasable","15":"product-type-simple"},"_links":{"self":[{"href":"https:\/\/sdstylegroziosalonas.lt\/index.php\/wp-json\/wp\/v2\/product\/1501","targetHints":{"allow":["GET"]}}],"collection":[{"href":"https:\/\/sdstylegroziosalonas.lt\/index.php\/wp-json\/wp\/v2\/product"}],"about":[{"href":"https:\/\/sdstylegroziosalonas.lt\/index.php\/wp-json\/wp\/v2\/types\/product"}],"replies":[{"embeddable":true,"href":"https:\/\/sdstylegroziosalonas.lt\/index.php\/wp-json\/wp\/v2\/comments?post=1501"}],"wp:featuredmedia":[{"embeddable":true,"href":"https:\/\/sdstylegroziosalonas.lt\/index.php\/wp-json\/wp\/v2\/media\/1502"}],"wp:attachment":[{"href":"https:\/\/sdstylegroziosalonas.lt\/index.php\/wp-json\/wp\/v2\/media?parent=1501"}],"wp:term":[{"taxonomy":"product_brand","embeddable":true,"href":"https:\/\/sdstylegroziosalonas.lt\/index.php\/wp-json\/wp\/v2\/product_brand?post=1501"},{"taxonomy":"product_cat","embeddable":true,"href":"https:\/\/sdstylegroziosalonas.lt\/index.php\/wp-json\/wp\/v2\/product_cat?post=1501"},{"taxonomy":"product_tag","embeddable":true,"href":"https:\/\/sdstylegroziosalonas.lt\/index.php\/wp-json\/wp\/v2\/product_tag?post=1501"}],"curies":[{"name":"wp","href":"https:\/\/api.w.org\/{rel}","templated":true}]}}