{"id":1503,"date":"2024-01-09T20:23:19","date_gmt":"2024-01-09T20:23:19","guid":{"rendered":"https:\/\/sdstylegroziosalonas.lt\/?post_type=product&#038;p=1503"},"modified":"2025-11-19T20:37:45","modified_gmt":"2025-11-19T20:37:45","slug":"cotril-hydra-mask-intensyviai-drekinanti-kauke-500-ml","status":"publish","type":"product","link":"https:\/\/sdstylegroziosalonas.lt\/index.php\/product\/cotril-hydra-mask-intensyviai-drekinanti-kauke-500-ml\/","title":{"rendered":"COTRIL HYDRA MASK &#8211; Intensyviai dr\u0117kinanti kauk\u0117 500 ml"},"content":{"rendered":"<p>Nepriekai\u0161tinga i\u0161saus\u0117jusi\u0173 plauk\u0173 prie\u017ei\u016bra. Atstato nat\u016bral\u0173 hidrolipd\u0173 balans\u0105 ir maitina plaukus svarbiais, reikalingais antioksidantais. Sausi plaukai tampa nepaprastai mink\u0161ti, \u017evilgantys ir elastingi.<\/p>\n<p>SUD\u0116TIS: Alyvuogi\u0173 ir asi\u016bkli\u0173 aliejus: maitina ir mink\u0161tina plaukus, prisotina juos antioksidantais. Pieno proteinai: dr\u0117kina ir suteikia plaukams \u0161ilko \u0161velnumo. Alyvuogi\u0173 aliejus ir alijo\u0161ius: dr\u0117kina ir efektyviai min\u0161tina plaukus. Granat\u0173 ekstraktas ir vitaminas E: veikia kaip antioksidantai<\/p>\n<p>REZULTATAS: \u017evilgantys ir lengvai \u0161ukuojami plaukai.<\/p>\n<p>Talpa 500 ml.<\/p>\n","protected":false},"excerpt":{"rendered":"<p>Nepriekai\u0161tinga i\u0161saus\u0117jusi\u0173 plauk\u0173 prie\u017ei\u016bra. Atstato nat\u016bral\u0173 hidrolipd\u0173 balans\u0105 ir maitina plaukus svarbiais, reikalingais antioksidantais. Sausi plaukai tampa nepaprastai mink\u0161ti, \u017evilgantys ir elastingi. SUD\u0116TIS: Alyvuogi\u0173 ir asi\u016bkli\u0173 aliejus: maitina ir mink\u0161tina plaukus, prisotina juos antioksidantais. Pieno proteinai: dr\u0117kina ir suteikia plaukams \u0161ilko \u0161velnumo. Alyvuogi\u0173 aliejus ir alijo\u0161ius: dr\u0117kina ir efektyviai min\u0161tina plaukus. Granat\u0173 ekstraktas ir vitaminas [&hellip;]<\/p>\n","protected":false},"featured_media":1504,"comment_status":"closed","ping_status":"closed","template":"","meta":{"site-sidebar-layout":"default","site-content-layout":"","ast-site-content-layout":"default","site-content-style":"default","site-sidebar-style":"default","ast-global-header-display":"","ast-banner-title-visibility":"","ast-main-header-display":"","ast-hfb-above-header-display":"","ast-hfb-below-header-display":"","ast-hfb-mobile-header-display":"","site-post-title":"","ast-breadcrumbs-content":"","ast-featured-img":"","footer-sml-layout":"","theme-transparent-header-meta":"default","adv-header-id-meta":"","stick-header-meta":"","header-above-stick-meta":"","header-main-stick-meta":"","header-below-stick-meta":"","astra-migrate-meta-layouts":"set","ast-page-background-enabled":"default","ast-page-background-meta":{"desktop":{"background-color":"var(--ast-global-color-4)","background-image":"","background-repeat":"repeat","background-position":"center center","background-size":"auto","background-attachment":"scroll","background-type":"","background-media":"","overlay-type":"","overlay-color":"","overlay-gradient":""},"tablet":{"background-color":"","background-image":"","background-repeat":"repeat","background-position":"center center","background-size":"auto","background-attachment":"scroll","background-type":"","background-media":"","overlay-type":"","overlay-color":"","overlay-gradient":""},"mobile":{"background-color":"","background-image":"","background-repeat":"repeat","background-position":"center center","background-size":"auto","background-attachment":"scroll","background-type":"","background-media":"","overlay-type":"","overlay-color":"","overlay-gradient":""}},"ast-content-background-meta":{"desktop":{"background-color":"var(--ast-global-color-5)","background-image":"","background-repeat":"repeat","background-position":"center center","background-size":"auto","background-attachment":"scroll","background-type":"","background-media":"","overlay-type":"","overlay-color":"","overlay-gradient":""},"tablet":{"background-color":"var(--ast-global-color-5)","background-image":"","background-repeat":"repeat","background-position":"center center","background-size":"auto","background-attachment":"scroll","background-type":"","background-media":"","overlay-type":"","overlay-color":"","overlay-gradient":""},"mobile":{"background-color":"var(--ast-global-color-5)","background-image":"","background-repeat":"repeat","background-position":"center center","background-size":"auto","background-attachment":"scroll","background-type":"","background-media":"","overlay-type":"","overlay-color":"","overlay-gradient":""}}},"product_brand":[],"product_cat":[42],"product_tag":[],"class_list":{"0":"post-1503","1":"product","2":"type-product","3":"status-publish","4":"has-post-thumbnail","6":"product_cat-kaukes","7":"desktop-align-left","8":"tablet-align-left","9":"mobile-align-left","11":"first","12":"outofstock","13":"shipping-taxable","14":"purchasable","15":"product-type-simple"},"_links":{"self":[{"href":"https:\/\/sdstylegroziosalonas.lt\/index.php\/wp-json\/wp\/v2\/product\/1503","targetHints":{"allow":["GET"]}}],"collection":[{"href":"https:\/\/sdstylegroziosalonas.lt\/index.php\/wp-json\/wp\/v2\/product"}],"about":[{"href":"https:\/\/sdstylegroziosalonas.lt\/index.php\/wp-json\/wp\/v2\/types\/product"}],"replies":[{"embeddable":true,"href":"https:\/\/sdstylegroziosalonas.lt\/index.php\/wp-json\/wp\/v2\/comments?post=1503"}],"wp:featuredmedia":[{"embeddable":true,"href":"https:\/\/sdstylegroziosalonas.lt\/index.php\/wp-json\/wp\/v2\/media\/1504"}],"wp:attachment":[{"href":"https:\/\/sdstylegroziosalonas.lt\/index.php\/wp-json\/wp\/v2\/media?parent=1503"}],"wp:term":[{"taxonomy":"product_brand","embeddable":true,"href":"https:\/\/sdstylegroziosalonas.lt\/index.php\/wp-json\/wp\/v2\/product_brand?post=1503"},{"taxonomy":"product_cat","embeddable":true,"href":"https:\/\/sdstylegroziosalonas.lt\/index.php\/wp-json\/wp\/v2\/product_cat?post=1503"},{"taxonomy":"product_tag","embeddable":true,"href":"https:\/\/sdstylegroziosalonas.lt\/index.php\/wp-json\/wp\/v2\/product_tag?post=1503"}],"curies":[{"name":"wp","href":"https:\/\/api.w.org\/{rel}","templated":true}]}}