{"id":727,"date":"2020-12-03T17:14:18","date_gmt":"2020-12-03T17:14:18","guid":{"rendered":"https:\/\/sdstylegroziosalonas.lt\/?post_type=product&#038;p=727"},"modified":"2024-01-08T17:15:06","modified_gmt":"2024-01-08T17:15:06","slug":"k05-sulphur-kreminis-trichologinis-antibakterinis-sampunas-su-siera-ir-sveitiklio-efektu-problemiskai-galvos-odai-200-ml","status":"publish","type":"product","link":"https:\/\/sdstylegroziosalonas.lt\/index.php\/product\/k05-sulphur-kreminis-trichologinis-antibakterinis-sampunas-su-siera-ir-sveitiklio-efektu-problemiskai-galvos-odai-200-ml\/","title":{"rendered":"K05 SULPHUR kreminis trichologinis antibakterinis \u0161amp\u016bnas su siera ir \u0161veitiklio efektu (problemi\u0161kai galvos odai), 200 ml"},"content":{"rendered":"","protected":false},"excerpt":{"rendered":"<h3>Trichologinis \u0161amp\u016bnas, sukurtas kovoti su \u012fvairios kilm\u0117s galvos odos pleiskanojimu, per dideliu riebalavimusi,\u00a0paraudimu<\/h3>\n<h3>Specialioji valymo formul\u0117 su sieros mineralais ir r\u016bg\u0161\u010diu pH padeda i\u0161vengti sudirginimo, nie\u017e\u0117jimo bei pleiskan\u0173 atsiradimo \u012fvairaus tipo dermatit\u0173 ir psoriaz\u0117s atvejais.<\/h3>\n<h3>Sud\u0117tyje esantys fakt\u016briniai gr\u016bdeliai itin puikiai pasitarnauja kaip odos \u0161veitiklis, kas itin svarbu turint problemin\u0119 od\u0105.<\/h3>\n<h3>Atstato odos\u00a0pH balans\u0105.<\/h3>\n<h3>Ypa\u010d tinka naudoti, kai galvos oda yra i\u0161saus\u0117jusi ar pa\u017eeista, nes dr\u0117kina od\u0105, \u0161alina nemalonius poj\u016b\u010dius, ramina, lengvina galvos odos kv\u0117pavim\u0105, suteikia plaukams \u0161varos ir lengvumo.<\/h3>\n<h3>SUD\u0116TYJE: arbatmed\u017eio aliejus, pieno r\u016bg\u0161tis, sodini\u0173 briedragi\u0173 ekstraktas, dilg\u0117li\u0173 ekstraktas, aktyvinta siera.<\/h3>\n<h3>Be hormon\u0173.<\/h3>\n<h3>Nesukelia priklausomyb\u0117s produktui.<\/h3>\n<p>&nbsp;<\/p>\n<h3>Naudojimo b\u016bdas<em>:\u00a0<\/em>Nedidel\u012f kiek\u012f \u0161amp\u016bno paskirstykite ant dr\u0117gn\u0173 plauk\u0173 ir lengvais masa\u017euojamaisiais judesiais \u012ftrinkite, kol susiformuos putos.<\/h3>\n<h3>Palaukite 5-10 minu\u010di\u0173 ir kruop\u0161\u010diai nuskalaukite vandeniu.<\/h3>\n<h3>Naudokite 1-2 kartus per savait\u0119 arba pagal poreik\u012f.<\/h3>\n","protected":false},"featured_media":1477,"comment_status":"open","ping_status":"closed","template":"","meta":{"site-sidebar-layout":"default","site-content-layout":"default","ast-site-content-layout":"","site-content-style":"default","site-sidebar-style":"default","ast-global-header-display":"","ast-banner-title-visibility":"","ast-main-header-display":"","ast-hfb-above-header-display":"","ast-hfb-below-header-display":"","ast-hfb-mobile-header-display":"","site-post-title":"","ast-breadcrumbs-content":"","ast-featured-img":"","footer-sml-layout":"","theme-transparent-header-meta":"default","adv-header-id-meta":"","stick-header-meta":"","header-above-stick-meta":"","header-main-stick-meta":"","header-below-stick-meta":"","astra-migrate-meta-layouts":"default","ast-page-background-enabled":"default","ast-page-background-meta":{"desktop":{"background-color":"var(--ast-global-color-4)","background-image":"","background-repeat":"repeat","background-position":"center center","background-size":"auto","background-attachment":"scroll","background-type":"","background-media":"","overlay-type":"","overlay-color":"","overlay-gradient":""},"tablet":{"background-color":"","background-image":"","background-repeat":"repeat","background-position":"center center","background-size":"auto","background-attachment":"scroll","background-type":"","background-media":"","overlay-type":"","overlay-color":"","overlay-gradient":""},"mobile":{"background-color":"","background-image":"","background-repeat":"repeat","background-position":"center center","background-size":"auto","background-attachment":"scroll","background-type":"","background-media":"","overlay-type":"","overlay-color":"","overlay-gradient":""}},"ast-content-background-meta":{"desktop":{"background-color":"var(--ast-global-color-5)","background-image":"","background-repeat":"repeat","background-position":"center center","background-size":"auto","background-attachment":"scroll","background-type":"","background-media":"","overlay-type":"","overlay-color":"","overlay-gradient":""},"tablet":{"background-color":"var(--ast-global-color-5)","background-image":"","background-repeat":"repeat","background-position":"center center","background-size":"auto","background-attachment":"scroll","background-type":"","background-media":"","overlay-type":"","overlay-color":"","overlay-gradient":""},"mobile":{"background-color":"var(--ast-global-color-5)","background-image":"","background-repeat":"repeat","background-position":"center center","background-size":"auto","background-attachment":"scroll","background-type":"","background-media":"","overlay-type":"","overlay-color":"","overlay-gradient":""}}},"product_brand":[],"product_cat":[15],"product_tag":[],"class_list":{"0":"post-727","1":"product","2":"type-product","3":"status-publish","4":"has-post-thumbnail","6":"product_cat-be-kategorijos","7":"desktop-align-left","8":"tablet-align-left","9":"mobile-align-left","11":"first","12":"outofstock","13":"sold-individually","14":"shipping-taxable","15":"purchasable","16":"product-type-simple"},"_links":{"self":[{"href":"https:\/\/sdstylegroziosalonas.lt\/index.php\/wp-json\/wp\/v2\/product\/727","targetHints":{"allow":["GET"]}}],"collection":[{"href":"https:\/\/sdstylegroziosalonas.lt\/index.php\/wp-json\/wp\/v2\/product"}],"about":[{"href":"https:\/\/sdstylegroziosalonas.lt\/index.php\/wp-json\/wp\/v2\/types\/product"}],"replies":[{"embeddable":true,"href":"https:\/\/sdstylegroziosalonas.lt\/index.php\/wp-json\/wp\/v2\/comments?post=727"}],"wp:featuredmedia":[{"embeddable":true,"href":"https:\/\/sdstylegroziosalonas.lt\/index.php\/wp-json\/wp\/v2\/media\/1477"}],"wp:attachment":[{"href":"https:\/\/sdstylegroziosalonas.lt\/index.php\/wp-json\/wp\/v2\/media?parent=727"}],"wp:term":[{"taxonomy":"product_brand","embeddable":true,"href":"https:\/\/sdstylegroziosalonas.lt\/index.php\/wp-json\/wp\/v2\/product_brand?post=727"},{"taxonomy":"product_cat","embeddable":true,"href":"https:\/\/sdstylegroziosalonas.lt\/index.php\/wp-json\/wp\/v2\/product_cat?post=727"},{"taxonomy":"product_tag","embeddable":true,"href":"https:\/\/sdstylegroziosalonas.lt\/index.php\/wp-json\/wp\/v2\/product_tag?post=727"}],"curies":[{"name":"wp","href":"https:\/\/api.w.org\/{rel}","templated":true}]}}