{"id":731,"date":"2020-12-03T17:20:31","date_gmt":"2020-12-03T17:20:31","guid":{"rendered":"https:\/\/sdstylegroziosalonas.lt\/?post_type=product&#038;p=731"},"modified":"2025-11-19T20:42:35","modified_gmt":"2025-11-19T20:42:35","slug":"k05-sebum-balancing-trichologinis-sampunas-greitai-besiriebaluojantiems-plaukams-250-ml","status":"publish","type":"product","link":"https:\/\/sdstylegroziosalonas.lt\/index.php\/product\/k05-sebum-balancing-trichologinis-sampunas-greitai-besiriebaluojantiems-plaukams-250-ml\/","title":{"rendered":"K05 trichologinis besulfatis \u0161amp\u016bnas nuo perteklinio galvos odos riebalavimosi ir pleiskan\u0173 prevencijai (250 ml)"},"content":{"rendered":"","protected":false},"excerpt":{"rendered":"<h4 class=\"section-title\">Apra\u0161ymas<\/h4>\n<div class=\"section-content\">\n<div class=\"product-description\">\n<div class=\"rte-content\">\n<p><b>Pla\u010diau apie vis\u0105 KAARAL\u00a0<\/b><b>trichologin\u0119 K05 linij\u0105 nuo perteklinio galvos odos riebalavimosi\u00a0 ir pleiskan\u0173 prevencijai\u00a0<\/b><\/p>\n<p><b>Vis\u0105 linij\u0105 sudaro tokie produktai:\u00a0<\/b><\/p>\n<ol>\n<li>K05\u00a0<b>\u0161amp\u016bnas<\/b>\u00a0nuo perteklinio galvos odos riebalavimosi ir pleiskan\u0173 prevencijai (talpa 100\/250\/500\/1000 ml)<\/li>\n<li>K05\u00a0<b>serumas (la\u0161iukai)\u00a0<\/b>nuo perteklinio galvos odos riebalavimosi ir pleiskan\u0173 prevencijai (50 ml), stiklo buteliuke su pipete [naudojimui namuose]<\/li>\n<li>K05\u00a0<b>losjonas<\/b>\u00a0nuo perteklinio galvos odos riebalavimosi ir pleiskan\u0173 prevencijai, ampul\u0117se (12 x 10 ml) [naudojimui salone\/namuose]<\/li>\n<\/ol>\n<p>Visi produktai\u00a0<b>\u2013 be sulfat\u0173, be paraben\u0173, be silikon\u0173, be hormon\u0173.<\/b><\/p>\n<p>Pakuot\u0117s \u2013 100% perdirbamos, pagamintos i\u0161 perdirbto popieriaus.<\/p>\n<p><b>Nepaisant itin saugios odos at\u017evilgiu formul\u0117s ir sud\u0117ties, \u0161ios linijos produktai pasi\u017eymi ypatingu siekiamu poveikiu, u\u017etikrinan\u010diu maksimaliai efektyv\u0173 rezultat\u0105.<\/b><\/p>\n<\/div>\n<\/div>\n<\/div>\n","protected":false},"featured_media":1475,"comment_status":"open","ping_status":"closed","template":"","meta":{"site-sidebar-layout":"default","site-content-layout":"default","ast-site-content-layout":"","site-content-style":"default","site-sidebar-style":"default","ast-global-header-display":"","ast-banner-title-visibility":"","ast-main-header-display":"","ast-hfb-above-header-display":"","ast-hfb-below-header-display":"","ast-hfb-mobile-header-display":"","site-post-title":"","ast-breadcrumbs-content":"","ast-featured-img":"","footer-sml-layout":"","theme-transparent-header-meta":"default","adv-header-id-meta":"","stick-header-meta":"","header-above-stick-meta":"","header-main-stick-meta":"","header-below-stick-meta":"","astra-migrate-meta-layouts":"default","ast-page-background-enabled":"default","ast-page-background-meta":{"desktop":{"background-color":"var(--ast-global-color-4)","background-image":"","background-repeat":"repeat","background-position":"center center","background-size":"auto","background-attachment":"scroll","background-type":"","background-media":"","overlay-type":"","overlay-color":"","overlay-gradient":""},"tablet":{"background-color":"","background-image":"","background-repeat":"repeat","background-position":"center center","background-size":"auto","background-attachment":"scroll","background-type":"","background-media":"","overlay-type":"","overlay-color":"","overlay-gradient":""},"mobile":{"background-color":"","background-image":"","background-repeat":"repeat","background-position":"center center","background-size":"auto","background-attachment":"scroll","background-type":"","background-media":"","overlay-type":"","overlay-color":"","overlay-gradient":""}},"ast-content-background-meta":{"desktop":{"background-color":"var(--ast-global-color-5)","background-image":"","background-repeat":"repeat","background-position":"center center","background-size":"auto","background-attachment":"scroll","background-type":"","background-media":"","overlay-type":"","overlay-color":"","overlay-gradient":""},"tablet":{"background-color":"var(--ast-global-color-5)","background-image":"","background-repeat":"repeat","background-position":"center center","background-size":"auto","background-attachment":"scroll","background-type":"","background-media":"","overlay-type":"","overlay-color":"","overlay-gradient":""},"mobile":{"background-color":"var(--ast-global-color-5)","background-image":"","background-repeat":"repeat","background-position":"center center","background-size":"auto","background-attachment":"scroll","background-type":"","background-media":"","overlay-type":"","overlay-color":"","overlay-gradient":""}}},"product_brand":[],"product_cat":[36,31],"product_tag":[],"class_list":{"0":"post-731","1":"product","2":"type-product","3":"status-publish","4":"has-post-thumbnail","6":"product_cat-gydomosios-priemones","7":"product_cat-sampunai","8":"desktop-align-left","9":"tablet-align-left","10":"mobile-align-left","12":"first","13":"outofstock","14":"sold-individually","15":"shipping-taxable","16":"purchasable","17":"product-type-simple"},"_links":{"self":[{"href":"https:\/\/sdstylegroziosalonas.lt\/index.php\/wp-json\/wp\/v2\/product\/731","targetHints":{"allow":["GET"]}}],"collection":[{"href":"https:\/\/sdstylegroziosalonas.lt\/index.php\/wp-json\/wp\/v2\/product"}],"about":[{"href":"https:\/\/sdstylegroziosalonas.lt\/index.php\/wp-json\/wp\/v2\/types\/product"}],"replies":[{"embeddable":true,"href":"https:\/\/sdstylegroziosalonas.lt\/index.php\/wp-json\/wp\/v2\/comments?post=731"}],"wp:featuredmedia":[{"embeddable":true,"href":"https:\/\/sdstylegroziosalonas.lt\/index.php\/wp-json\/wp\/v2\/media\/1475"}],"wp:attachment":[{"href":"https:\/\/sdstylegroziosalonas.lt\/index.php\/wp-json\/wp\/v2\/media?parent=731"}],"wp:term":[{"taxonomy":"product_brand","embeddable":true,"href":"https:\/\/sdstylegroziosalonas.lt\/index.php\/wp-json\/wp\/v2\/product_brand?post=731"},{"taxonomy":"product_cat","embeddable":true,"href":"https:\/\/sdstylegroziosalonas.lt\/index.php\/wp-json\/wp\/v2\/product_cat?post=731"},{"taxonomy":"product_tag","embeddable":true,"href":"https:\/\/sdstylegroziosalonas.lt\/index.php\/wp-json\/wp\/v2\/product_tag?post=731"}],"curies":[{"name":"wp","href":"https:\/\/api.w.org\/{rel}","templated":true}]}}