{"id":733,"date":"2020-12-03T17:22:31","date_gmt":"2020-12-03T17:22:31","guid":{"rendered":"https:\/\/sdstylegroziosalonas.lt\/?post_type=product&#038;p=733"},"modified":"2025-11-19T20:42:29","modified_gmt":"2025-11-19T20:42:29","slug":"restructure-duo-express-greitas-plauku-atstatymas-losjonas-su-provitaminu-b5-ampulese-pazeistiems-plaukams-2x10-ml","status":"publish","type":"product","link":"https:\/\/sdstylegroziosalonas.lt\/index.php\/product\/restructure-duo-express-greitas-plauku-atstatymas-losjonas-su-provitaminu-b5-ampulese-pazeistiems-plaukams-2x10-ml\/","title":{"rendered":"RESTRUCTURE DUO &#8211; Express (greitas) plauk\u0173 atstatymas &#8211; losjonas su provitaminu B5 (ampul\u0117se) pa\u017eeistiems plaukams, 2&#215;10 ml"},"content":{"rendered":"","protected":false},"excerpt":{"rendered":"<p>Norite greito saloninio efekto? Norite, kad j\u016bs\u0173 plaukai b\u016bt\u0173 gyvybingi, elastingi, gra\u017e\u016bs, nat\u016bralaus spindesio, sveiki ir stipr\u016bs?<\/p>\n<p>Tuo pasir\u016bpins giluminio poveikio\u00a0naujos formul\u0117s\u00a0losjonas ampul\u0117se pa\u017eeistiems plaukams\u00a0PURIFY RESTRUCTURE, kuris intensyviai pri\u017ei\u016bri ir atgaivina plaukus nuo \u0161akn\u0173 iki galiuk\u0173!<\/p>\n<p>Intensyvus, giliai atstatantis, itin skvarbus kompleksas, praturtintas nat\u016braliais aktyviais komponentais ir provitaminu B5, pa\u017eeistiems ir nusilpusiems plaukams\u00a0sugr\u0105\u017eina gyvybingum\u0105, blizges\u012f\u00a0 ir lankstum\u0105.<\/p>\n<p>Atstatomasis procesas vyksta tiesiogiai pa\u017eeistose plauko vietose. Provitaminas B5 apgaubia kiekvien\u0105 plauk\u0105, giliai \u012fsigeria \u012f vidin\u0119 strukt\u016br\u0105 ir atstato chemin\u0119 plauko sud\u0117t\u012f i\u0161 vidaus.<\/p>\n<p>Atkuriamas plauk\u0173 tvirtumas, subalansuojama dr\u0117gm\u0117s pusiausvyra\u00a0 ir sugr\u0105\u017einamas sveik\u0173 plauk\u0173 spindesys.<\/p>\n<p>Plaukai tampa stipresni ir atrodo sveikiau.<\/p>\n<p>Rekomenduojama \u0161iurk\u0161tiems, sausiems, da\u017eytiems, mechanin\u0117mis priemon\u0117mis pa\u017eeistiems ar chemi\u0161kai nualintiems plaukams.<\/p>\n<p><em>Naudojimo b\u016bdas:\u00a0<\/em>Po plauk\u0173 trinkimo \u0161amp\u016bnu plaukus nusausinkite rank\u0161luos\u010diu ir\u00a0kuo tolygiau paskirstykite (u\u017epurk\u0161kite) losjon\u0105 ant plauk\u0173 per vis\u0105 ilg\u012f,\u00a0ir palikite veikti 2-5 minutes.\u00a0Kruop\u0161\u010diai nuskalaukite vandeniu.<\/p>\n<p>Kondicionieriaus naudoti jau\u00a0neb\u016btina. D\u017eiovinkite, modeliuokite kaip norite.<\/p>\n<p>Naudokite kart\u0105 per savait\u0119 ar da\u017eniau, jei plaukai stipriai nualinti.<\/p>\n<p>Nuolatinis\u00a0PURIFY RESTRUCTURE\u00a0losjono naudojimas u\u017etikrina ilgalaik\u012f atstatant\u012f ir plaukus stiprinant\u012f, kaupiam\u0105j\u012f poveik\u012f.<\/p>\n<p>BE PARABEN\u0172. BE MINERALINI\u0172 ALIEJ\u0172. BE GLIUTENO.<\/p>\n<p>&nbsp;<\/p>\n<p><em>T\u016bris:\u00a0<\/em>2 vnt. po 10 ml.<\/p>\n<p>D\u0117\u017eut\u0117je rasite patog\u0173 u\u017esukam\u0105 ant ampul\u0117s purk\u0161tuk\u0105.<\/p>\n","protected":false},"featured_media":734,"comment_status":"open","ping_status":"closed","template":"","meta":{"site-sidebar-layout":"default","site-content-layout":"","ast-site-content-layout":"","site-content-style":"default","site-sidebar-style":"default","ast-global-header-display":"","ast-banner-title-visibility":"","ast-main-header-display":"","ast-hfb-above-header-display":"","ast-hfb-below-header-display":"","ast-hfb-mobile-header-display":"","site-post-title":"","ast-breadcrumbs-content":"","ast-featured-img":"","footer-sml-layout":"","theme-transparent-header-meta":"","adv-header-id-meta":"","stick-header-meta":"","header-above-stick-meta":"","header-main-stick-meta":"","header-below-stick-meta":"","astra-migrate-meta-layouts":"default","ast-page-background-enabled":"default","ast-page-background-meta":{"desktop":{"background-color":"var(--ast-global-color-4)","background-image":"","background-repeat":"repeat","background-position":"center center","background-size":"auto","background-attachment":"scroll","background-type":"","background-media":"","overlay-type":"","overlay-color":"","overlay-gradient":""},"tablet":{"background-color":"","background-image":"","background-repeat":"repeat","background-position":"center center","background-size":"auto","background-attachment":"scroll","background-type":"","background-media":"","overlay-type":"","overlay-color":"","overlay-gradient":""},"mobile":{"background-color":"","background-image":"","background-repeat":"repeat","background-position":"center center","background-size":"auto","background-attachment":"scroll","background-type":"","background-media":"","overlay-type":"","overlay-color":"","overlay-gradient":""}},"ast-content-background-meta":{"desktop":{"background-color":"var(--ast-global-color-5)","background-image":"","background-repeat":"repeat","background-position":"center center","background-size":"auto","background-attachment":"scroll","background-type":"","background-media":"","overlay-type":"","overlay-color":"","overlay-gradient":""},"tablet":{"background-color":"var(--ast-global-color-5)","background-image":"","background-repeat":"repeat","background-position":"center center","background-size":"auto","background-attachment":"scroll","background-type":"","background-media":"","overlay-type":"","overlay-color":"","overlay-gradient":""},"mobile":{"background-color":"var(--ast-global-color-5)","background-image":"","background-repeat":"repeat","background-position":"center center","background-size":"auto","background-attachment":"scroll","background-type":"","background-media":"","overlay-type":"","overlay-color":"","overlay-gradient":""}}},"product_brand":[],"product_cat":[15],"product_tag":[],"class_list":{"0":"post-733","1":"product","2":"type-product","3":"status-publish","4":"has-post-thumbnail","6":"product_cat-be-kategorijos","7":"desktop-align-left","8":"tablet-align-left","9":"mobile-align-left","11":"first","12":"outofstock","13":"sold-individually","14":"shipping-taxable","15":"purchasable","16":"product-type-simple"},"_links":{"self":[{"href":"https:\/\/sdstylegroziosalonas.lt\/index.php\/wp-json\/wp\/v2\/product\/733","targetHints":{"allow":["GET"]}}],"collection":[{"href":"https:\/\/sdstylegroziosalonas.lt\/index.php\/wp-json\/wp\/v2\/product"}],"about":[{"href":"https:\/\/sdstylegroziosalonas.lt\/index.php\/wp-json\/wp\/v2\/types\/product"}],"replies":[{"embeddable":true,"href":"https:\/\/sdstylegroziosalonas.lt\/index.php\/wp-json\/wp\/v2\/comments?post=733"}],"wp:featuredmedia":[{"embeddable":true,"href":"https:\/\/sdstylegroziosalonas.lt\/index.php\/wp-json\/wp\/v2\/media\/734"}],"wp:attachment":[{"href":"https:\/\/sdstylegroziosalonas.lt\/index.php\/wp-json\/wp\/v2\/media?parent=733"}],"wp:term":[{"taxonomy":"product_brand","embeddable":true,"href":"https:\/\/sdstylegroziosalonas.lt\/index.php\/wp-json\/wp\/v2\/product_brand?post=733"},{"taxonomy":"product_cat","embeddable":true,"href":"https:\/\/sdstylegroziosalonas.lt\/index.php\/wp-json\/wp\/v2\/product_cat?post=733"},{"taxonomy":"product_tag","embeddable":true,"href":"https:\/\/sdstylegroziosalonas.lt\/index.php\/wp-json\/wp\/v2\/product_tag?post=733"}],"curies":[{"name":"wp","href":"https:\/\/api.w.org\/{rel}","templated":true}]}}