{"id":737,"date":"2020-12-03T17:30:01","date_gmt":"2020-12-03T17:30:01","guid":{"rendered":"https:\/\/sdstylegroziosalonas.lt\/?post_type=product&#038;p=737"},"modified":"2025-11-19T20:42:21","modified_gmt":"2025-11-19T20:42:21","slug":"x-real-kondicionierius-pazeistu-plauku-atstatymui-su-kvieciu-proteinais-ir-biciu-motineliu-pieneliu-250-ml","status":"publish","type":"product","link":"https:\/\/sdstylegroziosalonas.lt\/index.php\/product\/x-real-kondicionierius-pazeistu-plauku-atstatymui-su-kvieciu-proteinais-ir-biciu-motineliu-pieneliu-250-ml\/","title":{"rendered":"X-REAL Kondicionierius pa\u017eeist\u0173 plauk\u0173 atstatymui, su kvie\u010di\u0173 proteinais ir bi\u010di\u0173 motin\u0117li\u0173 pieneliu, 250 ml"},"content":{"rendered":"","protected":false},"excerpt":{"rendered":"<p style=\"font-weight: 400;\"><b><strong>KAARAL X-FORM linija &#8211; itin gilus pa\u017eeist\u0173, silpn\u0173, plon\u0173 plauk\u0173 atstatymas<\/strong><\/b><\/p>\n<p style=\"font-weight: 400;\">\u0160i linija sukurta siekiant ypatingos naudojimo specializacijos &#8211; giluminio plauk\u0173 atstatymo, panaudojant itin efektyvius gamtos sukurtus ir laboratorijose i\u0161tobulintas aktyvius ingredientus:<\/p>\n<p style=\"font-weight: 400;\"><b><strong>&#8211; kvie\u010di\u0173 proteinai,<\/strong><\/b><\/p>\n<p style=\"font-weight: 400;\"><b><strong>&#8211; bi\u010di\u0173 motin\u0117li\u0173 pienelis,<\/strong><\/b><\/p>\n<p style=\"font-weight: 400;\"><b><strong>&#8211; vitaminai A, D, E.<\/strong><\/b><\/p>\n<p style=\"font-weight: 400;\">Linij\u0105 sudaro 4 produktai:<\/p>\n<p style=\"font-weight: 400;\">X-PURE \u0161amp\u016bnas (250 ml arba 1000 ml)<\/p>\n<p style=\"font-weight: 400;\">X-REAL kondicionierius (250 ml arba 1000 ml)<\/p>\n<p style=\"font-weight: 400;\">X-STRUCTURING losjonas ampul\u0117se (12 vnt. po 10 ml, d\u0117\u017eut\u0117je)<\/p>\n<p style=\"font-weight: 400;\">X-SERUM, 100 ml<\/p>\n<p style=\"font-weight: 400;\"><b><strong>X-REAL\u00a0KONDICIONIERIUS<\/strong><\/b><\/p>\n<p style=\"font-weight: 400;\">Kondicionieriaus speciali formul\u0117 u\u017etikrina gil\u0173 plauko maitinim\u0105 be apsunkinimo, suteikia elastingumo, tvirtumo, dr\u0117gm\u0117s. Idealiai tinka pa\u017eeistiems plaukams. Plaukai\u00a0tampa \u0161ilkiniais ir lengvai \u0161ukuojamais. Kondicionieriaus pagrindas yra itin vertingas bi\u010di\u0173 motin\u0117li\u0173 pienelis bei kvie\u010di\u0173 baltymai. \u0160is kokteilis greitai ir efektyviai atnaujina ir i\u0161lygina plauk\u0173 strukt\u016br\u0105 per vis\u0105 ilg\u012f ir skerspj\u016bv\u012f, u\u017epildo blizgesiu ir gro\u017eiu.<\/p>\n<p style=\"font-weight: 400;\">D\u0117l didel\u0117s\u00a0<b><strong>AMINOR\u016aG\u0160\u010cI\u0172<\/strong><\/b>\u00a0koncentracijos\u00a0formul\u0117 pa\u0161alina vidinius pa\u017eeidimus, atjaunina, suteikia papildomo t\u016brio.<\/p>\n<p style=\"font-weight: 400;\"><b><strong>NAUDOJIMAS<\/strong><\/b>: Paruo\u0161tus, X-PURE \u0161amp\u016bnu i\u0161trinktus ir rank\u0161luos\u010diu nusausintus plaukus i\u0161tepkite reikiamu kiekiu X-REAL kondicionieriaus, kuo tolygiau paskirstykite per vis\u0105 plauko ilg\u012f (nelie\u010diant ir netepant ant \u0161akn\u0173), leiskite \u012fsigerti &#8211; palikite veikti apie 2-5 min.<\/p>\n<p style=\"font-weight: 400;\">Paskui kruop\u0161\u010diai nuskalaukite vandeniu, nusausinkite rank\u0161luos\u010diu.<\/p>\n","protected":false},"featured_media":738,"comment_status":"open","ping_status":"closed","template":"","meta":{"site-sidebar-layout":"default","site-content-layout":"","ast-site-content-layout":"","site-content-style":"default","site-sidebar-style":"default","ast-global-header-display":"","ast-banner-title-visibility":"","ast-main-header-display":"","ast-hfb-above-header-display":"","ast-hfb-below-header-display":"","ast-hfb-mobile-header-display":"","site-post-title":"","ast-breadcrumbs-content":"","ast-featured-img":"","footer-sml-layout":"","theme-transparent-header-meta":"","adv-header-id-meta":"","stick-header-meta":"","header-above-stick-meta":"","header-main-stick-meta":"","header-below-stick-meta":"","astra-migrate-meta-layouts":"default","ast-page-background-enabled":"default","ast-page-background-meta":{"desktop":{"background-color":"var(--ast-global-color-4)","background-image":"","background-repeat":"repeat","background-position":"center center","background-size":"auto","background-attachment":"scroll","background-type":"","background-media":"","overlay-type":"","overlay-color":"","overlay-gradient":""},"tablet":{"background-color":"","background-image":"","background-repeat":"repeat","background-position":"center center","background-size":"auto","background-attachment":"scroll","background-type":"","background-media":"","overlay-type":"","overlay-color":"","overlay-gradient":""},"mobile":{"background-color":"","background-image":"","background-repeat":"repeat","background-position":"center center","background-size":"auto","background-attachment":"scroll","background-type":"","background-media":"","overlay-type":"","overlay-color":"","overlay-gradient":""}},"ast-content-background-meta":{"desktop":{"background-color":"var(--ast-global-color-5)","background-image":"","background-repeat":"repeat","background-position":"center center","background-size":"auto","background-attachment":"scroll","background-type":"","background-media":"","overlay-type":"","overlay-color":"","overlay-gradient":""},"tablet":{"background-color":"var(--ast-global-color-5)","background-image":"","background-repeat":"repeat","background-position":"center center","background-size":"auto","background-attachment":"scroll","background-type":"","background-media":"","overlay-type":"","overlay-color":"","overlay-gradient":""},"mobile":{"background-color":"var(--ast-global-color-5)","background-image":"","background-repeat":"repeat","background-position":"center center","background-size":"auto","background-attachment":"scroll","background-type":"","background-media":"","overlay-type":"","overlay-color":"","overlay-gradient":""}}},"product_brand":[],"product_cat":[36],"product_tag":[],"class_list":{"0":"post-737","1":"product","2":"type-product","3":"status-publish","4":"has-post-thumbnail","6":"product_cat-gydomosios-priemones","7":"desktop-align-left","8":"tablet-align-left","9":"mobile-align-left","11":"first","12":"outofstock","13":"sold-individually","14":"shipping-taxable","15":"purchasable","16":"product-type-simple"},"_links":{"self":[{"href":"https:\/\/sdstylegroziosalonas.lt\/index.php\/wp-json\/wp\/v2\/product\/737","targetHints":{"allow":["GET"]}}],"collection":[{"href":"https:\/\/sdstylegroziosalonas.lt\/index.php\/wp-json\/wp\/v2\/product"}],"about":[{"href":"https:\/\/sdstylegroziosalonas.lt\/index.php\/wp-json\/wp\/v2\/types\/product"}],"replies":[{"embeddable":true,"href":"https:\/\/sdstylegroziosalonas.lt\/index.php\/wp-json\/wp\/v2\/comments?post=737"}],"wp:featuredmedia":[{"embeddable":true,"href":"https:\/\/sdstylegroziosalonas.lt\/index.php\/wp-json\/wp\/v2\/media\/738"}],"wp:attachment":[{"href":"https:\/\/sdstylegroziosalonas.lt\/index.php\/wp-json\/wp\/v2\/media?parent=737"}],"wp:term":[{"taxonomy":"product_brand","embeddable":true,"href":"https:\/\/sdstylegroziosalonas.lt\/index.php\/wp-json\/wp\/v2\/product_brand?post=737"},{"taxonomy":"product_cat","embeddable":true,"href":"https:\/\/sdstylegroziosalonas.lt\/index.php\/wp-json\/wp\/v2\/product_cat?post=737"},{"taxonomy":"product_tag","embeddable":true,"href":"https:\/\/sdstylegroziosalonas.lt\/index.php\/wp-json\/wp\/v2\/product_tag?post=737"}],"curies":[{"name":"wp","href":"https:\/\/api.w.org\/{rel}","templated":true}]}}