{"id":745,"date":"2020-12-07T14:54:42","date_gmt":"2020-12-07T14:54:42","guid":{"rendered":"https:\/\/sdstylegroziosalonas.lt\/?post_type=product&#038;p=745"},"modified":"2021-07-06T07:22:07","modified_gmt":"2021-07-06T07:22:07","slug":"keraplant-nature-sebum-regulatory-sampunas","status":"publish","type":"product","link":"https:\/\/sdstylegroziosalonas.lt\/index.php\/product\/keraplant-nature-sebum-regulatory-sampunas\/","title":{"rendered":"Keraplant\u00ae Nature Sebum Regulatory \u0161amp\u016bnas"},"content":{"rendered":"","protected":false},"excerpt":{"rendered":"<p>Keraplant\u00ae Nature Sebum Regulatory \u0161amp\u016bnas \u0161velniai valo plaukus, atkurdamas galvos odos balans\u0105, d\u0117ka salier\u0173 s\u0117kl\u0173 ekstrakto, eterinio kadagio aliejaus ir Sebomino, kurie yra ypatingas aktyvus kompleksas, normalizuojantis riebalini\u0173 liauk\u0173 sekrecij\u0105, nedirginantis odos ir turintis antibakterin\u012f poveik\u012f.<br \/>\nFormul\u0117je n\u0117ra parben\u0173 ir da\u017eikli\u0173.<br \/>\nSertifikuoti nat\u016bral\u016bs kvapikliai.<\/p>\n<p>Taikymo b\u016bdas:<\/p>\n<p>tepkite tiesiai ant dr\u0117gnos galvos odos (po galvos odos paruo\u0161imo ar be jo naudojant \u201eKeraplant\u00ae Nature Green Clay Detox\u201c kauk\u0119 ir \u201eKeraplant\u00ae Nature\u201c Seboreguliacin\u012f eterin\u012f aliej\u0173) ir \u0161velniai pamasa\u017euokite. Palikite veikti 3 minutes. \u012epilkite vandens, emulguokite, nuplaukite.<\/p>\n<p>Naudojimo da\u017enumas:<\/p>\n<p>3\u20134 kartus per savait\u0119 atliekant proced\u016br\u0173 kurs\u0105 prie\u0161 riebi\u0105 galvos od\u0105.<br \/>\nMaksimaliam efektui rekomenduojama naudoti pagal pasirinkt\u0105 kurs\u0105 kartu su kitais \u201eKeraplant\u00ae Nature\u201c produktais<br \/>\n250 ml<\/p>\n","protected":false},"featured_media":746,"comment_status":"open","ping_status":"closed","template":"","meta":{"site-sidebar-layout":"default","site-content-layout":"","ast-site-content-layout":"","site-content-style":"default","site-sidebar-style":"default","ast-global-header-display":"","ast-banner-title-visibility":"","ast-main-header-display":"","ast-hfb-above-header-display":"","ast-hfb-below-header-display":"","ast-hfb-mobile-header-display":"","site-post-title":"","ast-breadcrumbs-content":"","ast-featured-img":"","footer-sml-layout":"","theme-transparent-header-meta":"","adv-header-id-meta":"","stick-header-meta":"","header-above-stick-meta":"","header-main-stick-meta":"","header-below-stick-meta":"","astra-migrate-meta-layouts":"default","ast-page-background-enabled":"default","ast-page-background-meta":{"desktop":{"background-color":"var(--ast-global-color-4)","background-image":"","background-repeat":"repeat","background-position":"center center","background-size":"auto","background-attachment":"scroll","background-type":"","background-media":"","overlay-type":"","overlay-color":"","overlay-gradient":""},"tablet":{"background-color":"","background-image":"","background-repeat":"repeat","background-position":"center center","background-size":"auto","background-attachment":"scroll","background-type":"","background-media":"","overlay-type":"","overlay-color":"","overlay-gradient":""},"mobile":{"background-color":"","background-image":"","background-repeat":"repeat","background-position":"center center","background-size":"auto","background-attachment":"scroll","background-type":"","background-media":"","overlay-type":"","overlay-color":"","overlay-gradient":""}},"ast-content-background-meta":{"desktop":{"background-color":"var(--ast-global-color-5)","background-image":"","background-repeat":"repeat","background-position":"center center","background-size":"auto","background-attachment":"scroll","background-type":"","background-media":"","overlay-type":"","overlay-color":"","overlay-gradient":""},"tablet":{"background-color":"var(--ast-global-color-5)","background-image":"","background-repeat":"repeat","background-position":"center center","background-size":"auto","background-attachment":"scroll","background-type":"","background-media":"","overlay-type":"","overlay-color":"","overlay-gradient":""},"mobile":{"background-color":"var(--ast-global-color-5)","background-image":"","background-repeat":"repeat","background-position":"center center","background-size":"auto","background-attachment":"scroll","background-type":"","background-media":"","overlay-type":"","overlay-color":"","overlay-gradient":""}}},"product_brand":[],"product_cat":[15],"product_tag":[],"class_list":{"0":"post-745","1":"product","2":"type-product","3":"status-publish","4":"has-post-thumbnail","6":"product_cat-be-kategorijos","7":"desktop-align-left","8":"tablet-align-left","9":"mobile-align-left","11":"first","12":"outofstock","13":"sold-individually","14":"shipping-taxable","15":"purchasable","16":"product-type-simple"},"_links":{"self":[{"href":"https:\/\/sdstylegroziosalonas.lt\/index.php\/wp-json\/wp\/v2\/product\/745","targetHints":{"allow":["GET"]}}],"collection":[{"href":"https:\/\/sdstylegroziosalonas.lt\/index.php\/wp-json\/wp\/v2\/product"}],"about":[{"href":"https:\/\/sdstylegroziosalonas.lt\/index.php\/wp-json\/wp\/v2\/types\/product"}],"replies":[{"embeddable":true,"href":"https:\/\/sdstylegroziosalonas.lt\/index.php\/wp-json\/wp\/v2\/comments?post=745"}],"wp:featuredmedia":[{"embeddable":true,"href":"https:\/\/sdstylegroziosalonas.lt\/index.php\/wp-json\/wp\/v2\/media\/746"}],"wp:attachment":[{"href":"https:\/\/sdstylegroziosalonas.lt\/index.php\/wp-json\/wp\/v2\/media?parent=745"}],"wp:term":[{"taxonomy":"product_brand","embeddable":true,"href":"https:\/\/sdstylegroziosalonas.lt\/index.php\/wp-json\/wp\/v2\/product_brand?post=745"},{"taxonomy":"product_cat","embeddable":true,"href":"https:\/\/sdstylegroziosalonas.lt\/index.php\/wp-json\/wp\/v2\/product_cat?post=745"},{"taxonomy":"product_tag","embeddable":true,"href":"https:\/\/sdstylegroziosalonas.lt\/index.php\/wp-json\/wp\/v2\/product_tag?post=745"}],"curies":[{"name":"wp","href":"https:\/\/api.w.org\/{rel}","templated":true}]}}