{"id":747,"date":"2020-12-07T15:06:52","date_gmt":"2020-12-07T15:06:52","guid":{"rendered":"https:\/\/sdstylegroziosalonas.lt\/?post_type=product&#038;p=747"},"modified":"2025-11-19T20:42:14","modified_gmt":"2025-11-19T20:42:14","slug":"keraplant-nature-sampunas-nuo-plauku-slinkimo","status":"publish","type":"product","link":"https:\/\/sdstylegroziosalonas.lt\/index.php\/product\/keraplant-nature-sampunas-nuo-plauku-slinkimo\/","title":{"rendered":"Keraplant\u00ae Nature \u0161amp\u016bnas nuo plauk\u0173 slinkimo"},"content":{"rendered":"","protected":false},"excerpt":{"rendered":"<p>Keraplant\u00ae Nature \u0161amp\u016bnas nuo plauk\u0173 slinkimo su trichokompleksu ir \u017een\u0161enio ekstraktu. Suaktyvina ir tonizuoja galvos od\u0105. Skatina plauk\u0173 augimo stimuliavim\u0105, padeda u\u017ekirsti keli\u0105 plauk\u0173 slinkimo procesui ir j\u012f sustabdyti, normalizuodamas plauk\u0173 augimo procesus.<br \/>\nFormul\u0117je n\u0117ra parben\u0173 ir da\u017eikli\u0173.<br \/>\nSertifikuoti nat\u016bral\u016bs kvapikliai.<\/p>\n<p>Taikymo b\u016bdas:<\/p>\n<p>tepkite tiesiai ant dr\u0117gnos galvos odos (po galvos odos paruo\u0161imo arba be jo naudojant \u201eKeraplant\u00ae Nature Green Clay Detox\u201c kauk\u0119 ir \u201eKeraplant\u00ae Nature\u201c plauk\u0173 slinkimo eterin\u012f aliej\u0173) ir \u0161velniai pamasa\u017euokite. Palikite veikti 3 minutes. \u012epilkite vandens, emulguokite, nuplaukite.<\/p>\n<p>Naudojimo da\u017enumas:<\/p>\n<p>3-4 kartus per savait\u0119, kai atliekamas plauk\u0173 slinkimo proced\u016br\u0173 kursas.<br \/>\nNorint pasiekti maksimal\u0173 efekt\u0105, rekomenduojama naudoti pagal pasirinkt\u0105 kurs\u0105 kartu su kitais \u201eKeraplant\u00ae Nature\u201c linijos produktais<br \/>\n(\u017er. proced\u016bros skyri\u0173 \u201eApsauga nuo plauk\u0173 slinkimo\u201c).<\/p>\n<p>250 ml<\/p>\n","protected":false},"featured_media":748,"comment_status":"open","ping_status":"closed","template":"","meta":{"site-sidebar-layout":"default","site-content-layout":"","ast-site-content-layout":"","site-content-style":"default","site-sidebar-style":"default","ast-global-header-display":"","ast-banner-title-visibility":"","ast-main-header-display":"","ast-hfb-above-header-display":"","ast-hfb-below-header-display":"","ast-hfb-mobile-header-display":"","site-post-title":"","ast-breadcrumbs-content":"","ast-featured-img":"","footer-sml-layout":"","theme-transparent-header-meta":"","adv-header-id-meta":"","stick-header-meta":"","header-above-stick-meta":"","header-main-stick-meta":"","header-below-stick-meta":"","astra-migrate-meta-layouts":"default","ast-page-background-enabled":"default","ast-page-background-meta":{"desktop":{"background-color":"var(--ast-global-color-4)","background-image":"","background-repeat":"repeat","background-position":"center center","background-size":"auto","background-attachment":"scroll","background-type":"","background-media":"","overlay-type":"","overlay-color":"","overlay-gradient":""},"tablet":{"background-color":"","background-image":"","background-repeat":"repeat","background-position":"center center","background-size":"auto","background-attachment":"scroll","background-type":"","background-media":"","overlay-type":"","overlay-color":"","overlay-gradient":""},"mobile":{"background-color":"","background-image":"","background-repeat":"repeat","background-position":"center center","background-size":"auto","background-attachment":"scroll","background-type":"","background-media":"","overlay-type":"","overlay-color":"","overlay-gradient":""}},"ast-content-background-meta":{"desktop":{"background-color":"var(--ast-global-color-5)","background-image":"","background-repeat":"repeat","background-position":"center center","background-size":"auto","background-attachment":"scroll","background-type":"","background-media":"","overlay-type":"","overlay-color":"","overlay-gradient":""},"tablet":{"background-color":"var(--ast-global-color-5)","background-image":"","background-repeat":"repeat","background-position":"center center","background-size":"auto","background-attachment":"scroll","background-type":"","background-media":"","overlay-type":"","overlay-color":"","overlay-gradient":""},"mobile":{"background-color":"var(--ast-global-color-5)","background-image":"","background-repeat":"repeat","background-position":"center center","background-size":"auto","background-attachment":"scroll","background-type":"","background-media":"","overlay-type":"","overlay-color":"","overlay-gradient":""}}},"product_brand":[],"product_cat":[15],"product_tag":[],"class_list":{"0":"post-747","1":"product","2":"type-product","3":"status-publish","4":"has-post-thumbnail","6":"product_cat-be-kategorijos","7":"desktop-align-left","8":"tablet-align-left","9":"mobile-align-left","11":"first","12":"outofstock","13":"sold-individually","14":"shipping-taxable","15":"purchasable","16":"product-type-simple"},"_links":{"self":[{"href":"https:\/\/sdstylegroziosalonas.lt\/index.php\/wp-json\/wp\/v2\/product\/747","targetHints":{"allow":["GET"]}}],"collection":[{"href":"https:\/\/sdstylegroziosalonas.lt\/index.php\/wp-json\/wp\/v2\/product"}],"about":[{"href":"https:\/\/sdstylegroziosalonas.lt\/index.php\/wp-json\/wp\/v2\/types\/product"}],"replies":[{"embeddable":true,"href":"https:\/\/sdstylegroziosalonas.lt\/index.php\/wp-json\/wp\/v2\/comments?post=747"}],"wp:featuredmedia":[{"embeddable":true,"href":"https:\/\/sdstylegroziosalonas.lt\/index.php\/wp-json\/wp\/v2\/media\/748"}],"wp:attachment":[{"href":"https:\/\/sdstylegroziosalonas.lt\/index.php\/wp-json\/wp\/v2\/media?parent=747"}],"wp:term":[{"taxonomy":"product_brand","embeddable":true,"href":"https:\/\/sdstylegroziosalonas.lt\/index.php\/wp-json\/wp\/v2\/product_brand?post=747"},{"taxonomy":"product_cat","embeddable":true,"href":"https:\/\/sdstylegroziosalonas.lt\/index.php\/wp-json\/wp\/v2\/product_cat?post=747"},{"taxonomy":"product_tag","embeddable":true,"href":"https:\/\/sdstylegroziosalonas.lt\/index.php\/wp-json\/wp\/v2\/product_tag?post=747"}],"curies":[{"name":"wp","href":"https:\/\/api.w.org\/{rel}","templated":true}]}}