{"id":759,"date":"2020-12-17T12:18:36","date_gmt":"2020-12-17T12:18:36","guid":{"rendered":"https:\/\/sdstylegroziosalonas.lt\/?post_type=product&#038;p=759"},"modified":"2021-07-06T07:20:31","modified_gmt":"2021-07-06T07:20:31","slug":"keraplant-nature-purifying-shampoo-sampunas-nuo-plauku-slinkimo","status":"publish","type":"product","link":"https:\/\/sdstylegroziosalonas.lt\/index.php\/product\/keraplant-nature-purifying-shampoo-sampunas-nuo-plauku-slinkimo\/","title":{"rendered":"Keraplant Nature Purifying Shampoo \u0161amp\u016bnas nuo plauk\u0173 slinkimo"},"content":{"rendered":"<p>KERAPLANT NATURE\u00a0 valomasis plauk\u0173 \u0161amp\u016bnas nuo pleiskan\u0173 su raminan\u010diu antimikrobiniu poveikiu galvos odai. D\u0117ka afrikinio pipir\u0173 ekstrakto, fitopur\u0105, piroktono olamin\u0105 ir \u017een\u0161enio ekstrakto \u0161amp\u016bnas padeda pa\u0161alinti pleiskanas ir mal\u0161ina odos sudirginim\u0105.<\/p>\n<p>Naudojimas: \u0161amp\u016bn\u0105 su \u0161velniais masa\u017euojan\u010diais judesiais u\u017epilkite tiesiai ant \u0161lapios arba sausos galvos odos. Palikite 3 minut\u0117ms. Masa\u017euokite ir nuplaukite.<\/p>\n<p>Be paraben\u0173 ir da\u017eikli\u0173. I\u0161laik\u0117 dermatologinius tyrimus.<\/p>\n<p>Formatas: 250 ml.<\/p>\n","protected":false},"excerpt":{"rendered":"<p>KERAPLANT NATURE\u00a0 valomasis plauk\u0173 \u0161amp\u016bnas nuo pleiskan\u0173 su raminan\u010diu antimikrobiniu poveikiu galvos odai. D\u0117ka afrikinio pipir\u0173 ekstrakto, fitopur\u0105, piroktono olamin\u0105 ir \u017een\u0161enio ekstrakto \u0161amp\u016bnas padeda pa\u0161alinti pleiskanas ir mal\u0161ina odos sudirginim\u0105. Naudojimas: \u0161amp\u016bn\u0105 su \u0161velniais masa\u017euojan\u010diais judesiais u\u017epilkite tiesiai ant \u0161lapios arba sausos galvos odos. Palikite 3 minut\u0117ms. Masa\u017euokite ir nuplaukite. Be paraben\u0173 ir da\u017eikli\u0173. [&hellip;]<\/p>\n","protected":false},"featured_media":760,"comment_status":"open","ping_status":"closed","template":"","meta":{"site-sidebar-layout":"default","site-content-layout":"","ast-site-content-layout":"","site-content-style":"default","site-sidebar-style":"default","ast-global-header-display":"","ast-banner-title-visibility":"","ast-main-header-display":"","ast-hfb-above-header-display":"","ast-hfb-below-header-display":"","ast-hfb-mobile-header-display":"","site-post-title":"","ast-breadcrumbs-content":"","ast-featured-img":"","footer-sml-layout":"","theme-transparent-header-meta":"","adv-header-id-meta":"","stick-header-meta":"","header-above-stick-meta":"","header-main-stick-meta":"","header-below-stick-meta":"","astra-migrate-meta-layouts":"default","ast-page-background-enabled":"default","ast-page-background-meta":{"desktop":{"background-color":"var(--ast-global-color-4)","background-image":"","background-repeat":"repeat","background-position":"center center","background-size":"auto","background-attachment":"scroll","background-type":"","background-media":"","overlay-type":"","overlay-color":"","overlay-gradient":""},"tablet":{"background-color":"","background-image":"","background-repeat":"repeat","background-position":"center center","background-size":"auto","background-attachment":"scroll","background-type":"","background-media":"","overlay-type":"","overlay-color":"","overlay-gradient":""},"mobile":{"background-color":"","background-image":"","background-repeat":"repeat","background-position":"center center","background-size":"auto","background-attachment":"scroll","background-type":"","background-media":"","overlay-type":"","overlay-color":"","overlay-gradient":""}},"ast-content-background-meta":{"desktop":{"background-color":"var(--ast-global-color-5)","background-image":"","background-repeat":"repeat","background-position":"center center","background-size":"auto","background-attachment":"scroll","background-type":"","background-media":"","overlay-type":"","overlay-color":"","overlay-gradient":""},"tablet":{"background-color":"var(--ast-global-color-5)","background-image":"","background-repeat":"repeat","background-position":"center center","background-size":"auto","background-attachment":"scroll","background-type":"","background-media":"","overlay-type":"","overlay-color":"","overlay-gradient":""},"mobile":{"background-color":"var(--ast-global-color-5)","background-image":"","background-repeat":"repeat","background-position":"center center","background-size":"auto","background-attachment":"scroll","background-type":"","background-media":"","overlay-type":"","overlay-color":"","overlay-gradient":""}}},"product_brand":[],"product_cat":[15],"product_tag":[],"class_list":{"0":"post-759","1":"product","2":"type-product","3":"status-publish","4":"has-post-thumbnail","6":"product_cat-be-kategorijos","7":"desktop-align-left","8":"tablet-align-left","9":"mobile-align-left","11":"first","12":"outofstock","13":"sold-individually","14":"shipping-taxable","15":"purchasable","16":"product-type-simple"},"_links":{"self":[{"href":"https:\/\/sdstylegroziosalonas.lt\/index.php\/wp-json\/wp\/v2\/product\/759","targetHints":{"allow":["GET"]}}],"collection":[{"href":"https:\/\/sdstylegroziosalonas.lt\/index.php\/wp-json\/wp\/v2\/product"}],"about":[{"href":"https:\/\/sdstylegroziosalonas.lt\/index.php\/wp-json\/wp\/v2\/types\/product"}],"replies":[{"embeddable":true,"href":"https:\/\/sdstylegroziosalonas.lt\/index.php\/wp-json\/wp\/v2\/comments?post=759"}],"wp:featuredmedia":[{"embeddable":true,"href":"https:\/\/sdstylegroziosalonas.lt\/index.php\/wp-json\/wp\/v2\/media\/760"}],"wp:attachment":[{"href":"https:\/\/sdstylegroziosalonas.lt\/index.php\/wp-json\/wp\/v2\/media?parent=759"}],"wp:term":[{"taxonomy":"product_brand","embeddable":true,"href":"https:\/\/sdstylegroziosalonas.lt\/index.php\/wp-json\/wp\/v2\/product_brand?post=759"},{"taxonomy":"product_cat","embeddable":true,"href":"https:\/\/sdstylegroziosalonas.lt\/index.php\/wp-json\/wp\/v2\/product_cat?post=759"},{"taxonomy":"product_tag","embeddable":true,"href":"https:\/\/sdstylegroziosalonas.lt\/index.php\/wp-json\/wp\/v2\/product_tag?post=759"}],"curies":[{"name":"wp","href":"https:\/\/api.w.org\/{rel}","templated":true}]}}