{"id":767,"date":"2020-12-17T13:40:15","date_gmt":"2020-12-17T13:40:15","guid":{"rendered":"https:\/\/sdstylegroziosalonas.lt\/?post_type=product&#038;p=767"},"modified":"2025-11-19T20:41:50","modified_gmt":"2025-11-19T20:41:50","slug":"purify-hydra-drekinamasis-sampunas-sausiems-plaukams-su-migdolu-alyvuogiu-ryziu-ir-ramuneliu-ekstraktais-300-ml","status":"publish","type":"product","link":"https:\/\/sdstylegroziosalonas.lt\/index.php\/product\/purify-hydra-drekinamasis-sampunas-sausiems-plaukams-su-migdolu-alyvuogiu-ryziu-ir-ramuneliu-ekstraktais-300-ml\/","title":{"rendered":"PURIFY HYDRA Dr\u0117kinamasis \u0161amp\u016bnas sausiems plaukams su migdol\u0173, alyvuogi\u0173, ry\u017ei\u0173 ir ramun\u0117li\u0173 ekstraktais, 300 ml"},"content":{"rendered":"<p>Plaukus dr\u0117kinantis ir puikiai valantis \u0161amp\u016bnas, praturtintas\u00a0<strong>\u00a0alyvuogi\u0173 ir migdol\u0173 aliejumi,\u00a0 ry\u017ei\u0173 bei ramun\u0117li\u0173 ekstraktais<\/strong>\u00a0yra specialiai sukurtas sausiems, l\u016b\u017ein\u0117jantiems, \u0161iurk\u0161tiems, po da\u017eymo ar cheminio su\u0161ukavimo pa\u017eeistiems plaukams.<\/p>\n<p><strong>Ry\u017ei\u0173 proteina<\/strong>i giliai maitina ir atstato plauk\u0173 strukt\u016br\u0105.<\/p>\n<p><strong>Migdol\u0173 aliejus<\/strong>\u00a0glotnina plauk\u0173 pavir\u0161i\u0173, atpainioja plaukus ir daro juos paslankius.<\/p>\n<p><strong>Alyvuogi\u0173 aliejus<\/strong>, unikalus gamtos k\u016brinys ir d\u0117kinam\u0173j\u0173 komponent\u0173 derinys su<strong>\u00a0ramun\u0117li\u0173 ekstraktu<\/strong>\u00a0pripildo i\u0161saus\u0117jusius plaukus taip reikiama dr\u0117gme bei gerina plauk\u0173 elastingum\u0105.<\/p>\n<p>Plaukams sugr\u0105\u017einamas gyvybingumas. Plaukai intensyviai spindi, tampa paklusnesni ir mink\u0161tesni. Gaiv\u016bs ir jausmingi aromatai atpalaiduoja ir teigiamai veikia nerv\u0173 sistem\u0105.<\/p>\n<p>&nbsp;<\/p>\n<p><em>Naudojimo b\u016bdas:<\/em>\u00a0Po plauk\u0173 trinkimo su\u00a0<strong>PURIFY HYDRA<\/strong>\u00a0\u0161amp\u016bnu nedidel\u012f kiek\u012f\u00a0<strong>PURIFY HYDRA\u00a0<\/strong>kondicionieriaus paskirstykite ant dr\u0117gn\u0173, \u0161vari\u0173 plauk\u0173 ir palikite veikti 3-5 minutes. Nuskalaukite dideliu kiekiu vandens.<\/p>\n<p>Jei galvos oda yra riebi, o plaukai i\u0161saus\u0117j\u0119, priemon\u0119 prad\u0117kite tepti palikdami 3-6 cm ilgio plauk\u0173 \u0161aknis. Palikite veikti 3-5 minutes ir tuomet kruop\u0161\u010diai nuskalaukite. Taip pat jei plaukai yra stori, rekomenduojama kondicionieri\u0173 palaikyti ilgiau nei \u012fprasta.<\/p>\n<p>&nbsp;<\/p>\n<p>&nbsp;<\/p>\n","protected":false},"excerpt":{"rendered":"<p>Plaukus dr\u0117kinantis ir puikiai valantis \u0161amp\u016bnas, praturtintas\u00a0\u00a0alyvuogi\u0173 ir migdol\u0173 aliejumi,\u00a0 ry\u017ei\u0173 bei ramun\u0117li\u0173 ekstraktais\u00a0yra specialiai sukurtas sausiems, l\u016b\u017ein\u0117jantiems, \u0161iurk\u0161tiems, po da\u017eymo ar cheminio su\u0161ukavimo pa\u017eeistiems plaukams. Ry\u017ei\u0173 proteinai giliai maitina ir atstato plauk\u0173 strukt\u016br\u0105. Migdol\u0173 aliejus\u00a0glotnina plauk\u0173 pavir\u0161i\u0173, atpainioja plaukus ir daro juos paslankius. Alyvuogi\u0173 aliejus, unikalus gamtos k\u016brinys ir d\u0117kinam\u0173j\u0173 komponent\u0173 derinys su\u00a0ramun\u0117li\u0173 ekstraktu\u00a0pripildo [&hellip;]<\/p>\n","protected":false},"featured_media":769,"comment_status":"open","ping_status":"closed","template":"","meta":{"site-sidebar-layout":"default","site-content-layout":"","ast-site-content-layout":"","site-content-style":"default","site-sidebar-style":"default","ast-global-header-display":"","ast-banner-title-visibility":"","ast-main-header-display":"","ast-hfb-above-header-display":"","ast-hfb-below-header-display":"","ast-hfb-mobile-header-display":"","site-post-title":"","ast-breadcrumbs-content":"","ast-featured-img":"","footer-sml-layout":"","theme-transparent-header-meta":"","adv-header-id-meta":"","stick-header-meta":"","header-above-stick-meta":"","header-main-stick-meta":"","header-below-stick-meta":"","astra-migrate-meta-layouts":"default","ast-page-background-enabled":"default","ast-page-background-meta":{"desktop":{"background-color":"var(--ast-global-color-4)","background-image":"","background-repeat":"repeat","background-position":"center center","background-size":"auto","background-attachment":"scroll","background-type":"","background-media":"","overlay-type":"","overlay-color":"","overlay-gradient":""},"tablet":{"background-color":"","background-image":"","background-repeat":"repeat","background-position":"center center","background-size":"auto","background-attachment":"scroll","background-type":"","background-media":"","overlay-type":"","overlay-color":"","overlay-gradient":""},"mobile":{"background-color":"","background-image":"","background-repeat":"repeat","background-position":"center center","background-size":"auto","background-attachment":"scroll","background-type":"","background-media":"","overlay-type":"","overlay-color":"","overlay-gradient":""}},"ast-content-background-meta":{"desktop":{"background-color":"var(--ast-global-color-5)","background-image":"","background-repeat":"repeat","background-position":"center center","background-size":"auto","background-attachment":"scroll","background-type":"","background-media":"","overlay-type":"","overlay-color":"","overlay-gradient":""},"tablet":{"background-color":"var(--ast-global-color-5)","background-image":"","background-repeat":"repeat","background-position":"center center","background-size":"auto","background-attachment":"scroll","background-type":"","background-media":"","overlay-type":"","overlay-color":"","overlay-gradient":""},"mobile":{"background-color":"var(--ast-global-color-5)","background-image":"","background-repeat":"repeat","background-position":"center center","background-size":"auto","background-attachment":"scroll","background-type":"","background-media":"","overlay-type":"","overlay-color":"","overlay-gradient":""}}},"product_brand":[],"product_cat":[31],"product_tag":[],"class_list":{"0":"post-767","1":"product","2":"type-product","3":"status-publish","4":"has-post-thumbnail","6":"product_cat-sampunai","7":"desktop-align-left","8":"tablet-align-left","9":"mobile-align-left","11":"first","12":"outofstock","13":"sold-individually","14":"shipping-taxable","15":"purchasable","16":"product-type-simple"},"_links":{"self":[{"href":"https:\/\/sdstylegroziosalonas.lt\/index.php\/wp-json\/wp\/v2\/product\/767","targetHints":{"allow":["GET"]}}],"collection":[{"href":"https:\/\/sdstylegroziosalonas.lt\/index.php\/wp-json\/wp\/v2\/product"}],"about":[{"href":"https:\/\/sdstylegroziosalonas.lt\/index.php\/wp-json\/wp\/v2\/types\/product"}],"replies":[{"embeddable":true,"href":"https:\/\/sdstylegroziosalonas.lt\/index.php\/wp-json\/wp\/v2\/comments?post=767"}],"wp:featuredmedia":[{"embeddable":true,"href":"https:\/\/sdstylegroziosalonas.lt\/index.php\/wp-json\/wp\/v2\/media\/769"}],"wp:attachment":[{"href":"https:\/\/sdstylegroziosalonas.lt\/index.php\/wp-json\/wp\/v2\/media?parent=767"}],"wp:term":[{"taxonomy":"product_brand","embeddable":true,"href":"https:\/\/sdstylegroziosalonas.lt\/index.php\/wp-json\/wp\/v2\/product_brand?post=767"},{"taxonomy":"product_cat","embeddable":true,"href":"https:\/\/sdstylegroziosalonas.lt\/index.php\/wp-json\/wp\/v2\/product_cat?post=767"},{"taxonomy":"product_tag","embeddable":true,"href":"https:\/\/sdstylegroziosalonas.lt\/index.php\/wp-json\/wp\/v2\/product_tag?post=767"}],"curies":[{"name":"wp","href":"https:\/\/api.w.org\/{rel}","templated":true}]}}