{"id":773,"date":"2020-12-17T13:45:59","date_gmt":"2020-12-17T13:45:59","guid":{"rendered":"https:\/\/sdstylegroziosalonas.lt\/?post_type=product&#038;p=773"},"modified":"2025-11-19T20:41:37","modified_gmt":"2025-11-19T20:41:37","slug":"k05-antihair-loss-trichologinis-sampunas-nuo-plauku-slinkimo-250-ml","status":"publish","type":"product","link":"https:\/\/sdstylegroziosalonas.lt\/index.php\/product\/k05-antihair-loss-trichologinis-sampunas-nuo-plauku-slinkimo-250-ml\/","title":{"rendered":"K05 \u0161amp\u016bnas nuo plauk\u0173 slinkimo (250ml)"},"content":{"rendered":"<p>&nbsp;<\/p>\n<p style=\"font-weight: 400;\">Profesionalus specializuotas\u00a0<b><strong>besulfatis<\/strong><\/b>\u00a0\u0161amp\u016bnas, praturtintas ank\u0161tpipirio, dilg\u0117l\u0117s, kaln\u0173 arnikos ekstraktais bei itin vertingu arbatmed\u017eio aliejumi, sukurtas kovoti su gausiu plauk\u0173 slinkimu bei veikti prevenci\u0161kai.<\/p>\n<p style=\"font-weight: 400;\">Sud\u0117tyje esantis veikli\u0173j\u0173 med\u017eiag\u0173 derinys valo ir atveria galvos poras, gerina kraujo mikrocirkuliacij\u0105 galvos odoje, d\u0117l to plauk\u0173 folikul\u0173 svog\u016bn\u0117liai geriau apr\u016bpinami gyvybi\u0161ka energija.<\/p>\n<p style=\"font-weight: 400;\">Puikiai paruo\u0161ia galvos od\u0105 tolimesni\u0173 priemoni\u0173 naudojimui, pvz., losjono ar serumo. \u0160amp\u016bnas ne tik padeda sustabdyti plauk\u0173 slinkim\u0105, bet stimuliuoja j\u0173 augim\u0105.<\/p>\n<p style=\"font-weight: 400;\">Kadangi unikali \u0161amp\u016bno formul\u0117 savo sud\u0117tyje neturi SLS (sulfat\u0173), jo putojimasis yra ma\u017eesnis nei \u012fprast\u0173 \u0161amp\u016bn\u0173, bet plovimo ir poveikio efekto ne\u012ftakoja.<\/p>\n<p style=\"font-weight: 400;\"><b><strong>Be sulfat\u0173, be paraben\u0173, be silikon\u0173, be hormon\u0173, be kenksming\u0173 med\u017eiag\u0173.<\/strong><\/b><\/p>\n<p style=\"font-weight: 400;\">NAUDOJIMAS. Nedidel\u012f kiek\u012f \u0161amp\u016bno paskirstykite delnuose ir plaukite, masa\u017euokite sudr\u0117kint\u0105 galvos od\u0105, pereidami prie plauk\u0173- lengvais masa\u017euojamaisiais judesiais \u012ftrinkite, kol susiformuos putos. Svarbiausias tikslas \u2013 nuplauti galvos od\u0105. Palaikykite 1 minut\u0119 ir kruop\u0161\u010diai nuskalaukite. Jei reikalinga \u2013 pakartokite.\u00a0PATARIMAS: Jei plaunate galv\u0105 kasdien, tuomet u\u017eteks \u0161amp\u016bnu i\u0161trinkti 1 kart\u0105, o jei re\u010diau \u2013 pagal poreik\u012f.<\/p>\n","protected":false},"excerpt":{"rendered":"<p>&nbsp; Profesionalus specializuotas\u00a0besulfatis\u00a0\u0161amp\u016bnas, praturtintas ank\u0161tpipirio, dilg\u0117l\u0117s, kaln\u0173 arnikos ekstraktais bei itin vertingu arbatmed\u017eio aliejumi, sukurtas kovoti su gausiu plauk\u0173 slinkimu bei veikti prevenci\u0161kai. Sud\u0117tyje esantis veikli\u0173j\u0173 med\u017eiag\u0173 derinys valo ir atveria galvos poras, gerina kraujo mikrocirkuliacij\u0105 galvos odoje, d\u0117l to plauk\u0173 folikul\u0173 svog\u016bn\u0117liai geriau apr\u016bpinami gyvybi\u0161ka energija. Puikiai paruo\u0161ia galvos od\u0105 tolimesni\u0173 priemoni\u0173 naudojimui, pvz., [&hellip;]<\/p>\n","protected":false},"featured_media":1098,"comment_status":"open","ping_status":"closed","template":"","meta":{"site-sidebar-layout":"default","site-content-layout":"","ast-site-content-layout":"","site-content-style":"default","site-sidebar-style":"default","ast-global-header-display":"","ast-banner-title-visibility":"","ast-main-header-display":"","ast-hfb-above-header-display":"","ast-hfb-below-header-display":"","ast-hfb-mobile-header-display":"","site-post-title":"","ast-breadcrumbs-content":"","ast-featured-img":"","footer-sml-layout":"","theme-transparent-header-meta":"","adv-header-id-meta":"","stick-header-meta":"","header-above-stick-meta":"","header-main-stick-meta":"","header-below-stick-meta":"","astra-migrate-meta-layouts":"default","ast-page-background-enabled":"default","ast-page-background-meta":{"desktop":{"background-color":"var(--ast-global-color-4)","background-image":"","background-repeat":"repeat","background-position":"center center","background-size":"auto","background-attachment":"scroll","background-type":"","background-media":"","overlay-type":"","overlay-color":"","overlay-gradient":""},"tablet":{"background-color":"","background-image":"","background-repeat":"repeat","background-position":"center center","background-size":"auto","background-attachment":"scroll","background-type":"","background-media":"","overlay-type":"","overlay-color":"","overlay-gradient":""},"mobile":{"background-color":"","background-image":"","background-repeat":"repeat","background-position":"center center","background-size":"auto","background-attachment":"scroll","background-type":"","background-media":"","overlay-type":"","overlay-color":"","overlay-gradient":""}},"ast-content-background-meta":{"desktop":{"background-color":"var(--ast-global-color-5)","background-image":"","background-repeat":"repeat","background-position":"center center","background-size":"auto","background-attachment":"scroll","background-type":"","background-media":"","overlay-type":"","overlay-color":"","overlay-gradient":""},"tablet":{"background-color":"var(--ast-global-color-5)","background-image":"","background-repeat":"repeat","background-position":"center center","background-size":"auto","background-attachment":"scroll","background-type":"","background-media":"","overlay-type":"","overlay-color":"","overlay-gradient":""},"mobile":{"background-color":"var(--ast-global-color-5)","background-image":"","background-repeat":"repeat","background-position":"center center","background-size":"auto","background-attachment":"scroll","background-type":"","background-media":"","overlay-type":"","overlay-color":"","overlay-gradient":""}}},"product_brand":[],"product_cat":[36,31],"product_tag":[],"class_list":{"0":"post-773","1":"product","2":"type-product","3":"status-publish","4":"has-post-thumbnail","6":"product_cat-gydomosios-priemones","7":"product_cat-sampunai","8":"desktop-align-left","9":"tablet-align-left","10":"mobile-align-left","12":"first","13":"outofstock","14":"sold-individually","15":"shipping-taxable","16":"purchasable","17":"product-type-simple"},"_links":{"self":[{"href":"https:\/\/sdstylegroziosalonas.lt\/index.php\/wp-json\/wp\/v2\/product\/773","targetHints":{"allow":["GET"]}}],"collection":[{"href":"https:\/\/sdstylegroziosalonas.lt\/index.php\/wp-json\/wp\/v2\/product"}],"about":[{"href":"https:\/\/sdstylegroziosalonas.lt\/index.php\/wp-json\/wp\/v2\/types\/product"}],"replies":[{"embeddable":true,"href":"https:\/\/sdstylegroziosalonas.lt\/index.php\/wp-json\/wp\/v2\/comments?post=773"}],"wp:featuredmedia":[{"embeddable":true,"href":"https:\/\/sdstylegroziosalonas.lt\/index.php\/wp-json\/wp\/v2\/media\/1098"}],"wp:attachment":[{"href":"https:\/\/sdstylegroziosalonas.lt\/index.php\/wp-json\/wp\/v2\/media?parent=773"}],"wp:term":[{"taxonomy":"product_brand","embeddable":true,"href":"https:\/\/sdstylegroziosalonas.lt\/index.php\/wp-json\/wp\/v2\/product_brand?post=773"},{"taxonomy":"product_cat","embeddable":true,"href":"https:\/\/sdstylegroziosalonas.lt\/index.php\/wp-json\/wp\/v2\/product_cat?post=773"},{"taxonomy":"product_tag","embeddable":true,"href":"https:\/\/sdstylegroziosalonas.lt\/index.php\/wp-json\/wp\/v2\/product_tag?post=773"}],"curies":[{"name":"wp","href":"https:\/\/api.w.org\/{rel}","templated":true}]}}