{"id":784,"date":"2020-12-17T14:09:01","date_gmt":"2020-12-17T14:09:01","guid":{"rendered":"https:\/\/sdstylegroziosalonas.lt\/?post_type=product&#038;p=784"},"modified":"2024-11-10T21:55:32","modified_gmt":"2024-11-10T21:55:32","slug":"revlon-uniqone-nenumplaunama-kauke-lotoso-ziedo-kvapas","status":"publish","type":"product","link":"https:\/\/sdstylegroziosalonas.lt\/index.php\/product\/revlon-uniqone-nenumplaunama-kauke-lotoso-ziedo-kvapas\/","title":{"rendered":"Revlon uniqONE nenumplaunama kauk\u0117 (lotoso \u017eiedo kvapas)"},"content":{"rendered":"<h4><strong>Pirmoji nenuplaunama kauk\u0117 rinkoje, kuri suteikia 10 reali\u0173 efekt\u0173 J\u016bs\u0173 plaukams. D\u0117ka idealios, daugiau nei 10-ties aktyvi\u0173 komponent\u0173 kombinacijos, toki\u0173 kaip \u0161ilko aminor\u016bg\u0161tys, naujausios kartos silikon\u0173 ir saul\u0117s filtr\u0173, kauk\u0117 suteikia 10 reali\u0173 efekt\u0173 J\u016bs\u0173 plaukams. Idealus sprendimas Jums- priemon\u0117 10 viename. Neapsunkina ir neriebina plauk\u0173.<\/strong><\/h4>\n<p>&nbsp;<\/p>\n<ul>\n<li>Atstato sausus ir pa\u017eeistus plaukus<\/li>\n<li>Suteikia nat\u016bralaus blizgesio ir neleid\u017eia plaukams p\u016bstis<\/li>\n<li>Integruota termoapsauga nuo d\u017eiovintuvo, garbanojimo ar tiesinimo \u017enypli\u0173.<\/li>\n<li>Suteikia \u0161velnumo ir glotnumo<\/li>\n<li>Apsaugo da\u017eyt\u0173 plauk\u0173 spalv\u0105, sud\u0117tyje turi UVA ir UVB filtrus (apsaugo ne tik nuo saul\u0117s, ta\u010diau ir nuo soliarumo skleid\u017eiam\u0173 UV)<\/li>\n<li>Plaukus tampa lengviau \u0161ukuoti ir tiesinti<\/li>\n<li>Neleid\u017eia plaukams veltis ir palengvina \u0161ukavim\u0105<\/li>\n<li>\u0160ukuosena i\u0161lieka ilgiau<\/li>\n<li>Neleid\u017eia \u0161akotis galiukams<\/li>\n<li>Suteikia apimties ir purumo plaukams.<\/li>\n<li>Net 4 skirting\u0173 aromat\u0173: klasikinis, \u017ealiosios arbatos, lotoso ir kokoso.<\/li>\n<\/ul>\n","protected":false},"excerpt":{"rendered":"<p>Pirmoji nenuplaunama kauk\u0117 rinkoje, kuri suteikia 10 reali\u0173 efekt\u0173 J\u016bs\u0173 plaukams. D\u0117ka idealios, daugiau nei 10-ties aktyvi\u0173 komponent\u0173 kombinacijos, toki\u0173 kaip \u0161ilko aminor\u016bg\u0161tys, naujausios kartos silikon\u0173 ir saul\u0117s filtr\u0173, kauk\u0117 suteikia 10 reali\u0173 efekt\u0173 J\u016bs\u0173 plaukams. Idealus sprendimas Jums- priemon\u0117 10 viename. Neapsunkina ir neriebina plauk\u0173. &nbsp; Atstato sausus ir pa\u017eeistus plaukus Suteikia nat\u016bralaus blizgesio [&hellip;]<\/p>\n","protected":false},"featured_media":785,"comment_status":"open","ping_status":"closed","template":"","meta":{"site-sidebar-layout":"default","site-content-layout":"","ast-site-content-layout":"","site-content-style":"default","site-sidebar-style":"default","ast-global-header-display":"","ast-banner-title-visibility":"","ast-main-header-display":"","ast-hfb-above-header-display":"","ast-hfb-below-header-display":"","ast-hfb-mobile-header-display":"","site-post-title":"","ast-breadcrumbs-content":"","ast-featured-img":"","footer-sml-layout":"","theme-transparent-header-meta":"","adv-header-id-meta":"","stick-header-meta":"","header-above-stick-meta":"","header-main-stick-meta":"","header-below-stick-meta":"","astra-migrate-meta-layouts":"default","ast-page-background-enabled":"default","ast-page-background-meta":{"desktop":{"background-color":"var(--ast-global-color-4)","background-image":"","background-repeat":"repeat","background-position":"center center","background-size":"auto","background-attachment":"scroll","background-type":"","background-media":"","overlay-type":"","overlay-color":"","overlay-gradient":""},"tablet":{"background-color":"","background-image":"","background-repeat":"repeat","background-position":"center center","background-size":"auto","background-attachment":"scroll","background-type":"","background-media":"","overlay-type":"","overlay-color":"","overlay-gradient":""},"mobile":{"background-color":"","background-image":"","background-repeat":"repeat","background-position":"center center","background-size":"auto","background-attachment":"scroll","background-type":"","background-media":"","overlay-type":"","overlay-color":"","overlay-gradient":""}},"ast-content-background-meta":{"desktop":{"background-color":"var(--ast-global-color-5)","background-image":"","background-repeat":"repeat","background-position":"center center","background-size":"auto","background-attachment":"scroll","background-type":"","background-media":"","overlay-type":"","overlay-color":"","overlay-gradient":""},"tablet":{"background-color":"var(--ast-global-color-5)","background-image":"","background-repeat":"repeat","background-position":"center center","background-size":"auto","background-attachment":"scroll","background-type":"","background-media":"","overlay-type":"","overlay-color":"","overlay-gradient":""},"mobile":{"background-color":"var(--ast-global-color-5)","background-image":"","background-repeat":"repeat","background-position":"center center","background-size":"auto","background-attachment":"scroll","background-type":"","background-media":"","overlay-type":"","overlay-color":"","overlay-gradient":""}}},"product_brand":[],"product_cat":[15],"product_tag":[],"class_list":{"0":"post-784","1":"product","2":"type-product","3":"status-publish","4":"has-post-thumbnail","6":"product_cat-be-kategorijos","7":"desktop-align-left","8":"tablet-align-left","9":"mobile-align-left","11":"first","12":"outofstock","13":"sold-individually","14":"shipping-taxable","15":"purchasable","16":"product-type-simple"},"_links":{"self":[{"href":"https:\/\/sdstylegroziosalonas.lt\/index.php\/wp-json\/wp\/v2\/product\/784","targetHints":{"allow":["GET"]}}],"collection":[{"href":"https:\/\/sdstylegroziosalonas.lt\/index.php\/wp-json\/wp\/v2\/product"}],"about":[{"href":"https:\/\/sdstylegroziosalonas.lt\/index.php\/wp-json\/wp\/v2\/types\/product"}],"replies":[{"embeddable":true,"href":"https:\/\/sdstylegroziosalonas.lt\/index.php\/wp-json\/wp\/v2\/comments?post=784"}],"wp:featuredmedia":[{"embeddable":true,"href":"https:\/\/sdstylegroziosalonas.lt\/index.php\/wp-json\/wp\/v2\/media\/785"}],"wp:attachment":[{"href":"https:\/\/sdstylegroziosalonas.lt\/index.php\/wp-json\/wp\/v2\/media?parent=784"}],"wp:term":[{"taxonomy":"product_brand","embeddable":true,"href":"https:\/\/sdstylegroziosalonas.lt\/index.php\/wp-json\/wp\/v2\/product_brand?post=784"},{"taxonomy":"product_cat","embeddable":true,"href":"https:\/\/sdstylegroziosalonas.lt\/index.php\/wp-json\/wp\/v2\/product_cat?post=784"},{"taxonomy":"product_tag","embeddable":true,"href":"https:\/\/sdstylegroziosalonas.lt\/index.php\/wp-json\/wp\/v2\/product_tag?post=784"}],"curies":[{"name":"wp","href":"https:\/\/api.w.org\/{rel}","templated":true}]}}