{"id":959,"date":"2021-01-21T12:55:34","date_gmt":"2021-01-21T12:55:34","guid":{"rendered":"https:\/\/sdstylegroziosalonas.lt\/?post_type=product&#038;p=959"},"modified":"2026-03-26T20:40:23","modified_gmt":"2026-03-26T20:40:23","slug":"ultra-itin-aktyvaus-ir-intensyvaus-atstatymo-kauke-plaukams-500-ml","status":"publish","type":"product","link":"https:\/\/sdstylegroziosalonas.lt\/index.php\/product\/ultra-itin-aktyvaus-ir-intensyvaus-atstatymo-kauke-plaukams-500-ml\/","title":{"rendered":"ULTRA &#8211; Itin aktyvaus ir intensyvaus atstatymo kauk\u0117 plaukams, 500 ml"},"content":{"rendered":"<p class=\"gmail_default\">Nauja turtingos sud\u0117ties ir maksimaliai dr\u0117kinanti formul\u0117 skirta ypa\u010d sausiems, pa\u017eeistiems, i\u0161vargintiems nuolatini\u0173 da\u017eym\u0173, \u0161viesinim\u0173, chemini\u0173\u00a0 proced\u016br\u0173 plaukams.<\/p>\n<p class=\"gmail_default\">D\u0117ka unikali\u0173 ingredient\u0173 kombinacijos priemon\u0117 i\u0161 esm\u0117s atstato pa\u017eeistus plaukus, pasi\u017eymi ilgalaikiu efektu.<\/p>\n<p class=\"gmail_default\">Neapsunkina, d\u0117l to tinka net ploniausiems plaukams.<\/p>\n<p class=\"gmail_default\">\n<p class=\"gmail_default\"><strong>SUD\u0116TYJE<\/strong>:<\/p>\n<p class=\"gmail_default\">&#8211; MAFURA SVIESTAS &#8211; unikalus, vertingas ir itin retas kosmetikos komponentas, dr\u0117kinantis ir maitinantis, nepalikdamas riebumo poj\u016b\u010dio, pasi\u017eymintis antimikrobin\u0117mis savyb\u0117mis, toleruojamas net itin jautrios odos.<\/p>\n<p class=\"gmail_default\">&#8211; TAUKMED\u017dIO SVIESTAS &#8211; turtingas vitamin\u0173 A, D ir E, pasi\u017eymi neabejotinu atstatomuoju, dr\u0117kinamuoju, maitinamuoju efektu, vertinamas ir kaip UV spinduli\u0173 apsauga.<\/p>\n<p class=\"gmail_default\">\n<p class=\"gmail_default\">BE PARABEN\u0172<\/p>\n<p class=\"gmail_default\">BE MINERALINI\u0172 ALIEJ\u0172<\/p>\n<p class=\"gmail_default\">BE GLIUTENO<\/p>\n<p class=\"gmail_default\">____<\/p>\n<p class=\"gmail_default\"><strong>NAUDOJIMAS<\/strong>:<\/p>\n<p class=\"gmail_default\">I\u0161trink\u0119 galv\u0105 jums tinkan\u010diu \u0161amp\u016bnu ir nusausin\u0119 plaukus rank\u0161luos\u010diu, nedidel\u012f kiek\u012f kauk\u0117s tolygiai paskirstykite ant plauk\u0173 &#8211; nuo \u0161akn\u0173 iki galiuk\u0173, palaikykite 5-10 min. ir nuplaukite.<\/p>\n<p class=\"gmail_default\">Jau po pirmojo panaudojimo d\u017eiaukit\u0117s ne\u012ftik\u0117tinai atsigavusiais, blizgiais ir mink\u0161tais plaukais!<\/p>\n","protected":false},"excerpt":{"rendered":"<p>Nauja turtingos sud\u0117ties ir maksimaliai dr\u0117kinanti formul\u0117 skirta ypa\u010d sausiems, pa\u017eeistiems, i\u0161vargintiems nuolatini\u0173 da\u017eym\u0173, \u0161viesinim\u0173, chemini\u0173\u00a0 proced\u016br\u0173 plaukams. D\u0117ka unikali\u0173 ingredient\u0173 kombinacijos priemon\u0117 i\u0161 esm\u0117s atstato pa\u017eeistus plaukus, pasi\u017eymi ilgalaikiu efektu. Neapsunkina, d\u0117l to tinka net ploniausiems plaukams. SUD\u0116TYJE: &#8211; MAFURA SVIESTAS &#8211; unikalus, vertingas ir itin retas kosmetikos komponentas, dr\u0117kinantis ir maitinantis, nepalikdamas riebumo [&hellip;]<\/p>\n","protected":false},"featured_media":960,"comment_status":"open","ping_status":"closed","template":"","meta":{"site-sidebar-layout":"default","site-content-layout":"","ast-site-content-layout":"","site-content-style":"default","site-sidebar-style":"default","ast-global-header-display":"","ast-banner-title-visibility":"","ast-main-header-display":"","ast-hfb-above-header-display":"","ast-hfb-below-header-display":"","ast-hfb-mobile-header-display":"","site-post-title":"","ast-breadcrumbs-content":"","ast-featured-img":"","footer-sml-layout":"","theme-transparent-header-meta":"","adv-header-id-meta":"","stick-header-meta":"","header-above-stick-meta":"","header-main-stick-meta":"","header-below-stick-meta":"","astra-migrate-meta-layouts":"default","ast-page-background-enabled":"default","ast-page-background-meta":{"desktop":{"background-color":"var(--ast-global-color-4)","background-image":"","background-repeat":"repeat","background-position":"center center","background-size":"auto","background-attachment":"scroll","background-type":"","background-media":"","overlay-type":"","overlay-color":"","overlay-gradient":""},"tablet":{"background-color":"","background-image":"","background-repeat":"repeat","background-position":"center center","background-size":"auto","background-attachment":"scroll","background-type":"","background-media":"","overlay-type":"","overlay-color":"","overlay-gradient":""},"mobile":{"background-color":"","background-image":"","background-repeat":"repeat","background-position":"center center","background-size":"auto","background-attachment":"scroll","background-type":"","background-media":"","overlay-type":"","overlay-color":"","overlay-gradient":""}},"ast-content-background-meta":{"desktop":{"background-color":"var(--ast-global-color-5)","background-image":"","background-repeat":"repeat","background-position":"center center","background-size":"auto","background-attachment":"scroll","background-type":"","background-media":"","overlay-type":"","overlay-color":"","overlay-gradient":""},"tablet":{"background-color":"var(--ast-global-color-5)","background-image":"","background-repeat":"repeat","background-position":"center center","background-size":"auto","background-attachment":"scroll","background-type":"","background-media":"","overlay-type":"","overlay-color":"","overlay-gradient":""},"mobile":{"background-color":"var(--ast-global-color-5)","background-image":"","background-repeat":"repeat","background-position":"center center","background-size":"auto","background-attachment":"scroll","background-type":"","background-media":"","overlay-type":"","overlay-color":"","overlay-gradient":""}}},"product_brand":[],"product_cat":[36,42],"product_tag":[],"class_list":{"0":"post-959","1":"product","2":"type-product","3":"status-publish","4":"has-post-thumbnail","6":"product_cat-gydomosios-priemones","7":"product_cat-kaukes","8":"desktop-align-left","9":"tablet-align-left","10":"mobile-align-left","12":"first","13":"outofstock","14":"shipping-taxable","15":"purchasable","16":"product-type-simple"},"_links":{"self":[{"href":"https:\/\/sdstylegroziosalonas.lt\/index.php\/wp-json\/wp\/v2\/product\/959","targetHints":{"allow":["GET"]}}],"collection":[{"href":"https:\/\/sdstylegroziosalonas.lt\/index.php\/wp-json\/wp\/v2\/product"}],"about":[{"href":"https:\/\/sdstylegroziosalonas.lt\/index.php\/wp-json\/wp\/v2\/types\/product"}],"replies":[{"embeddable":true,"href":"https:\/\/sdstylegroziosalonas.lt\/index.php\/wp-json\/wp\/v2\/comments?post=959"}],"wp:featuredmedia":[{"embeddable":true,"href":"https:\/\/sdstylegroziosalonas.lt\/index.php\/wp-json\/wp\/v2\/media\/960"}],"wp:attachment":[{"href":"https:\/\/sdstylegroziosalonas.lt\/index.php\/wp-json\/wp\/v2\/media?parent=959"}],"wp:term":[{"taxonomy":"product_brand","embeddable":true,"href":"https:\/\/sdstylegroziosalonas.lt\/index.php\/wp-json\/wp\/v2\/product_brand?post=959"},{"taxonomy":"product_cat","embeddable":true,"href":"https:\/\/sdstylegroziosalonas.lt\/index.php\/wp-json\/wp\/v2\/product_cat?post=959"},{"taxonomy":"product_tag","embeddable":true,"href":"https:\/\/sdstylegroziosalonas.lt\/index.php\/wp-json\/wp\/v2\/product_tag?post=959"}],"curies":[{"name":"wp","href":"https:\/\/api.w.org\/{rel}","templated":true}]}}