{"id":961,"date":"2021-01-21T13:00:29","date_gmt":"2021-01-21T13:00:29","guid":{"rendered":"https:\/\/sdstylegroziosalonas.lt\/?post_type=product&#038;p=961"},"modified":"2025-11-19T20:44:37","modified_gmt":"2025-11-19T20:44:37","slug":"maraes-doppio-elixir-atkuriamasis-eliksyras-ampulese-su-keratinu-ir-manoi-de-tahiti-aliejumi-2-x-15-ml","status":"publish","type":"product","link":"https:\/\/sdstylegroziosalonas.lt\/index.php\/product\/maraes-doppio-elixir-atkuriamasis-eliksyras-ampulese-su-keratinu-ir-manoi-de-tahiti-aliejumi-2-x-15-ml\/","title":{"rendered":"MARAES RENEW CARE DOPPIO ELIXIR \u2013 DVIEJ\u0172 FAZI\u0172 ELIKSYRAS pa\u017eeist\u0173, silpn\u0173 ir blanki\u0173 plauk\u0173 prie\u017ei\u016brai (100% VEGAN), 2 x 10 ml"},"content":{"rendered":"<h4 class=\"section-title\">Apra\u0161ymas<\/h4>\n<div class=\"section-content\">\n<div class=\"product-description\">\n<div class=\"rte-content\">\n<p><strong>MARAES RENEW CARE DO<\/strong><strong>PPIO ELIXIR \u2013 DVIEJ\u0172 FAZI\u0172 (SUMAI\u0160OMAS) ELIKSYRAS<\/strong><\/p>\n<p>Unikalios tekst\u016bros koncentratas su stipriais antioksidantais pa\u017eeist\u0173, silpn\u0173 ir blanki\u0173 plauk\u0173 prie\u017ei\u016brai:<\/p>\n<p>\u2022 suteikia ne\u012ftik\u0117tinai efektyv\u0173 plauko maitinim\u0105 ir stiprinim\u0105, gilumin\u012f atstatym\u0105,<\/p>\n<p>\u2022 suteikia lankstumo, kas apsaugo plauk\u0105 nuo l\u016b\u017ein\u0117jimo;<\/p>\n<p>\u2022 neapsunkina silpno plauko.<\/p>\n<p>Produkt\u0105 sudaro 2 skirtingo turinio ampul\u0117s \u2013\u00a0<strong>Monoi de Tahiti aliejus<\/strong>\u00a0ir\u00a0<strong>daugialypis dumbli\u0173 kompleksas<\/strong>, kurie sumai\u0161ant susijungia \u012f galingos sinergijos preparat\u0105, ne\u0161ant\u012f savyje itin stipr\u0173 plauko atstatymo efekt\u0105.<\/p>\n<p><strong>100% VEGAN\u00a0\u00a0<img decoding=\"async\" src=\"https:\/\/karal.lt\/img\/cms\/Logo-Vegan-Maraes.png\" alt=\"\" width=\"120\" height=\"121\" \/><\/strong><\/p>\n<p><strong>SUD\u0116TYJE N\u0116RA: PARABEN\u0172, DRUSK\u0172, SLS\/SLES, SILIKON\u0172, MINERALINI\u0172 ALIEJ\u0172, DEA\u00a0<\/strong><\/p>\n<p>pH 5.00-6.00<\/p>\n<p><strong>SUD\u0116TIS<\/strong>:<\/p>\n<p>Monoi Elixir:\u00a0 Alcohol Denat., Propylene Glycol, Aqua (Water), Myristyl Alcohol, Behentrimonium Chloride, Peg\/Ppg-18\/18 Dimethicone, Peg-40 Hydrogenated Castor Oil, Cocos Nucifera Oil (Cocos Nucifera (Coconut) Oil), Gardenia Taitensis Flower Extract, Tocopherol, Helianthus Annuus Seed Oil (Helianthus Annuus (Sunflower) Seed Oil), Parfum (Fragrance)*, Isopropyl Alcohol, Lactic Acid\u00a0 *Hexyl Cinnamal, Linalool, Alpha-Isomethyl Ionone, Limonene<\/p>\n<p>&nbsp;<\/p>\n<p>Alga Elixir:\u00a0 Aqua (Water), Peg-40 Hydrogenated Castor Oil, Chondrus Crispus Extract, Hydrolyzed Rhodophyceae Extract, Hypnea Musciformis Extract, Pelvetia Canaliculata Extract, Laminaria Digitata Extract, Alaria Esculenta Extract, Panthenol, Propylene Glycol, Parfum (Fragrance)*, Ci 42090 (Acid Blue 9), Ci 19140 (Acid Yellow 23), Ethylhexylglycerin, Butylene Glycol, Citric Acid, Tetrasodium Edta, Phenoxyethanol\u00a0 \u00a0*Hexyl Cinnamal, Linalool, Alpha-Isomethyl Ionone<\/p>\n<p><strong>Naudojimas<\/strong>: I\u0161trinkite plaukus \u0161amp\u016bnu, nusausinkite juos rank\u0161luos\u010diu. Indelyje sumai\u0161ykite abi skirtingas ampules \u2013 \u017eydr\u0105 ir balt\u0105 &#8211; santykiu 1:1, kol gausis tir\u0161ta \u0161ilta mas\u0117, sinergi\u0161kai pasiruo\u0161usi efektyviam veikimui. Tolygiai u\u017etepkite mas\u0119 per visa plauk\u0173 ilg\u012f, &#8211; tam galite naudoti \u0161epet\u0117l\u012f ar retas \u0161ukas ar pan. Palaikykite 5-20 min. (rekomenduojama pridengti plaukus polietilenine kepur\u0117le ar pan., kad priemon\u0117 ant plauk\u0173 nei\u0161d\u017ei\u016bt\u0173), tuomet nuplaukite tik vandeniu.<\/p>\n<p>Naudokite pagal poreik\u012f. Produktas pasi\u017eymi kaupiamuoju efektu.<\/p>\n<p>Efektyvesniems prie\u017ei\u016bros rezultatams pasiekti rekomenduojama naudoti visus \u0161ios linijos produktus kompleksi\u0161kai, i\u0161laikant t\u0119stinum\u0105.<\/p>\n<\/div>\n<\/div>\n<\/div>\n","protected":false},"excerpt":{"rendered":"<p>Apra\u0161ymas MARAES RENEW CARE DOPPIO ELIXIR \u2013 DVIEJ\u0172 FAZI\u0172 (SUMAI\u0160OMAS) ELIKSYRAS Unikalios tekst\u016bros koncentratas su stipriais antioksidantais pa\u017eeist\u0173, silpn\u0173 ir blanki\u0173 plauk\u0173 prie\u017ei\u016brai: \u2022 suteikia ne\u012ftik\u0117tinai efektyv\u0173 plauko maitinim\u0105 ir stiprinim\u0105, gilumin\u012f atstatym\u0105, \u2022 suteikia lankstumo, kas apsaugo plauk\u0105 nuo l\u016b\u017ein\u0117jimo; \u2022 neapsunkina silpno plauko. Produkt\u0105 sudaro 2 skirtingo turinio ampul\u0117s \u2013\u00a0Monoi de Tahiti aliejus\u00a0ir\u00a0daugialypis [&hellip;]<\/p>\n","protected":false},"featured_media":1472,"comment_status":"open","ping_status":"closed","template":"","meta":{"site-sidebar-layout":"default","site-content-layout":"default","ast-site-content-layout":"","site-content-style":"default","site-sidebar-style":"default","ast-global-header-display":"","ast-banner-title-visibility":"","ast-main-header-display":"","ast-hfb-above-header-display":"","ast-hfb-below-header-display":"","ast-hfb-mobile-header-display":"","site-post-title":"","ast-breadcrumbs-content":"","ast-featured-img":"","footer-sml-layout":"","theme-transparent-header-meta":"default","adv-header-id-meta":"","stick-header-meta":"","header-above-stick-meta":"","header-main-stick-meta":"","header-below-stick-meta":"","astra-migrate-meta-layouts":"default","ast-page-background-enabled":"default","ast-page-background-meta":{"desktop":{"background-color":"var(--ast-global-color-4)","background-image":"","background-repeat":"repeat","background-position":"center center","background-size":"auto","background-attachment":"scroll","background-type":"","background-media":"","overlay-type":"","overlay-color":"","overlay-gradient":""},"tablet":{"background-color":"","background-image":"","background-repeat":"repeat","background-position":"center center","background-size":"auto","background-attachment":"scroll","background-type":"","background-media":"","overlay-type":"","overlay-color":"","overlay-gradient":""},"mobile":{"background-color":"","background-image":"","background-repeat":"repeat","background-position":"center center","background-size":"auto","background-attachment":"scroll","background-type":"","background-media":"","overlay-type":"","overlay-color":"","overlay-gradient":""}},"ast-content-background-meta":{"desktop":{"background-color":"var(--ast-global-color-5)","background-image":"","background-repeat":"repeat","background-position":"center center","background-size":"auto","background-attachment":"scroll","background-type":"","background-media":"","overlay-type":"","overlay-color":"","overlay-gradient":""},"tablet":{"background-color":"var(--ast-global-color-5)","background-image":"","background-repeat":"repeat","background-position":"center center","background-size":"auto","background-attachment":"scroll","background-type":"","background-media":"","overlay-type":"","overlay-color":"","overlay-gradient":""},"mobile":{"background-color":"var(--ast-global-color-5)","background-image":"","background-repeat":"repeat","background-position":"center center","background-size":"auto","background-attachment":"scroll","background-type":"","background-media":"","overlay-type":"","overlay-color":"","overlay-gradient":""}}},"product_brand":[],"product_cat":[36],"product_tag":[],"class_list":{"0":"post-961","1":"product","2":"type-product","3":"status-publish","4":"has-post-thumbnail","6":"product_cat-gydomosios-priemones","7":"desktop-align-left","8":"tablet-align-left","9":"mobile-align-left","11":"first","12":"outofstock","13":"shipping-taxable","14":"purchasable","15":"product-type-simple"},"_links":{"self":[{"href":"https:\/\/sdstylegroziosalonas.lt\/index.php\/wp-json\/wp\/v2\/product\/961","targetHints":{"allow":["GET"]}}],"collection":[{"href":"https:\/\/sdstylegroziosalonas.lt\/index.php\/wp-json\/wp\/v2\/product"}],"about":[{"href":"https:\/\/sdstylegroziosalonas.lt\/index.php\/wp-json\/wp\/v2\/types\/product"}],"replies":[{"embeddable":true,"href":"https:\/\/sdstylegroziosalonas.lt\/index.php\/wp-json\/wp\/v2\/comments?post=961"}],"wp:featuredmedia":[{"embeddable":true,"href":"https:\/\/sdstylegroziosalonas.lt\/index.php\/wp-json\/wp\/v2\/media\/1472"}],"wp:attachment":[{"href":"https:\/\/sdstylegroziosalonas.lt\/index.php\/wp-json\/wp\/v2\/media?parent=961"}],"wp:term":[{"taxonomy":"product_brand","embeddable":true,"href":"https:\/\/sdstylegroziosalonas.lt\/index.php\/wp-json\/wp\/v2\/product_brand?post=961"},{"taxonomy":"product_cat","embeddable":true,"href":"https:\/\/sdstylegroziosalonas.lt\/index.php\/wp-json\/wp\/v2\/product_cat?post=961"},{"taxonomy":"product_tag","embeddable":true,"href":"https:\/\/sdstylegroziosalonas.lt\/index.php\/wp-json\/wp\/v2\/product_tag?post=961"}],"curies":[{"name":"wp","href":"https:\/\/api.w.org\/{rel}","templated":true}]}}