{"id":963,"date":"2021-01-21T13:02:38","date_gmt":"2021-01-21T13:02:38","guid":{"rendered":"https:\/\/sdstylegroziosalonas.lt\/?post_type=product&#038;p=963"},"modified":"2026-04-14T09:38:16","modified_gmt":"2026-04-14T09:38:16","slug":"maraes-curl-revitalizing-treatment-kauke-siurkstiems-storiems-plaukams-su-moringos-ir-kt-aliejais-200-ml","status":"publish","type":"product","link":"https:\/\/sdstylegroziosalonas.lt\/index.php\/product\/maraes-curl-revitalizing-treatment-kauke-siurkstiems-storiems-plaukams-su-moringos-ir-kt-aliejais-200-ml\/","title":{"rendered":"MARAES CURL REVITALIZING TREATMENT- kauk\u0117 \u0161iurk\u0161tiems storiems plaukams, su Moringos ir kt. aliejais, 200 ml"},"content":{"rendered":"<div class=\"tabs product-tabs product-sections\">\n<section class=\"product-description-section block-section\">\n<div class=\"section-content\">\n<div class=\"product-description \">\n<div class=\"rte-content\">\n<p>Profesionali atstatomoji ir dr\u0117kinamoji kauk\u0117 \u0161iurk\u0161tiems, kietiems, storiems (da\u017eniausiai garbanotiems bei linkusiems veltis ir p\u016bstis)\u00a0plaukams su sertifikuotu nat\u016braliu ir ekologi\u0161ku\u00a0<strong>Monoi de Tahiti<\/strong>\u00a0ir delika\u010dia ir veiksminga\u00a0<strong>pieno r\u016bg\u0161timi<\/strong>.<\/p>\n<p>\u0160velniai valo, dr\u0117kina ir stiprina, o aliejai nuostabiai maitina ir mink\u0161tina plaukus. Tobulai u\u017edarydama plauko kutikules, suteikia jam ne\u012ftik\u0117tino blizgesio, lankstumo, i\u0161ry\u0161kina garban\u0173 fakt\u016br\u0105 ir tekst\u016br\u0105, saugo j\u0173 spalv\u0105, r\u016bpinasi skilin\u0117ti linkusiais plauk\u0173 galiukais.<\/p>\n<p>Marulos (afrikieti\u0161kosios kietr\u0117s) kauliuk\u0173 aliejus saugo nuo agresyvaus ir naikinan\u010dio apkinkos poveikio bei atlieka galing\u0105 sen\u0117jimo prevencij\u0105.<\/p>\n<p>Tinka kasdieniam, bet prabangiam plauk\u0173 puosel\u0117jimui.<\/p>\n<p>Puikiai tinka naudoti ir po keratininio plauk\u0173 atstatymo proced\u016bros.<\/p>\n<p>Be paraben\u0173, be minaralini\u0173 aliej\u0173 (pvz., parafino), be gliuten\u0173.<\/p>\n<p>Unikali moderni formul\u0117, papildyta seniausi\u0173 gamtos dovan\u0173&#8230; Eleganti\u0161ka pakuot\u0117.<\/p>\n<p>&nbsp;<\/p>\n<p>NAUDOJIMAS:\u00a0tolygiai paskirstykite priemon\u0119 ant \u0161vari\u0173 i\u0161trinkt\u0173 ir rank\u0161luos\u010diu nusausint\u0173 plauk\u0173 (trinkimui naudokite \u0161ios linijos \u0161amp\u016bn\u0105 MARAES CURL REVITALIZING SHAMPOO), leiskite veikti 2-5 min., tuomet kruop\u0161\u010diai nuplaukite. Toliau d\u017eiovinkite ir modeliuokite kaip norite.<\/p>\n<p>Po to rekomenduojama naudoti tos pa\u010dios linijos MARAES OLIUM &#8211; ypatingos sud\u0117ties plauk\u0173 aliej\u0173.<\/p>\n<p>&nbsp;<\/p>\n<p><em>T\u016bris &#8211; 300 ml<\/em><\/p>\n<\/div>\n<\/div>\n<\/div>\n<\/section>\n<\/div>\n","protected":false},"excerpt":{"rendered":"<p>Profesionali atstatomoji ir dr\u0117kinamoji kauk\u0117 \u0161iurk\u0161tiems, kietiems, storiems (da\u017eniausiai garbanotiems bei linkusiems veltis ir p\u016bstis)\u00a0plaukams su sertifikuotu nat\u016braliu ir ekologi\u0161ku\u00a0Monoi de Tahiti\u00a0ir delika\u010dia ir veiksminga\u00a0pieno r\u016bg\u0161timi. \u0160velniai valo, dr\u0117kina ir stiprina, o aliejai nuostabiai maitina ir mink\u0161tina plaukus. Tobulai u\u017edarydama plauko kutikules, suteikia jam ne\u012ftik\u0117tino blizgesio, lankstumo, i\u0161ry\u0161kina garban\u0173 fakt\u016br\u0105 ir tekst\u016br\u0105, saugo j\u0173 spalv\u0105, [&hellip;]<\/p>\n","protected":false},"featured_media":964,"comment_status":"open","ping_status":"closed","template":"","meta":{"site-sidebar-layout":"default","site-content-layout":"","ast-site-content-layout":"","site-content-style":"default","site-sidebar-style":"default","ast-global-header-display":"","ast-banner-title-visibility":"","ast-main-header-display":"","ast-hfb-above-header-display":"","ast-hfb-below-header-display":"","ast-hfb-mobile-header-display":"","site-post-title":"","ast-breadcrumbs-content":"","ast-featured-img":"","footer-sml-layout":"","theme-transparent-header-meta":"","adv-header-id-meta":"","stick-header-meta":"","header-above-stick-meta":"","header-main-stick-meta":"","header-below-stick-meta":"","astra-migrate-meta-layouts":"default","ast-page-background-enabled":"default","ast-page-background-meta":{"desktop":{"background-color":"var(--ast-global-color-4)","background-image":"","background-repeat":"repeat","background-position":"center center","background-size":"auto","background-attachment":"scroll","background-type":"","background-media":"","overlay-type":"","overlay-color":"","overlay-gradient":""},"tablet":{"background-color":"","background-image":"","background-repeat":"repeat","background-position":"center center","background-size":"auto","background-attachment":"scroll","background-type":"","background-media":"","overlay-type":"","overlay-color":"","overlay-gradient":""},"mobile":{"background-color":"","background-image":"","background-repeat":"repeat","background-position":"center center","background-size":"auto","background-attachment":"scroll","background-type":"","background-media":"","overlay-type":"","overlay-color":"","overlay-gradient":""}},"ast-content-background-meta":{"desktop":{"background-color":"var(--ast-global-color-5)","background-image":"","background-repeat":"repeat","background-position":"center center","background-size":"auto","background-attachment":"scroll","background-type":"","background-media":"","overlay-type":"","overlay-color":"","overlay-gradient":""},"tablet":{"background-color":"var(--ast-global-color-5)","background-image":"","background-repeat":"repeat","background-position":"center center","background-size":"auto","background-attachment":"scroll","background-type":"","background-media":"","overlay-type":"","overlay-color":"","overlay-gradient":""},"mobile":{"background-color":"var(--ast-global-color-5)","background-image":"","background-repeat":"repeat","background-position":"center center","background-size":"auto","background-attachment":"scroll","background-type":"","background-media":"","overlay-type":"","overlay-color":"","overlay-gradient":""}}},"product_brand":[],"product_cat":[15],"product_tag":[],"class_list":{"0":"post-963","1":"product","2":"type-product","3":"status-publish","4":"has-post-thumbnail","6":"product_cat-be-kategorijos","7":"desktop-align-left","8":"tablet-align-left","9":"mobile-align-left","11":"first","12":"outofstock","13":"shipping-taxable","14":"purchasable","15":"product-type-simple"},"_links":{"self":[{"href":"https:\/\/sdstylegroziosalonas.lt\/index.php\/wp-json\/wp\/v2\/product\/963","targetHints":{"allow":["GET"]}}],"collection":[{"href":"https:\/\/sdstylegroziosalonas.lt\/index.php\/wp-json\/wp\/v2\/product"}],"about":[{"href":"https:\/\/sdstylegroziosalonas.lt\/index.php\/wp-json\/wp\/v2\/types\/product"}],"replies":[{"embeddable":true,"href":"https:\/\/sdstylegroziosalonas.lt\/index.php\/wp-json\/wp\/v2\/comments?post=963"}],"wp:featuredmedia":[{"embeddable":true,"href":"https:\/\/sdstylegroziosalonas.lt\/index.php\/wp-json\/wp\/v2\/media\/964"}],"wp:attachment":[{"href":"https:\/\/sdstylegroziosalonas.lt\/index.php\/wp-json\/wp\/v2\/media?parent=963"}],"wp:term":[{"taxonomy":"product_brand","embeddable":true,"href":"https:\/\/sdstylegroziosalonas.lt\/index.php\/wp-json\/wp\/v2\/product_brand?post=963"},{"taxonomy":"product_cat","embeddable":true,"href":"https:\/\/sdstylegroziosalonas.lt\/index.php\/wp-json\/wp\/v2\/product_cat?post=963"},{"taxonomy":"product_tag","embeddable":true,"href":"https:\/\/sdstylegroziosalonas.lt\/index.php\/wp-json\/wp\/v2\/product_tag?post=963"}],"curies":[{"name":"wp","href":"https:\/\/api.w.org\/{rel}","templated":true}]}}