{"id":965,"date":"2021-01-21T13:04:08","date_gmt":"2021-01-21T13:04:08","guid":{"rendered":"https:\/\/sdstylegroziosalonas.lt\/?post_type=product&#038;p=965"},"modified":"2025-11-19T20:44:27","modified_gmt":"2025-11-19T20:44:27","slug":"maraes-curl-revitalizing-shampoo-siurksciu-storu-plauku-sampunas-su-moringos-ir-kt-aliejais-300-ml","status":"publish","type":"product","link":"https:\/\/sdstylegroziosalonas.lt\/index.php\/product\/maraes-curl-revitalizing-shampoo-siurksciu-storu-plauku-sampunas-su-moringos-ir-kt-aliejais-300-ml\/","title":{"rendered":"MARAES CURL REVITALIZING SHAMPOO &#8211; \u0160iurk\u0161\u010di\u0173 stor\u0173 plauk\u0173 \u0161amp\u016bnas su Moringos ir kt. aliejais, 300 ml"},"content":{"rendered":"<p>Profesionalus atstatomasis \u0161amp\u016bnas \u0161iurk\u0161tiems, storiems, kietiems plaukams (da\u017eniausiai garbanotiems bei linkusiems veltis ir p\u016bstis) su sertifikuotu nat\u016braliu ir ekologi\u0161ku Monoi de Tahiti ir itin vertingu Moringos aliejais bei delika\u010dia ir veiksminga pieno r\u016bg\u0161timi.<\/p>\n<p>\u0160velniai valo, dr\u0117kina ir stiprina, o aliejai nuostabiai maitina ir mink\u0161tina plaukus. Tobulai u\u017edarydamas plauko kutikules, suteikia jam ne\u012ftik\u0117tino blizgesio, lankstumo, elastingumo, i\u0161ry\u0161kina garban\u0173 fakt\u016br\u0105 ir tekst\u016br\u0105, saugo j\u0173 spalv\u0105, r\u016bpinasi skilin\u0117ti linkusiais plauk\u0173 galiukais. Marulos (afrikieti\u0161kosios kietr\u0117s) kauliuk\u0173 aliejus saugo nuo agresyvaus ir naikinan\u010dio apkinkos poveikio bei atlieka sen\u0117jimo prevencij\u0105.<\/p>\n<p>Tinka kasdieniam, bet prabangiam plauk\u0173 trinkimui ir puosel\u0117jimui. Puikiai tinka naudoti ir po keratininio plauk\u0173 atstatymo proced\u016bros.<\/p>\n<p>Be paraben\u0173, be sulfat\u0173, be minaralini\u0173 aliej\u0173 (pvz., parafino), be gliuten\u0173.<\/p>\n<p>Unikali moderni formul\u0117, papildyta seniausi\u0173 gamtos dovan\u0173&#8230; Eleganti\u0161ka pakuot\u0117.<\/p>\n<p>&nbsp;<\/p>\n<p>NAUDOJIMAS: dr\u0117gnus plaukus \u0161velniai masa\u017euojamaisiais judesiais i\u0161trinkti \u0161amp\u016bnu, kruop\u0161\u010diai i\u0161skalauti, o jei reikia &#8211; plovim\u0105 dar kart\u0105 pakartoti.<\/p>\n<p>Po to rekomenduojama naudoti tos pa\u010dios linijos MARAES CURL REVITALIZING TREATMENT\u00a0&#8211; kauk\u0119 bei MARAES OLIUM &#8211; ypatingos sud\u0117ties plauk\u0173 aliej\u0173.<\/p>\n<p>&nbsp;<\/p>\n<p><em>T\u016bris &#8211; 300 ml<\/em><\/p>\n","protected":false},"excerpt":{"rendered":"<p>Profesionalus atstatomasis \u0161amp\u016bnas \u0161iurk\u0161tiems, storiems, kietiems plaukams (da\u017eniausiai garbanotiems bei linkusiems veltis ir p\u016bstis) su sertifikuotu nat\u016braliu ir ekologi\u0161ku Monoi de Tahiti ir itin vertingu Moringos aliejais bei delika\u010dia ir veiksminga pieno r\u016bg\u0161timi. \u0160velniai valo, dr\u0117kina ir stiprina, o aliejai nuostabiai maitina ir mink\u0161tina plaukus. Tobulai u\u017edarydamas plauko kutikules, suteikia jam ne\u012ftik\u0117tino blizgesio, lankstumo, elastingumo, [&hellip;]<\/p>\n","protected":false},"featured_media":966,"comment_status":"open","ping_status":"closed","template":"","meta":{"site-sidebar-layout":"default","site-content-layout":"","ast-site-content-layout":"","site-content-style":"default","site-sidebar-style":"default","ast-global-header-display":"","ast-banner-title-visibility":"","ast-main-header-display":"","ast-hfb-above-header-display":"","ast-hfb-below-header-display":"","ast-hfb-mobile-header-display":"","site-post-title":"","ast-breadcrumbs-content":"","ast-featured-img":"","footer-sml-layout":"","theme-transparent-header-meta":"","adv-header-id-meta":"","stick-header-meta":"","header-above-stick-meta":"","header-main-stick-meta":"","header-below-stick-meta":"","astra-migrate-meta-layouts":"default","ast-page-background-enabled":"default","ast-page-background-meta":{"desktop":{"background-color":"var(--ast-global-color-4)","background-image":"","background-repeat":"repeat","background-position":"center center","background-size":"auto","background-attachment":"scroll","background-type":"","background-media":"","overlay-type":"","overlay-color":"","overlay-gradient":""},"tablet":{"background-color":"","background-image":"","background-repeat":"repeat","background-position":"center center","background-size":"auto","background-attachment":"scroll","background-type":"","background-media":"","overlay-type":"","overlay-color":"","overlay-gradient":""},"mobile":{"background-color":"","background-image":"","background-repeat":"repeat","background-position":"center center","background-size":"auto","background-attachment":"scroll","background-type":"","background-media":"","overlay-type":"","overlay-color":"","overlay-gradient":""}},"ast-content-background-meta":{"desktop":{"background-color":"var(--ast-global-color-5)","background-image":"","background-repeat":"repeat","background-position":"center center","background-size":"auto","background-attachment":"scroll","background-type":"","background-media":"","overlay-type":"","overlay-color":"","overlay-gradient":""},"tablet":{"background-color":"var(--ast-global-color-5)","background-image":"","background-repeat":"repeat","background-position":"center center","background-size":"auto","background-attachment":"scroll","background-type":"","background-media":"","overlay-type":"","overlay-color":"","overlay-gradient":""},"mobile":{"background-color":"var(--ast-global-color-5)","background-image":"","background-repeat":"repeat","background-position":"center center","background-size":"auto","background-attachment":"scroll","background-type":"","background-media":"","overlay-type":"","overlay-color":"","overlay-gradient":""}}},"product_brand":[],"product_cat":[36,31],"product_tag":[],"class_list":{"0":"post-965","1":"product","2":"type-product","3":"status-publish","4":"has-post-thumbnail","6":"product_cat-gydomosios-priemones","7":"product_cat-sampunai","8":"desktop-align-left","9":"tablet-align-left","10":"mobile-align-left","12":"first","13":"outofstock","14":"shipping-taxable","15":"purchasable","16":"product-type-simple"},"_links":{"self":[{"href":"https:\/\/sdstylegroziosalonas.lt\/index.php\/wp-json\/wp\/v2\/product\/965","targetHints":{"allow":["GET"]}}],"collection":[{"href":"https:\/\/sdstylegroziosalonas.lt\/index.php\/wp-json\/wp\/v2\/product"}],"about":[{"href":"https:\/\/sdstylegroziosalonas.lt\/index.php\/wp-json\/wp\/v2\/types\/product"}],"replies":[{"embeddable":true,"href":"https:\/\/sdstylegroziosalonas.lt\/index.php\/wp-json\/wp\/v2\/comments?post=965"}],"wp:featuredmedia":[{"embeddable":true,"href":"https:\/\/sdstylegroziosalonas.lt\/index.php\/wp-json\/wp\/v2\/media\/966"}],"wp:attachment":[{"href":"https:\/\/sdstylegroziosalonas.lt\/index.php\/wp-json\/wp\/v2\/media?parent=965"}],"wp:term":[{"taxonomy":"product_brand","embeddable":true,"href":"https:\/\/sdstylegroziosalonas.lt\/index.php\/wp-json\/wp\/v2\/product_brand?post=965"},{"taxonomy":"product_cat","embeddable":true,"href":"https:\/\/sdstylegroziosalonas.lt\/index.php\/wp-json\/wp\/v2\/product_cat?post=965"},{"taxonomy":"product_tag","embeddable":true,"href":"https:\/\/sdstylegroziosalonas.lt\/index.php\/wp-json\/wp\/v2\/product_tag?post=965"}],"curies":[{"name":"wp","href":"https:\/\/api.w.org\/{rel}","templated":true}]}}