{"id":967,"date":"2021-01-21T13:06:13","date_gmt":"2021-01-21T13:06:13","guid":{"rendered":"https:\/\/sdstylegroziosalonas.lt\/?post_type=product&#038;p=967"},"modified":"2025-11-19T20:44:21","modified_gmt":"2025-11-19T20:44:21","slug":"maraes-sleek-empowering-shampoo-glotninantis-sampunas-su-monoi-de-tahiti-ir-moringos-aliejais-tiesiems-plaukams-300-ml","status":"publish","type":"product","link":"https:\/\/sdstylegroziosalonas.lt\/index.php\/product\/maraes-sleek-empowering-shampoo-glotninantis-sampunas-su-monoi-de-tahiti-ir-moringos-aliejais-tiesiems-plaukams-300-ml\/","title":{"rendered":"MARAES SLEEK EMPOWERING SHAMPOO &#8211; glotninantis \u0161amp\u016bnas su Monoi de Tahiti ir Moringos aliejais tiesiems plaukams, 300 ml"},"content":{"rendered":"<p>Profesionalus atstatomasis glotninantis \u0161amp\u016bnas tiesiems (silpniems ir pa\u017eeistiems) plaukams su sertifikuotu nat\u016braliu ir ekologi\u0161ku Monoi de Tahiti ir itin vertingu Moringos aliejais, sm\u0117lin\u0117s avi\u017eos ekstraktu.<\/p>\n<p>\u0160velniai valo, dr\u0117kina ir stiprina, o aliejai nuostabiai maitina plaukus, tobulai u\u017edarydamas plauko kutikules suteikia jam ne\u012ftik\u0117tino blizgesio, lankstumo, glotnumo, i\u0161ry\u0161kina ir saugo spalv\u0105, r\u016bpinasi skilin\u0117ti linkusiais plauk\u0173 galiukais.<\/p>\n<p>Tinka kasdieniam, bet prabangiam tiesi\u0173 plauk\u0173 trinkimui ir puosel\u0117jimui. Puikiai tinka naudoti po keratininio plauk\u0173 atstatymo proced\u016bros.<\/p>\n<p>Be paraben\u0173, be sulfat\u0173, be mineralini\u0173 aliej\u0173 (pvz., parafino), be gliuten\u0173.<\/p>\n<p>Unikali moderni formul\u0117, papildyta seniausi\u0173 gamtos dovan\u0173&#8230; Eleganti\u0161ka pakuot\u0117.<\/p>\n<p>NAUDOJIMAS: dr\u0117gnus plaukus \u0161velniai masa\u017euojamaisiais judesiais i\u0161trinkti \u0161amp\u016bnu, kruop\u0161\u010diai perskalauti, o jei reikia &#8211; plovim\u0105 dar kart\u0105 pakartoti.<\/p>\n<p>Po to rekomenduojama naudoti tos pa\u010dios linijos MARAES SLEEK EMPOWERING SPRAY &#8211; nenuplaunam\u0105 pur\u0161kiam\u0105 kondicionieri\u0173 tiesiems plaukams bei MARAES OLIUM &#8211; ypatingos sud\u0117ties plauk\u0173 aliej\u0173<\/p>\n<p>&nbsp;<\/p>\n<p><em>T\u016bris &#8211; 300 ml<\/em><\/p>\n","protected":false},"excerpt":{"rendered":"<p>Profesionalus atstatomasis glotninantis \u0161amp\u016bnas tiesiems (silpniems ir pa\u017eeistiems) plaukams su sertifikuotu nat\u016braliu ir ekologi\u0161ku Monoi de Tahiti ir itin vertingu Moringos aliejais, sm\u0117lin\u0117s avi\u017eos ekstraktu. \u0160velniai valo, dr\u0117kina ir stiprina, o aliejai nuostabiai maitina plaukus, tobulai u\u017edarydamas plauko kutikules suteikia jam ne\u012ftik\u0117tino blizgesio, lankstumo, glotnumo, i\u0161ry\u0161kina ir saugo spalv\u0105, r\u016bpinasi skilin\u0117ti linkusiais plauk\u0173 galiukais. Tinka [&hellip;]<\/p>\n","protected":false},"featured_media":968,"comment_status":"open","ping_status":"closed","template":"","meta":{"site-sidebar-layout":"default","site-content-layout":"","ast-site-content-layout":"","site-content-style":"default","site-sidebar-style":"default","ast-global-header-display":"","ast-banner-title-visibility":"","ast-main-header-display":"","ast-hfb-above-header-display":"","ast-hfb-below-header-display":"","ast-hfb-mobile-header-display":"","site-post-title":"","ast-breadcrumbs-content":"","ast-featured-img":"","footer-sml-layout":"","theme-transparent-header-meta":"","adv-header-id-meta":"","stick-header-meta":"","header-above-stick-meta":"","header-main-stick-meta":"","header-below-stick-meta":"","astra-migrate-meta-layouts":"default","ast-page-background-enabled":"default","ast-page-background-meta":{"desktop":{"background-color":"var(--ast-global-color-4)","background-image":"","background-repeat":"repeat","background-position":"center center","background-size":"auto","background-attachment":"scroll","background-type":"","background-media":"","overlay-type":"","overlay-color":"","overlay-gradient":""},"tablet":{"background-color":"","background-image":"","background-repeat":"repeat","background-position":"center center","background-size":"auto","background-attachment":"scroll","background-type":"","background-media":"","overlay-type":"","overlay-color":"","overlay-gradient":""},"mobile":{"background-color":"","background-image":"","background-repeat":"repeat","background-position":"center center","background-size":"auto","background-attachment":"scroll","background-type":"","background-media":"","overlay-type":"","overlay-color":"","overlay-gradient":""}},"ast-content-background-meta":{"desktop":{"background-color":"var(--ast-global-color-5)","background-image":"","background-repeat":"repeat","background-position":"center center","background-size":"auto","background-attachment":"scroll","background-type":"","background-media":"","overlay-type":"","overlay-color":"","overlay-gradient":""},"tablet":{"background-color":"var(--ast-global-color-5)","background-image":"","background-repeat":"repeat","background-position":"center center","background-size":"auto","background-attachment":"scroll","background-type":"","background-media":"","overlay-type":"","overlay-color":"","overlay-gradient":""},"mobile":{"background-color":"var(--ast-global-color-5)","background-image":"","background-repeat":"repeat","background-position":"center center","background-size":"auto","background-attachment":"scroll","background-type":"","background-media":"","overlay-type":"","overlay-color":"","overlay-gradient":""}}},"product_brand":[],"product_cat":[36,31],"product_tag":[],"class_list":{"0":"post-967","1":"product","2":"type-product","3":"status-publish","4":"has-post-thumbnail","6":"product_cat-gydomosios-priemones","7":"product_cat-sampunai","8":"desktop-align-left","9":"tablet-align-left","10":"mobile-align-left","12":"first","13":"outofstock","14":"shipping-taxable","15":"purchasable","16":"product-type-simple"},"_links":{"self":[{"href":"https:\/\/sdstylegroziosalonas.lt\/index.php\/wp-json\/wp\/v2\/product\/967","targetHints":{"allow":["GET"]}}],"collection":[{"href":"https:\/\/sdstylegroziosalonas.lt\/index.php\/wp-json\/wp\/v2\/product"}],"about":[{"href":"https:\/\/sdstylegroziosalonas.lt\/index.php\/wp-json\/wp\/v2\/types\/product"}],"replies":[{"embeddable":true,"href":"https:\/\/sdstylegroziosalonas.lt\/index.php\/wp-json\/wp\/v2\/comments?post=967"}],"wp:featuredmedia":[{"embeddable":true,"href":"https:\/\/sdstylegroziosalonas.lt\/index.php\/wp-json\/wp\/v2\/media\/968"}],"wp:attachment":[{"href":"https:\/\/sdstylegroziosalonas.lt\/index.php\/wp-json\/wp\/v2\/media?parent=967"}],"wp:term":[{"taxonomy":"product_brand","embeddable":true,"href":"https:\/\/sdstylegroziosalonas.lt\/index.php\/wp-json\/wp\/v2\/product_brand?post=967"},{"taxonomy":"product_cat","embeddable":true,"href":"https:\/\/sdstylegroziosalonas.lt\/index.php\/wp-json\/wp\/v2\/product_cat?post=967"},{"taxonomy":"product_tag","embeddable":true,"href":"https:\/\/sdstylegroziosalonas.lt\/index.php\/wp-json\/wp\/v2\/product_tag?post=967"}],"curies":[{"name":"wp","href":"https:\/\/api.w.org\/{rel}","templated":true}]}}