{"id":971,"date":"2021-01-21T13:10:57","date_gmt":"2021-01-21T13:10:57","guid":{"rendered":"https:\/\/sdstylegroziosalonas.lt\/?post_type=product&#038;p=971"},"modified":"2025-11-19T20:44:16","modified_gmt":"2025-11-19T20:44:16","slug":"maraes-color-maitinantis-ir-tausojantis-spalva-sampunas-su-monoi-de-tahiti-aliejumi-sausiems-plaukams-300-ml","status":"publish","type":"product","link":"https:\/\/sdstylegroziosalonas.lt\/index.php\/product\/maraes-color-maitinantis-ir-tausojantis-spalva-sampunas-su-monoi-de-tahiti-aliejumi-sausiems-plaukams-300-ml\/","title":{"rendered":"MARAES COLOR maitinantis ir tausojantis spalv\u0105 \u0161amp\u016bnas su Monoi de Tahiti aliejumi sausiems plaukams, 300 ml"},"content":{"rendered":"<p><strong>MARAES COLOR NOURISHING linija: \u0161amp\u016bnas\/kauk\u0117 sausiems, da\u017eytiems, chemi\u0161kai paveiktiems plaukams &#8211; maitinantys ir tausojantys spalv\u0105 (be sulfat\u0173\/ paraben\u0173\/ gliuteno\/ SLS\/ silikon\u0173\/ mineralini\u0173 aliej\u0173), su Monoi de Tahiti (Tai\u010dio gardenijos) sertifikuotu ekologi\u0161ku aliejumi i\u0161 Polinezijos<\/strong><\/p>\n<p>&nbsp;<\/p>\n<p><strong>\u0160AMP\u016aNAS (SHAMPOO).<\/strong>\u00a0Naujos kartos koncentruotas profesionalus \u0161amp\u016bnas \u0161velniai valo galvos od\u0105, r\u016bpinasi plaukais. Sud\u0117tyje esantis keratinas efektingai stiprina plauko strukt\u016br\u0105, o Tai\u010dio gardenijos aliejus maitina plaukus bei suteikia intensyvaus blizgesio, elastingumo. Puikiai tinka da\u017eytiems, balintiems ar tiesintiems plaukams po keratino proced\u016br\u0173. Profesionali formul\u0117 u\u017etikrina ypatingai intensyvi\u0105 da\u017eyt\u0173 plauk\u0173 spalv\u0105 ir saugo j\u0105 nuo laisv\u0173j\u0173 radikal\u0173 bei kenksmingo aplinkos poveikio, nuo i\u0161blukimo. Tinka kasdieninei, ta\u010diau prabangiai plauk\u0173 prie\u017ei\u016brai.<\/p>\n<p><strong>KAUK\u0116 (MASK).<\/strong>\u00a0Itin vertingos sud\u0117ties koncentruota MARAES plauk\u0173 kauk\u0117 pasi\u017eymi itin stipriomis atstatomosiomis savyb\u0117mis. R\u016bg\u0161tus jos pH leid\u017eia j\u0105 naudoti dvejopu b\u016bdu: kaip kondicionieri\u0173, u\u017edarant\u012f plauko \u017evynelius (tepant nuo pus\u0117s plauko ilgio ir palaikant 1-2 min, paskui nuplaunant) arba kaip verting\u0105 maitinan\u010di\u0105 kauk\u0119. Sud\u0117tyje esantis keratinas ypatingai stiprina plauko strukt\u016br\u0105, o Tai\u010dio gardenijos aliejus giliai maitina plaukus, glotnina plauko pavir\u0161i\u0173, palengvina i\u0161\u0161ukavim\u0105 bei suteikia intensyvaus, ilgai i\u0161liekan\u010dio blizgesio. Ypatingai tinka i\u0161saus\u0117jusiems, \u0161iurk\u0161tiems ir da\u017eytiems plaukams, taip pat plaukams po ilgalaikio tiesinimo keratinu, nualintiems \u012fvairi\u0173 su\u0161ukavim\u0173 ar kar\u0161t\u0173 instrument\u0173 naudojimo.<\/p>\n<p><strong>NAUDOJIMO B\u016aDAS:<\/strong>\u00a0Dr\u0117gnus plaukus \u0161velniai i\u0161trinkite MARAES \u0161amp\u016bnu, palikite veikti 1-2 minutes ir tuomet kruop\u0161\u010diai nuskalaukite. Paskui, dr\u0117gnus, \u0161variai i\u0161trinktus \u0161amp\u016bnu plaukus tolygiai i\u0161tepkite MARAES kauke, po 5-10 min. (max po 20 min.) kruop\u0161\u010diai nuskalaukite vandeniu. Toliau d\u017eiovinkite ir modeliuokite kaip \u012fprasta. Plauk\u0173 puosel\u0117jimo proced\u016br\u0105 tobulai u\u017ebaigs i\u0161skirtinio efekto MARAES Doppio Elixir &#8211; dviej\u0173 fazi\u0173 plaukus atstatantis eliksyras kapsul\u0117se &#8211; j\u012f rekomenduojama naudoti 1 kart\u0105 per savait\u0119 (\u012esigyjamas atskirai.)<\/p>\n","protected":false},"excerpt":{"rendered":"<p>MARAES COLOR NOURISHING linija: \u0161amp\u016bnas\/kauk\u0117 sausiems, da\u017eytiems, chemi\u0161kai paveiktiems plaukams &#8211; maitinantys ir tausojantys spalv\u0105 (be sulfat\u0173\/ paraben\u0173\/ gliuteno\/ SLS\/ silikon\u0173\/ mineralini\u0173 aliej\u0173), su Monoi de Tahiti (Tai\u010dio gardenijos) sertifikuotu ekologi\u0161ku aliejumi i\u0161 Polinezijos &nbsp; \u0160AMP\u016aNAS (SHAMPOO).\u00a0Naujos kartos koncentruotas profesionalus \u0161amp\u016bnas \u0161velniai valo galvos od\u0105, r\u016bpinasi plaukais. Sud\u0117tyje esantis keratinas efektingai stiprina plauko strukt\u016br\u0105, o [&hellip;]<\/p>\n","protected":false},"featured_media":972,"comment_status":"open","ping_status":"closed","template":"","meta":{"site-sidebar-layout":"default","site-content-layout":"","ast-site-content-layout":"","site-content-style":"default","site-sidebar-style":"default","ast-global-header-display":"","ast-banner-title-visibility":"","ast-main-header-display":"","ast-hfb-above-header-display":"","ast-hfb-below-header-display":"","ast-hfb-mobile-header-display":"","site-post-title":"","ast-breadcrumbs-content":"","ast-featured-img":"","footer-sml-layout":"","theme-transparent-header-meta":"","adv-header-id-meta":"","stick-header-meta":"","header-above-stick-meta":"","header-main-stick-meta":"","header-below-stick-meta":"","astra-migrate-meta-layouts":"default","ast-page-background-enabled":"default","ast-page-background-meta":{"desktop":{"background-color":"var(--ast-global-color-4)","background-image":"","background-repeat":"repeat","background-position":"center center","background-size":"auto","background-attachment":"scroll","background-type":"","background-media":"","overlay-type":"","overlay-color":"","overlay-gradient":""},"tablet":{"background-color":"","background-image":"","background-repeat":"repeat","background-position":"center center","background-size":"auto","background-attachment":"scroll","background-type":"","background-media":"","overlay-type":"","overlay-color":"","overlay-gradient":""},"mobile":{"background-color":"","background-image":"","background-repeat":"repeat","background-position":"center center","background-size":"auto","background-attachment":"scroll","background-type":"","background-media":"","overlay-type":"","overlay-color":"","overlay-gradient":""}},"ast-content-background-meta":{"desktop":{"background-color":"var(--ast-global-color-5)","background-image":"","background-repeat":"repeat","background-position":"center center","background-size":"auto","background-attachment":"scroll","background-type":"","background-media":"","overlay-type":"","overlay-color":"","overlay-gradient":""},"tablet":{"background-color":"var(--ast-global-color-5)","background-image":"","background-repeat":"repeat","background-position":"center center","background-size":"auto","background-attachment":"scroll","background-type":"","background-media":"","overlay-type":"","overlay-color":"","overlay-gradient":""},"mobile":{"background-color":"var(--ast-global-color-5)","background-image":"","background-repeat":"repeat","background-position":"center center","background-size":"auto","background-attachment":"scroll","background-type":"","background-media":"","overlay-type":"","overlay-color":"","overlay-gradient":""}}},"product_brand":[],"product_cat":[36,31],"product_tag":[],"class_list":{"0":"post-971","1":"product","2":"type-product","3":"status-publish","4":"has-post-thumbnail","6":"product_cat-gydomosios-priemones","7":"product_cat-sampunai","8":"desktop-align-left","9":"tablet-align-left","10":"mobile-align-left","12":"first","13":"outofstock","14":"shipping-taxable","15":"purchasable","16":"product-type-simple"},"_links":{"self":[{"href":"https:\/\/sdstylegroziosalonas.lt\/index.php\/wp-json\/wp\/v2\/product\/971","targetHints":{"allow":["GET"]}}],"collection":[{"href":"https:\/\/sdstylegroziosalonas.lt\/index.php\/wp-json\/wp\/v2\/product"}],"about":[{"href":"https:\/\/sdstylegroziosalonas.lt\/index.php\/wp-json\/wp\/v2\/types\/product"}],"replies":[{"embeddable":true,"href":"https:\/\/sdstylegroziosalonas.lt\/index.php\/wp-json\/wp\/v2\/comments?post=971"}],"wp:featuredmedia":[{"embeddable":true,"href":"https:\/\/sdstylegroziosalonas.lt\/index.php\/wp-json\/wp\/v2\/media\/972"}],"wp:attachment":[{"href":"https:\/\/sdstylegroziosalonas.lt\/index.php\/wp-json\/wp\/v2\/media?parent=971"}],"wp:term":[{"taxonomy":"product_brand","embeddable":true,"href":"https:\/\/sdstylegroziosalonas.lt\/index.php\/wp-json\/wp\/v2\/product_brand?post=971"},{"taxonomy":"product_cat","embeddable":true,"href":"https:\/\/sdstylegroziosalonas.lt\/index.php\/wp-json\/wp\/v2\/product_cat?post=971"},{"taxonomy":"product_tag","embeddable":true,"href":"https:\/\/sdstylegroziosalonas.lt\/index.php\/wp-json\/wp\/v2\/product_tag?post=971"}],"curies":[{"name":"wp","href":"https:\/\/api.w.org\/{rel}","templated":true}]}}